{"id":19878,"date":"2025-07-03T15:59:29","date_gmt":"2025-07-03T11:59:29","guid":{"rendered":"https:\/\/setap.az\/?post_type=product&#038;p=19878"},"modified":"2025-07-03T15:59:29","modified_gmt":"2025-07-03T11:59:29","slug":"sata-kabel-2","status":"publish","type":"product","link":"https:\/\/setap.az\/?product=sata-kabel-2","title":{"rendered":"SATA Kabel"},"content":{"rendered":"<p>SATA Kabel \u2013 sabit v\u0259 s\u00fcr\u0259tli m\u0259lumat \u00f6t\u00fcr\u00fclm\u0259si!<br \/>\nSSD, HDD v\u0259 optik diskl\u0259rin ana plataya qo\u015fulmas\u0131 \u00fc\u00e7\u00fcn ideal se\u00e7im. Y\u00fcks\u0259k s\u00fcr\u0259tli v\u0259 itkisiz \u00f6t\u00fcrm\u0259 imkanlar\u0131 il\u0259 komp\u00fcterinizd\u0259 maksimum performans \u0259ld\u0259 edin!<\/p>\n","protected":false},"excerpt":{"rendered":"<p>SATA Kabel \u2013 sabit v\u0259 s\u00fcr\u0259tli m\u0259lumat \u00f6t\u00fcr\u00fclm\u0259si! SSD, HDD v\u0259 optik diskl\u0259rin ana plataya qo\u015fulmas\u0131 \u00fc\u00e7\u00fcn ideal se\u00e7im. Y\u00fcks\u0259k s\u00fcr\u0259tli v\u0259 itkisiz \u00f6t\u00fcrm\u0259 imkanlar\u0131 il\u0259 komp\u00fcterinizd\u0259 maksimum performans \u0259ld\u0259 edin!<\/p>\n","protected":false},"featured_media":19879,"comment_status":"open","ping_status":"closed","template":"","meta":[],"product_cat":[2814],"product_tag":[4373,3451,4374,4362,4365,4376,4363,4372,4375,4370,4358,4371],"class_list":{"0":"post-19878","1":"product","2":"type-product","3":"status-publish","4":"has-post-thumbnail","6":"product_cat-sata-kabellri","7":"product_tag-anaplatakabeli","8":"product_tag-datakabel","9":"product_tag-diskqosulmasi","10":"product_tag-hddqosulma","11":"product_tag-komputeraksesuari","12":"product_tag-komputeryigim","13":"product_tag-mlumatoturm","14":"product_tag-sata3","15":"product_tag-sataconnection","16":"product_tag-satadata","17":"product_tag-satakabel","18":"product_tag-ssdkabel","19":"description-off","21":"first","22":"instock","23":"shipping-taxable","24":"purchasable","25":"product-type-simple"},"_links":{"self":[{"href":"https:\/\/setap.az\/index.php?rest_route=\/wp\/v2\/product\/19878","targetHints":{"allow":["GET"]}}],"collection":[{"href":"https:\/\/setap.az\/index.php?rest_route=\/wp\/v2\/product"}],"about":[{"href":"https:\/\/setap.az\/index.php?rest_route=\/wp\/v2\/types\/product"}],"replies":[{"embeddable":true,"href":"https:\/\/setap.az\/index.php?rest_route=%2Fwp%2Fv2%2Fcomments&post=19878"}],"wp:featuredmedia":[{"embeddable":true,"href":"https:\/\/setap.az\/index.php?rest_route=\/wp\/v2\/media\/19879"}],"wp:attachment":[{"href":"https:\/\/setap.az\/index.php?rest_route=%2Fwp%2Fv2%2Fmedia&parent=19878"}],"wp:term":[{"taxonomy":"product_cat","embeddable":true,"href":"https:\/\/setap.az\/index.php?rest_route=%2Fwp%2Fv2%2Fproduct_cat&post=19878"},{"taxonomy":"product_tag","embeddable":true,"href":"https:\/\/setap.az\/index.php?rest_route=%2Fwp%2Fv2%2Fproduct_tag&post=19878"}],"curies":[{"name":"wp","href":"https:\/\/api.w.org\/{rel}","templated":true}]}}