{"id":19884,"date":"2025-07-04T11:34:03","date_gmt":"2025-07-04T07:34:03","guid":{"rendered":"https:\/\/setap.az\/?post_type=product&#038;p=19884"},"modified":"2025-07-04T11:34:04","modified_gmt":"2025-07-04T07:34:04","slug":"antenna-kabel-tp-link-tl-ant24ec12n-12metr","status":"publish","type":"product","link":"https:\/\/setap.az\/?product=antenna-kabel-tp-link-tl-ant24ec12n-12metr","title":{"rendered":"Antenna kabel Tp-Link TL-ANT24EC12N 12metr"},"content":{"rendered":"<p>TP-Link Uzatma Anten Kabeli \u2013 siqnal\u0131 g\u00fccl\u0259ndir, m\u0259saf\u0259ni art\u0131r!<br \/>\n12 metrlik KMS-400 (LMR-400) kabel say\u0259sind\u0259 antenan\u0131 ideal m\u00f6vqey\u0259 yerl\u0259\u015fdir v\u0259 Wi-Fi siqnal g\u00fcc\u00fcn\u00fc maksimuma \u00e7atd\u0131r. A\u015fa\u011f\u0131 itki, y\u00fcks\u0259k elastiklik v\u0259 h\u0259r hava \u015f\u0259raitin\u0259 davaml\u0131 \u2013 pe\u015f\u0259kar ba\u011flant\u0131 \u00fc\u00e7\u00fcn m\u00fck\u0259mm\u0259l se\u00e7im!<\/p>\n","protected":false},"excerpt":{"rendered":"<p>TP-Link Uzatma Anten Kabeli \u2013 siqnal\u0131 g\u00fccl\u0259ndir, m\u0259saf\u0259ni art\u0131r! 12 metrlik KMS-400 (LMR-400) kabel say\u0259sind\u0259 antenan\u0131 ideal m\u00f6vqey\u0259 yerl\u0259\u015fdir v\u0259 Wi-Fi siqnal g\u00fcc\u00fcn\u00fc maksimuma \u00e7atd\u0131r. A\u015fa\u011f\u0131 itki, y\u00fcks\u0259k elastiklik v\u0259 h\u0259r hava \u015f\u0259raitin\u0259 davaml\u0131 \u2013 pe\u015f\u0259kar ba\u011flant\u0131 \u00fc\u00e7\u00fcn m\u00fck\u0259mm\u0259l se\u00e7im!<\/p>\n","protected":false},"featured_media":19885,"comment_status":"open","ping_status":"closed","template":"","meta":[],"product_cat":[2815],"product_tag":[4390,4394,4392,4393,3820,4395,4386,4391,4397,4389,4396],"class_list":{"0":"post-19884","1":"product","2":"type-product","3":"status-publish","4":"has-post-thumbnail","6":"product_cat-siqnal-kabellri","7":"product_tag-antennakabeli","8":"product_tag-antenuzatma","9":"product_tag-kms400","10":"product_tag-lmr400","11":"product_tag-outdoorwifi","12":"product_tag-siqnalguclndirici","13":"product_tag-siqnalkabeli","14":"product_tag-tplinkkabel","15":"product_tag-uzatmakabeli","16":"product_tag-wifikabeli","17":"product_tag-wirelessqosulma","18":"description-off","20":"first","21":"instock","22":"shipping-taxable","23":"purchasable","24":"product-type-simple"},"_links":{"self":[{"href":"https:\/\/setap.az\/index.php?rest_route=\/wp\/v2\/product\/19884","targetHints":{"allow":["GET"]}}],"collection":[{"href":"https:\/\/setap.az\/index.php?rest_route=\/wp\/v2\/product"}],"about":[{"href":"https:\/\/setap.az\/index.php?rest_route=\/wp\/v2\/types\/product"}],"replies":[{"embeddable":true,"href":"https:\/\/setap.az\/index.php?rest_route=%2Fwp%2Fv2%2Fcomments&post=19884"}],"wp:featuredmedia":[{"embeddable":true,"href":"https:\/\/setap.az\/index.php?rest_route=\/wp\/v2\/media\/19885"}],"wp:attachment":[{"href":"https:\/\/setap.az\/index.php?rest_route=%2Fwp%2Fv2%2Fmedia&parent=19884"}],"wp:term":[{"taxonomy":"product_cat","embeddable":true,"href":"https:\/\/setap.az\/index.php?rest_route=%2Fwp%2Fv2%2Fproduct_cat&post=19884"},{"taxonomy":"product_tag","embeddable":true,"href":"https:\/\/setap.az\/index.php?rest_route=%2Fwp%2Fv2%2Fproduct_tag&post=19884"}],"curies":[{"name":"wp","href":"https:\/\/api.w.org\/{rel}","templated":true}]}}