{"id":19889,"date":"2025-07-04T12:11:42","date_gmt":"2025-07-04T08:11:42","guid":{"rendered":"https:\/\/setap.az\/?post_type=product&#038;p=19889"},"modified":"2025-07-04T12:11:44","modified_gmt":"2025-07-04T08:11:44","slug":"antenna-kabeli-tp-link-tl-ant24ec6n-6metr","status":"publish","type":"product","link":"https:\/\/setap.az\/?product=antenna-kabeli-tp-link-tl-ant24ec6n-6metr","title":{"rendered":"Antenna kabeli Tp-Link TL-ANT24EC6N 6metr"},"content":{"rendered":"<p> 6M KMS-400 Anten Kabeli \u2013 Siqnal\u0131n G\u00fcc\u00fcn\u00fc \u0130kiqat Et!<br \/>\nLMR-400 sinifli a\u015fa\u011f\u0131 itkiy\u0259 malik kabel say\u0259sind\u0259 Wi-Fi antenan\u0131 \u0259n uy\u011fun m\u00f6vqey\u0259 yerl\u0259\u015fdir v\u0259 maksimum siqnal g\u00fcc\u00fc \u0259ld\u0259 et. N-type konnektor uy\u011funlu\u011fu v\u0259 hava \u015f\u0259raitin\u0259 davaml\u0131l\u0131q \u2013 h\u0259m ev, h\u0259m d\u0259 a\u00e7\u0131q sah\u0259l\u0259r \u00fc\u00e7\u00fcn ideal se\u00e7im!<\/p>\n","protected":false},"excerpt":{"rendered":"<p>6M KMS-400 Anten Kabeli \u2013 Siqnal\u0131n G\u00fcc\u00fcn\u00fc \u0130kiqat Et! LMR-400 sinifli a\u015fa\u011f\u0131 itkiy\u0259 malik kabel say\u0259sind\u0259 Wi-Fi antenan\u0131 \u0259n uy\u011fun m\u00f6vqey\u0259 yerl\u0259\u015fdir v\u0259 maksimum siqnal g\u00fcc\u00fc \u0259ld\u0259 et. N-type konnektor uy\u011funlu\u011fu v\u0259 hava \u015f\u0259raitin\u0259 davaml\u0131l\u0131q \u2013 h\u0259m ev, h\u0259m d\u0259 a\u00e7\u0131q sah\u0259l\u0259r \u00fc\u00e7\u00fcn ideal se\u00e7im!<\/p>\n","protected":false},"featured_media":19888,"comment_status":"open","ping_status":"closed","template":"","meta":[],"product_cat":[2815],"product_tag":[4407,4390,4404,4392,4393,4406,3820,4395,4386,3830,4396],"class_list":{"0":"post-19889","1":"product","2":"type-product","3":"status-publish","4":"has-post-thumbnail","6":"product_cat-siqnal-kabellri","7":"product_tag-6mkabel","8":"product_tag-antennakabeli","9":"product_tag-asagiitkilikabel","10":"product_tag-kms400","11":"product_tag-lmr400","12":"product_tag-ntipkonnektor","13":"product_tag-outdoorwifi","14":"product_tag-siqnalguclndirici","15":"product_tag-siqnalkabeli","16":"product_tag-wifiuzatma","17":"product_tag-wirelessqosulma","18":"description-off","20":"first","21":"instock","22":"shipping-taxable","23":"purchasable","24":"product-type-simple"},"_links":{"self":[{"href":"https:\/\/setap.az\/index.php?rest_route=\/wp\/v2\/product\/19889","targetHints":{"allow":["GET"]}}],"collection":[{"href":"https:\/\/setap.az\/index.php?rest_route=\/wp\/v2\/product"}],"about":[{"href":"https:\/\/setap.az\/index.php?rest_route=\/wp\/v2\/types\/product"}],"replies":[{"embeddable":true,"href":"https:\/\/setap.az\/index.php?rest_route=%2Fwp%2Fv2%2Fcomments&post=19889"}],"wp:featuredmedia":[{"embeddable":true,"href":"https:\/\/setap.az\/index.php?rest_route=\/wp\/v2\/media\/19888"}],"wp:attachment":[{"href":"https:\/\/setap.az\/index.php?rest_route=%2Fwp%2Fv2%2Fmedia&parent=19889"}],"wp:term":[{"taxonomy":"product_cat","embeddable":true,"href":"https:\/\/setap.az\/index.php?rest_route=%2Fwp%2Fv2%2Fproduct_cat&post=19889"},{"taxonomy":"product_tag","embeddable":true,"href":"https:\/\/setap.az\/index.php?rest_route=%2Fwp%2Fv2%2Fproduct_tag&post=19889"}],"curies":[{"name":"wp","href":"https:\/\/api.w.org\/{rel}","templated":true}]}}