{"id":19896,"date":"2025-07-04T15:54:38","date_gmt":"2025-07-04T11:54:38","guid":{"rendered":"https:\/\/setap.az\/?post_type=product&#038;p=19896"},"modified":"2025-07-04T15:54:38","modified_gmt":"2025-07-04T11:54:38","slug":"audio-kabel-3-5st-m-3-5st-f-3m","status":"publish","type":"product","link":"https:\/\/setap.az\/?product=audio-kabel-3-5st-m-3-5st-f-3m","title":{"rendered":"Audio kabel 3.5ST-M\/3.5ST-F 3M"},"content":{"rendered":"<p>Audio kabel 3.5ST-M\/3.5ST-F (3 metr)<br \/>\nBu 3 metrlik stereo uzatma kabeli 3.5 mm jack \u00e7\u0131x\u0131\u015fl\u0131 qulaql\u0131qlar\u0131, kolonka v\u0259 dig\u0259r audio cihazlar\u0131 daha uzaq m\u0259saf\u0259d\u0259n rahat \u015f\u0259kild\u0259 qo\u015fma\u011fa imkan verir. Ev, ofis v\u0259 studiya istifad\u0259si \u00fc\u00e7\u00fcn \u0259la se\u00e7im!<\/p>\n","protected":false},"excerpt":{"rendered":"<p>Audio kabel 3.5ST-M\/3.5ST-F (3 metr) Bu 3 metrlik stereo uzatma kabeli 3.5 mm jack \u00e7\u0131x\u0131\u015fl\u0131 qulaql\u0131qlar\u0131, kolonka v\u0259 dig\u0259r audio cihazlar\u0131 daha uzaq m\u0259saf\u0259d\u0259n rahat \u015f\u0259kild\u0259 qo\u015fma\u011fa imkan verir. Ev, ofis v\u0259 studiya istifad\u0259si \u00fc\u00e7\u00fcn \u0259la se\u00e7im!<\/p>\n","protected":false},"featured_media":19897,"comment_status":"open","ping_status":"closed","template":"","meta":[],"product_cat":[2809],"product_tag":[4432,4434,4435,4438,4424,4437,4436,4427,4433,4439],"class_list":{"0":"post-19896","1":"product","2":"type-product","3":"status-publish","4":"has-post-thumbnail","6":"product_cat-audio-kabellr","7":"product_tag-3_5mmjack","8":"product_tag-3_5st_m_3_5st_f","9":"product_tag-3muzunluq","10":"product_tag-audioaksessuar","11":"product_tag-audiokabel","12":"product_tag-auxuzatma","13":"product_tag-qulaqliquzatma","14":"product_tag-seskabeli","15":"product_tag-stereouzatmakabeli","16":"product_tag-uzatmakabel","17":"description-off","19":"first","20":"instock","21":"shipping-taxable","22":"purchasable","23":"product-type-simple"},"_links":{"self":[{"href":"https:\/\/setap.az\/index.php?rest_route=\/wp\/v2\/product\/19896","targetHints":{"allow":["GET"]}}],"collection":[{"href":"https:\/\/setap.az\/index.php?rest_route=\/wp\/v2\/product"}],"about":[{"href":"https:\/\/setap.az\/index.php?rest_route=\/wp\/v2\/types\/product"}],"replies":[{"embeddable":true,"href":"https:\/\/setap.az\/index.php?rest_route=%2Fwp%2Fv2%2Fcomments&post=19896"}],"wp:featuredmedia":[{"embeddable":true,"href":"https:\/\/setap.az\/index.php?rest_route=\/wp\/v2\/media\/19897"}],"wp:attachment":[{"href":"https:\/\/setap.az\/index.php?rest_route=%2Fwp%2Fv2%2Fmedia&parent=19896"}],"wp:term":[{"taxonomy":"product_cat","embeddable":true,"href":"https:\/\/setap.az\/index.php?rest_route=%2Fwp%2Fv2%2Fproduct_cat&post=19896"},{"taxonomy":"product_tag","embeddable":true,"href":"https:\/\/setap.az\/index.php?rest_route=%2Fwp%2Fv2%2Fproduct_tag&post=19896"}],"curies":[{"name":"wp","href":"https:\/\/api.w.org\/{rel}","templated":true}]}}