{"id":19898,"date":"2025-07-04T15:58:23","date_gmt":"2025-07-04T11:58:23","guid":{"rendered":"https:\/\/setap.az\/?post_type=product&#038;p=19898"},"modified":"2025-07-04T15:58:23","modified_gmt":"2025-07-04T11:58:23","slug":"audio-kabel-3xrca-m-3xrca-m-vcom-cv033-10","status":"publish","type":"product","link":"https:\/\/setap.az\/?product=audio-kabel-3xrca-m-3xrca-m-vcom-cv033-10","title":{"rendered":"Audio Kabel 3xRCA-M\/3xRCA-M VCOM CV033-10"},"content":{"rendered":"<p>VCOM CV033-10 \u2013 3xRCA il\u0259 audio v\u0259 video \u00f6t\u00fcr\u00fclm\u0259si bir arada!<br \/>\nBu 10 metrlik kabel y\u00fcks\u0259k keyfiyy\u0259tli s\u0259s v\u0259 g\u00f6r\u00fcnt\u00fc siqnallar\u0131n\u0131 eyni anda \u00f6t\u00fcrm\u0259k \u00fc\u00e7\u00fcn ideal se\u00e7imdir. DVD, televizor, g\u00fccl\u0259ndirici v\u0259 dig\u0259r AV cihazlar \u00fc\u00e7\u00fcn uy\u011fundur. <\/p>\n","protected":false},"excerpt":{"rendered":"<p>VCOM CV033-10 \u2013 3xRCA il\u0259 audio v\u0259 video \u00f6t\u00fcr\u00fclm\u0259si bir arada! Bu 10 metrlik kabel y\u00fcks\u0259k keyfiyy\u0259tli s\u0259s v\u0259 g\u00f6r\u00fcnt\u00fc siqnallar\u0131n\u0131 eyni anda \u00f6t\u00fcrm\u0259k \u00fc\u00e7\u00fcn ideal se\u00e7imdir. DVD, televizor, g\u00fccl\u0259ndirici v\u0259 dig\u0259r AV cihazlar \u00fc\u00e7\u00fcn uy\u011fundur.<\/p>\n","protected":false},"featured_media":19899,"comment_status":"open","ping_status":"closed","template":"","meta":[],"product_cat":[2809],"product_tag":[4443,4441,3621,4429,4446,4431,4442,4444,4440,4445],"class_list":{"0":"post-19898","1":"product","2":"type-product","3":"status-publish","4":"has-post-thumbnail","6":"product_cat-audio-kabellr","7":"product_tag-10mkabel","8":"product_tag-3xrcakabel","9":"product_tag-audiovideokabel","10":"product_tag-avkabel","11":"product_tag-multimediabaglanti","12":"product_tag-rcaconnection","13":"product_tag-rcatorca","14":"product_tag-sesvevideokabeli","15":"product_tag-vcomcv033","16":"product_tag-yukskkeyfiyytlikabel","17":"description-off","19":"first","20":"instock","21":"shipping-taxable","22":"purchasable","23":"product-type-simple"},"_links":{"self":[{"href":"https:\/\/setap.az\/index.php?rest_route=\/wp\/v2\/product\/19898","targetHints":{"allow":["GET"]}}],"collection":[{"href":"https:\/\/setap.az\/index.php?rest_route=\/wp\/v2\/product"}],"about":[{"href":"https:\/\/setap.az\/index.php?rest_route=\/wp\/v2\/types\/product"}],"replies":[{"embeddable":true,"href":"https:\/\/setap.az\/index.php?rest_route=%2Fwp%2Fv2%2Fcomments&post=19898"}],"wp:featuredmedia":[{"embeddable":true,"href":"https:\/\/setap.az\/index.php?rest_route=\/wp\/v2\/media\/19899"}],"wp:attachment":[{"href":"https:\/\/setap.az\/index.php?rest_route=%2Fwp%2Fv2%2Fmedia&parent=19898"}],"wp:term":[{"taxonomy":"product_cat","embeddable":true,"href":"https:\/\/setap.az\/index.php?rest_route=%2Fwp%2Fv2%2Fproduct_cat&post=19898"},{"taxonomy":"product_tag","embeddable":true,"href":"https:\/\/setap.az\/index.php?rest_route=%2Fwp%2Fv2%2Fproduct_tag&post=19898"}],"curies":[{"name":"wp","href":"https:\/\/api.w.org\/{rel}","templated":true}]}}