{"id":19901,"date":"2025-07-05T12:51:44","date_gmt":"2025-07-05T08:51:44","guid":{"rendered":"https:\/\/setap.az\/?post_type=product&#038;p=19901"},"modified":"2025-07-05T12:51:44","modified_gmt":"2025-07-05T08:51:44","slug":"duracell-lr6-mn1500-aa","status":"publish","type":"product","link":"https:\/\/setap.az\/?product=duracell-lr6-mn1500-aa","title":{"rendered":"Duracell LR6\/MN1500 AA"},"content":{"rendered":"<p>Duracell LR6\/MN1500 AA tipli alkalin batareyalar\u0131 g\u00fcnd\u0259lik istifad\u0259 \u00fc\u00e7\u00fcn y\u00fcks\u0259k keyfiyy\u0259tli v\u0259 etibarl\u0131 enerji m\u0259nb\u0259yidir. Uzun\u00f6m\u00fcrl\u00fc performans\u0131 il\u0259 tan\u0131nan bu batareyalar pultlar, si\u00e7an v\u0259 klaviaturalar, f\u0259n\u0259rl\u0259r, u\u015faq oyuncaqlar\u0131, divar saatlar\u0131 v\u0259 dig\u0259r elektron cihazlarda istifad\u0259y\u0259 tam uy\u011fundur.<\/p>\n<p>Duracell-in &#8220;Power Preserve\u2122&#8221; texnologiyas\u0131 batareyalar\u0131 istifad\u0259y\u0259 q\u0259d\u0259r enerjili saxlay\u0131r \u2013 h\u0259tta 10 il\u0259d\u0259k.<\/p>\n","protected":false},"excerpt":{"rendered":"<p>Duracell LR6\/MN1500 AA tipli alkalin batareyalar\u0131 g\u00fcnd\u0259lik istifad\u0259 \u00fc\u00e7\u00fcn y\u00fcks\u0259k keyfiyy\u0259tli v\u0259 etibarl\u0131 enerji m\u0259nb\u0259yidir. Uzun\u00f6m\u00fcrl\u00fc performans\u0131 il\u0259 tan\u0131nan bu batareyalar pultlar, si\u00e7an v\u0259 klaviaturalar, f\u0259n\u0259rl\u0259r, u\u015faq oyuncaqlar\u0131, divar saatlar\u0131 v\u0259 dig\u0259r elektron cihazlarda istifad\u0259y\u0259 tam uy\u011fundur. Duracell-in &#8220;Power Preserve\u2122&#8221; texnologiyas\u0131 batareyalar\u0131 istifad\u0259y\u0259 q\u0259d\u0259r enerjili saxlay\u0131r \u2013 h\u0259tta 10 il\u0259d\u0259k.<\/p>\n","protected":false},"featured_media":19902,"comment_status":"open","ping_status":"closed","template":"","meta":[],"product_cat":[2806],"product_tag":[4451,4452,4447,4448,4456,4454,4449,4450,4455,4453],"class_list":{"0":"post-19901","1":"product","2":"type-product","3":"status-publish","4":"has-post-thumbnail","6":"product_cat-batareyalar","7":"product_tag-aabatareya","8":"product_tag-alkalinbatareya","9":"product_tag-duracell","10":"product_tag-duracellaa","11":"product_tag-elektronikaucunenerji","12":"product_tag-etibarlibatareya","13":"product_tag-lr6","14":"product_tag-mn1500","15":"product_tag-pultbatareyasi","16":"product_tag-uzunomurluenerji","17":"description-off","19":"first","20":"instock","21":"shipping-taxable","22":"purchasable","23":"product-type-simple"},"_links":{"self":[{"href":"https:\/\/setap.az\/index.php?rest_route=\/wp\/v2\/product\/19901","targetHints":{"allow":["GET"]}}],"collection":[{"href":"https:\/\/setap.az\/index.php?rest_route=\/wp\/v2\/product"}],"about":[{"href":"https:\/\/setap.az\/index.php?rest_route=\/wp\/v2\/types\/product"}],"replies":[{"embeddable":true,"href":"https:\/\/setap.az\/index.php?rest_route=%2Fwp%2Fv2%2Fcomments&post=19901"}],"wp:featuredmedia":[{"embeddable":true,"href":"https:\/\/setap.az\/index.php?rest_route=\/wp\/v2\/media\/19902"}],"wp:attachment":[{"href":"https:\/\/setap.az\/index.php?rest_route=%2Fwp%2Fv2%2Fmedia&parent=19901"}],"wp:term":[{"taxonomy":"product_cat","embeddable":true,"href":"https:\/\/setap.az\/index.php?rest_route=%2Fwp%2Fv2%2Fproduct_cat&post=19901"},{"taxonomy":"product_tag","embeddable":true,"href":"https:\/\/setap.az\/index.php?rest_route=%2Fwp%2Fv2%2Fproduct_tag&post=19901"}],"curies":[{"name":"wp","href":"https:\/\/api.w.org\/{rel}","templated":true}]}}