{"id":19905,"date":"2025-07-05T13:16:03","date_gmt":"2025-07-05T09:16:03","guid":{"rendered":"https:\/\/setap.az\/?post_type=product&#038;p=19905"},"modified":"2025-07-05T13:16:05","modified_gmt":"2025-07-05T09:16:05","slug":"camelion-d-r20p-bp2b","status":"publish","type":"product","link":"https:\/\/setap.az\/?product=camelion-d-r20p-bp2b","title":{"rendered":"Camelion D R20P-BP2B"},"content":{"rendered":"<p>Model: R20P-BP2B<br \/>\n\u00d6l\u00e7\u00fc: D (LR20)<br \/>\nG\u0259rginlik: 1.5\u202fV<br \/>\nTexnologiya: Sink-karbon (Super Heavy Duty)<br \/>\nTutum: ~4000\u20135600 mAh (enerji s\u0259rfiyyat\u0131na g\u00f6r\u0259 d\u0259yi\u015fir)<br \/>\nPaket: 2 \u0259d\u0259d blister qabla\u015fd\u0131rma<br \/>\nM\u0259qs\u0259d: M\u00f6hk\u0259m v\u0259 etibarl\u0131 enerji m\u0259nb\u0259yi, lakin y\u00fcks\u0259k ax\u0131n t\u0259l\u0259b ed\u0259n cihazlar \u00fc\u00e7\u00fcn n\u0259z\u0259rd\u0259 tutulmay\u0131b<br \/>\n\u0130\u015fl\u0259m\u0259 temperaturu: \u201310\u00b0C-d\u0259n +50\u00b0C-\u0259 q\u0259d\u0259r<br \/>\nSaxlama m\u00fcdd\u0259ti: 3\u20135 il (\u015f\u0259raitd\u0259n as\u0131l\u0131 olaraq)<\/p>\n","protected":false},"excerpt":{"rendered":"<p>Model: R20P-BP2B \u00d6l\u00e7\u00fc: D (LR20) G\u0259rginlik: 1.5\u202fV Texnologiya: Sink-karbon (Super Heavy Duty) Tutum: ~4000\u20135600 mAh (enerji s\u0259rfiyyat\u0131na g\u00f6r\u0259 d\u0259yi\u015fir) Paket: 2 \u0259d\u0259d blister qabla\u015fd\u0131rma M\u0259qs\u0259d: M\u00f6hk\u0259m v\u0259 etibarl\u0131 enerji m\u0259nb\u0259yi, lakin y\u00fcks\u0259k ax\u0131n t\u0259l\u0259b ed\u0259n cihazlar \u00fc\u00e7\u00fcn n\u0259z\u0259rd\u0259 tutulmay\u0131b \u0130\u015fl\u0259m\u0259 temperaturu: \u201310\u00b0C-d\u0259n +50\u00b0C-\u0259 q\u0259d\u0259r Saxlama m\u00fcdd\u0259ti: 3\u20135 il (\u015f\u0259raitd\u0259n as\u0131l\u0131 olaraq)<\/p>\n","protected":false},"featured_media":19906,"comment_status":"open","ping_status":"closed","template":"","meta":[],"product_cat":[2806],"product_tag":[4467,4471,4464,4459,4470,4465,4466,4469,4468],"class_list":{"0":"post-19905","1":"product","2":"type-product","3":"status-publish","4":"has-post-thumbnail","6":"product_cat-batareyalar","7":"product_tag-1_5v","8":"product_tag-camelionbattery","9":"product_tag-cameliond","10":"product_tag-dbatareya","11":"product_tag-fnrbatareyasi","12":"product_tag-r20p","13":"product_tag-superheavyduty","14":"product_tag-usaqoyuncaqlari","15":"product_tag-zinkkarbon","16":"description-off","18":"first","19":"instock","20":"shipping-taxable","21":"purchasable","22":"product-type-simple"},"_links":{"self":[{"href":"https:\/\/setap.az\/index.php?rest_route=\/wp\/v2\/product\/19905","targetHints":{"allow":["GET"]}}],"collection":[{"href":"https:\/\/setap.az\/index.php?rest_route=\/wp\/v2\/product"}],"about":[{"href":"https:\/\/setap.az\/index.php?rest_route=\/wp\/v2\/types\/product"}],"replies":[{"embeddable":true,"href":"https:\/\/setap.az\/index.php?rest_route=%2Fwp%2Fv2%2Fcomments&post=19905"}],"wp:featuredmedia":[{"embeddable":true,"href":"https:\/\/setap.az\/index.php?rest_route=\/wp\/v2\/media\/19906"}],"wp:attachment":[{"href":"https:\/\/setap.az\/index.php?rest_route=%2Fwp%2Fv2%2Fmedia&parent=19905"}],"wp:term":[{"taxonomy":"product_cat","embeddable":true,"href":"https:\/\/setap.az\/index.php?rest_route=%2Fwp%2Fv2%2Fproduct_cat&post=19905"},{"taxonomy":"product_tag","embeddable":true,"href":"https:\/\/setap.az\/index.php?rest_route=%2Fwp%2Fv2%2Fproduct_tag&post=19905"}],"curies":[{"name":"wp","href":"https:\/\/api.w.org\/{rel}","templated":true}]}}