{"id":19907,"date":"2025-07-05T14:48:22","date_gmt":"2025-07-05T10:48:22","guid":{"rendered":"https:\/\/setap.az\/?post_type=product&#038;p=19907"},"modified":"2025-07-05T14:48:23","modified_gmt":"2025-07-05T10:48:23","slug":"lan-kabel-cat5e-utp-patch-cord-datalink","status":"publish","type":"product","link":"https:\/\/setap.az\/?product=lan-kabel-cat5e-utp-patch-cord-datalink","title":{"rendered":"LAN Kabel CAT5e UTP Patch-cord DATALINK"},"content":{"rendered":"<p>DATALINK CAT5e UTP Patch\u2011cord \u2014 komp\u00fcter, router, switch, IP kamera v\u0259 dig\u0259r \u015f\u0259b\u0259k\u0259 cihazlar\u0131n\u0131 birl\u0259\u015fdirm\u0259k \u00fc\u00e7\u00fcn ideal olan Cat5e standartl\u0131, ekranlanmam\u0131\u015f (UTP) Ethernet kabelidir. Gigabit s\u00fcr\u0259tin\u0259 q\u0259d\u0259r y\u00fcks\u0259k performans, etibarl\u0131 siqnal \u00f6t\u00fcrm\u0259si v\u0259 rahat istifad\u0259 \u00fc\u00e7\u00fcn n\u0259z\u0259rd\u0259 tutulub. Q\u0131sa m\u0259saf\u0259l\u0259rd\u0259 (1\u202fm, 2\u202fm v\u0259 s.) simsiz \u015f\u0259b\u0259k\u0259 \u00fc\u00e7\u00fcn m\u00f6hk\u0259m v\u0259 \u00e7evik \u0259laq\u0259 t\u0259min edir.<\/p>\n","protected":false},"excerpt":{"rendered":"<p>DATALINK CAT5e UTP Patch\u2011cord \u2014 komp\u00fcter, router, switch, IP kamera v\u0259 dig\u0259r \u015f\u0259b\u0259k\u0259 cihazlar\u0131n\u0131 birl\u0259\u015fdirm\u0259k \u00fc\u00e7\u00fcn ideal olan Cat5e standartl\u0131, ekranlanmam\u0131\u015f (UTP) Ethernet kabelidir. Gigabit s\u00fcr\u0259tin\u0259 q\u0259d\u0259r y\u00fcks\u0259k performans, etibarl\u0131 siqnal \u00f6t\u00fcrm\u0259si v\u0259 rahat istifad\u0259 \u00fc\u00e7\u00fcn n\u0259z\u0259rd\u0259 tutulub. Q\u0131sa m\u0259saf\u0259l\u0259rd\u0259 (1\u202fm, 2\u202fm v\u0259 s.) simsiz \u015f\u0259b\u0259k\u0259 \u00fc\u00e7\u00fcn m\u00f6hk\u0259m v\u0259 \u00e7evik \u0259laq\u0259 t\u0259min edir.<\/p>\n","protected":false},"featured_media":19908,"comment_status":"open","ping_status":"closed","template":"","meta":[],"product_cat":[2812],"product_tag":[4351,4472,4473,3448,3449,4350,3450,4353,3452,4352],"class_list":{"0":"post-19907","1":"product","2":"type-product","3":"status-publish","4":"has-post-thumbnail","6":"product_cat-lan-kabellr","7":"product_tag-cat5e","8":"product_tag-datalink","9":"product_tag-ethernetcable","10":"product_tag-gigabitethernet","11":"product_tag-lankabel","12":"product_tag-patchcord","13":"product_tag-rj45","14":"product_tag-sbkkabeli","15":"product_tag-utp","16":"product_tag-utpkabel","17":"description-off","19":"first","20":"instock","21":"shipping-taxable","22":"purchasable","23":"product-type-simple"},"_links":{"self":[{"href":"https:\/\/setap.az\/index.php?rest_route=\/wp\/v2\/product\/19907","targetHints":{"allow":["GET"]}}],"collection":[{"href":"https:\/\/setap.az\/index.php?rest_route=\/wp\/v2\/product"}],"about":[{"href":"https:\/\/setap.az\/index.php?rest_route=\/wp\/v2\/types\/product"}],"replies":[{"embeddable":true,"href":"https:\/\/setap.az\/index.php?rest_route=%2Fwp%2Fv2%2Fcomments&post=19907"}],"wp:featuredmedia":[{"embeddable":true,"href":"https:\/\/setap.az\/index.php?rest_route=\/wp\/v2\/media\/19908"}],"wp:attachment":[{"href":"https:\/\/setap.az\/index.php?rest_route=%2Fwp%2Fv2%2Fmedia&parent=19907"}],"wp:term":[{"taxonomy":"product_cat","embeddable":true,"href":"https:\/\/setap.az\/index.php?rest_route=%2Fwp%2Fv2%2Fproduct_cat&post=19907"},{"taxonomy":"product_tag","embeddable":true,"href":"https:\/\/setap.az\/index.php?rest_route=%2Fwp%2Fv2%2Fproduct_tag&post=19907"}],"curies":[{"name":"wp","href":"https:\/\/api.w.org\/{rel}","templated":true}]}}