{"id":19909,"date":"2025-07-07T15:01:03","date_gmt":"2025-07-07T11:01:03","guid":{"rendered":"https:\/\/setap.az\/?post_type=product&#038;p=19909"},"modified":"2025-07-07T15:17:21","modified_gmt":"2025-07-07T11:17:21","slug":"voltam-bp12%e2%80%919-12-v-9-ah-ups-batareyasi","status":"publish","type":"product","link":"https:\/\/setap.az\/?product=voltam-bp12%e2%80%919-12-v-9-ah-ups-batareyasi","title":{"rendered":"VOLTAM BP12\u20119 \u2013 12\u202fV\u202f\/\u202f9\u202fAh UPS batareyas\u0131"},"content":{"rendered":"<p> VOLTAM BP12\u20119 \u2013 12\u202fV\u202f\/\u202f9\u202fAh UPS batareyas\u0131 il\u0259 sabit v\u0259 etibarl\u0131 enerji!<br \/>\nAGM texnologiyas\u0131na \u0259saslanan bu ba\u011flama batareya s\u0131zmaya qar\u015f\u0131, m\u00fcxt\u0259lif m\u00f6vqed\u0259 istifad\u0259y\u0259 uy\u011fundur v\u0259 3\u20135 illik xidm\u0259t m\u00fcdd\u0259ti t\u0259klif edir. Komp\u00fcter, server v\u0259 t\u0259hl\u00fck\u0259sizlik sisteml\u0259rinin enerji k\u0259sintil\u0259rin\u0259 qar\u015f\u0131 sadiq qoruyucusudur.<\/p>\n","protected":false},"excerpt":{"rendered":"<p>VOLTAM BP12\u20119 \u2013 12\u202fV\u202f\/\u202f9\u202fAh UPS batareyas\u0131 il\u0259 sabit v\u0259 etibarl\u0131 enerji! AGM texnologiyas\u0131na \u0259saslanan bu ba\u011flama batareya s\u0131zmaya qar\u015f\u0131, m\u00fcxt\u0259lif m\u00f6vqed\u0259 istifad\u0259y\u0259 uy\u011fundur v\u0259 3\u20135 illik xidm\u0259t m\u00fcdd\u0259ti t\u0259klif edir. Komp\u00fcter, server v\u0259 t\u0259hl\u00fck\u0259sizlik sisteml\u0259rinin enerji k\u0259sintil\u0259rin\u0259 qar\u015f\u0131 sadiq qoruyucusudur.<\/p>\n","protected":false},"featured_media":19911,"comment_status":"open","ping_status":"closed","template":"","meta":[],"product_cat":[2806,2805,2807],"product_tag":[4475,4477,4481,4482,4479,4483,4480,4476,4474,4478],"class_list":{"0":"post-19909","1":"product","2":"type-product","3":"status-publish","4":"has-post-thumbnail","6":"product_cat-batareyalar","7":"product_cat-enerji-tminati","8":"product_cat-ups","9":"product_tag-12v9ah","10":"product_tag-agmbattery","11":"product_tag-backuppower","12":"product_tag-datacenter","13":"product_tag-f2terminal","14":"product_tag-safetyequipment","15":"product_tag-spillproof","16":"product_tag-upsbattery","17":"product_tag-voltambp129","18":"product_tag-vrla","19":"description-off","21":"first","22":"instock","23":"shipping-taxable","24":"purchasable","25":"product-type-simple"},"_links":{"self":[{"href":"https:\/\/setap.az\/index.php?rest_route=\/wp\/v2\/product\/19909","targetHints":{"allow":["GET"]}}],"collection":[{"href":"https:\/\/setap.az\/index.php?rest_route=\/wp\/v2\/product"}],"about":[{"href":"https:\/\/setap.az\/index.php?rest_route=\/wp\/v2\/types\/product"}],"replies":[{"embeddable":true,"href":"https:\/\/setap.az\/index.php?rest_route=%2Fwp%2Fv2%2Fcomments&post=19909"}],"wp:featuredmedia":[{"embeddable":true,"href":"https:\/\/setap.az\/index.php?rest_route=\/wp\/v2\/media\/19911"}],"wp:attachment":[{"href":"https:\/\/setap.az\/index.php?rest_route=%2Fwp%2Fv2%2Fmedia&parent=19909"}],"wp:term":[{"taxonomy":"product_cat","embeddable":true,"href":"https:\/\/setap.az\/index.php?rest_route=%2Fwp%2Fv2%2Fproduct_cat&post=19909"},{"taxonomy":"product_tag","embeddable":true,"href":"https:\/\/setap.az\/index.php?rest_route=%2Fwp%2Fv2%2Fproduct_tag&post=19909"}],"curies":[{"name":"wp","href":"https:\/\/api.w.org\/{rel}","templated":true}]}}