{"id":19912,"date":"2025-07-07T15:13:01","date_gmt":"2025-07-07T11:13:01","guid":{"rendered":"https:\/\/setap.az\/?post_type=product&#038;p=19912"},"modified":"2025-07-07T15:16:59","modified_gmt":"2025-07-07T11:16:59","slug":"voltam-vb%e2%80%9112v%e2%80%9118a","status":"publish","type":"product","link":"https:\/\/setap.az\/?product=voltam-vb%e2%80%9112v%e2%80%9118a","title":{"rendered":"VOLTAM VB\u201112V\u201118A"},"content":{"rendered":"<p> VOLTAM VB\u201112V\u201118A \u2013 G\u00fcv\u0259nli v\u0259 g\u00fccl\u00fc UPS batareyas\u0131!<br \/>\n12\u202fV \/ 18\u202fAh AGM texnologiyal\u0131 bu batareya siz\u0259 uzunm\u00fcdd\u0259tli enerji ehtiyat\u0131 t\u0259min edir. F2 terminallar\u0131 il\u0259 s\u00fcr\u0259tli montaj, s\u0131zmaya qar\u015f\u0131 dizayn v\u0259 m\u00fcnasib qiym\u0259ti il\u0259 ofis, ev v\u0259 kommersiya t\u0259tbiql\u0259rind\u0259 ideald\u0131r.<\/p>\n","protected":false},"excerpt":{"rendered":"<p>VOLTAM VB\u201112V\u201118A \u2013 G\u00fcv\u0259nli v\u0259 g\u00fccl\u00fc UPS batareyas\u0131! 12\u202fV \/ 18\u202fAh AGM texnologiyal\u0131 bu batareya siz\u0259 uzunm\u00fcdd\u0259tli enerji ehtiyat\u0131 t\u0259min edir. F2 terminallar\u0131 il\u0259 s\u00fcr\u0259tli montaj, s\u0131zmaya qar\u015f\u0131 dizayn v\u0259 m\u00fcnasib qiym\u0259ti il\u0259 ofis, ev v\u0259 kommersiya t\u0259tbiql\u0259rind\u0259 ideald\u0131r.<\/p>\n","protected":false},"featured_media":19913,"comment_status":"open","ping_status":"closed","template":"","meta":[],"product_cat":[2806,2805,2807],"product_tag":[4485,4477,4481,4488,4486,4487,4489,4476,4484,4478],"class_list":{"0":"post-19912","1":"product","2":"type-product","3":"status-publish","4":"has-post-thumbnail","6":"product_cat-batareyalar","7":"product_cat-enerji-tminati","8":"product_cat-ups","9":"product_tag-12v18ah","10":"product_tag-agmbattery","11":"product_tag-backuppower","12":"product_tag-datacenterpower","13":"product_tag-fastonf2","14":"product_tag-sizmayanbatareya","15":"product_tag-thluksizlikenerji","16":"product_tag-upsbattery","17":"product_tag-voltamvb12v18a","18":"product_tag-vrla","19":"description-off","21":"first","22":"instock","23":"shipping-taxable","24":"purchasable","25":"product-type-simple"},"_links":{"self":[{"href":"https:\/\/setap.az\/index.php?rest_route=\/wp\/v2\/product\/19912","targetHints":{"allow":["GET"]}}],"collection":[{"href":"https:\/\/setap.az\/index.php?rest_route=\/wp\/v2\/product"}],"about":[{"href":"https:\/\/setap.az\/index.php?rest_route=\/wp\/v2\/types\/product"}],"replies":[{"embeddable":true,"href":"https:\/\/setap.az\/index.php?rest_route=%2Fwp%2Fv2%2Fcomments&post=19912"}],"wp:featuredmedia":[{"embeddable":true,"href":"https:\/\/setap.az\/index.php?rest_route=\/wp\/v2\/media\/19913"}],"wp:attachment":[{"href":"https:\/\/setap.az\/index.php?rest_route=%2Fwp%2Fv2%2Fmedia&parent=19912"}],"wp:term":[{"taxonomy":"product_cat","embeddable":true,"href":"https:\/\/setap.az\/index.php?rest_route=%2Fwp%2Fv2%2Fproduct_cat&post=19912"},{"taxonomy":"product_tag","embeddable":true,"href":"https:\/\/setap.az\/index.php?rest_route=%2Fwp%2Fv2%2Fproduct_tag&post=19912"}],"curies":[{"name":"wp","href":"https:\/\/api.w.org\/{rel}","templated":true}]}}