{"id":19914,"date":"2025-07-07T15:16:31","date_gmt":"2025-07-07T11:16:31","guid":{"rendered":"https:\/\/setap.az\/?post_type=product&#038;p=19914"},"modified":"2025-07-07T15:16:32","modified_gmt":"2025-07-07T11:16:32","slug":"voltam-bp12%e2%80%917-12-v-7-ah-agm-ups-batareyasi","status":"publish","type":"product","link":"https:\/\/setap.az\/?product=voltam-bp12%e2%80%917-12-v-7-ah-agm-ups-batareyasi","title":{"rendered":"VOLTAM BP12\u20117 \u2013 12\u202fV\u202f\/\u202f7\u202fAh AGM UPS Batareyas\u0131"},"content":{"rendered":"<p>VOLTAM BP12\u20117 \u2013 s\u0131zmayan 12\u202fV \/ 7\u202fAh AGM batareya il\u0259 g\u00fcv\u0259nli enerji!<br \/>\nT\u0259hl\u00fck\u0259sizlik sisteml\u0259ri, UPS v\u0259 t\u0259cili i\u015f\u0131qland\u0131rma \u00fc\u00e7\u00fcn m\u00fck\u0259mm\u0259l se\u00e7im. S\u0131zmayan dizayn, uzun\u00f6m\u00fcrl\u00fc performans v\u0259 kompakt \u00f6l\u00e7\u00fcs\u00fc il\u0259 ist\u0259nil\u0259n m\u00fchitd\u0259 ideal enerji h\u0259llidir.<\/p>\n","protected":false},"excerpt":{"rendered":"<p>VOLTAM BP12\u20117 \u2013 s\u0131zmayan 12\u202fV \/ 7\u202fAh AGM batareya il\u0259 g\u00fcv\u0259nli enerji! T\u0259hl\u00fck\u0259sizlik sisteml\u0259ri, UPS v\u0259 t\u0259cili i\u015f\u0131qland\u0131rma \u00fc\u00e7\u00fcn m\u00fck\u0259mm\u0259l se\u00e7im. S\u0131zmayan dizayn, uzun\u00f6m\u00fcrl\u00fc performans v\u0259 kompakt \u00f6l\u00e7\u00fcs\u00fc il\u0259 ist\u0259nil\u0259n m\u00fchitd\u0259 ideal enerji h\u0259llidir.<\/p>\n","protected":false},"featured_media":19915,"comment_status":"open","ping_status":"closed","template":"","meta":[],"product_cat":[2806,2805,2807],"product_tag":[4491,4477,4481,4479,4492,4480,4493,4476,4490,4478],"class_list":{"0":"post-19914","1":"product","2":"type-product","3":"status-publish","4":"has-post-thumbnail","6":"product_cat-batareyalar","7":"product_cat-enerji-tminati","8":"product_cat-ups","9":"product_tag-12v7ah","10":"product_tag-agmbattery","11":"product_tag-backuppower","12":"product_tag-f2terminal","13":"product_tag-safetyenergy","14":"product_tag-spillproof","15":"product_tag-tciliisiqlandirma","16":"product_tag-upsbattery","17":"product_tag-voltambp127","18":"product_tag-vrla","19":"description-off","21":"first","22":"instock","23":"shipping-taxable","24":"purchasable","25":"product-type-simple"},"_links":{"self":[{"href":"https:\/\/setap.az\/index.php?rest_route=\/wp\/v2\/product\/19914","targetHints":{"allow":["GET"]}}],"collection":[{"href":"https:\/\/setap.az\/index.php?rest_route=\/wp\/v2\/product"}],"about":[{"href":"https:\/\/setap.az\/index.php?rest_route=\/wp\/v2\/types\/product"}],"replies":[{"embeddable":true,"href":"https:\/\/setap.az\/index.php?rest_route=%2Fwp%2Fv2%2Fcomments&post=19914"}],"wp:featuredmedia":[{"embeddable":true,"href":"https:\/\/setap.az\/index.php?rest_route=\/wp\/v2\/media\/19915"}],"wp:attachment":[{"href":"https:\/\/setap.az\/index.php?rest_route=%2Fwp%2Fv2%2Fmedia&parent=19914"}],"wp:term":[{"taxonomy":"product_cat","embeddable":true,"href":"https:\/\/setap.az\/index.php?rest_route=%2Fwp%2Fv2%2Fproduct_cat&post=19914"},{"taxonomy":"product_tag","embeddable":true,"href":"https:\/\/setap.az\/index.php?rest_route=%2Fwp%2Fv2%2Fproduct_tag&post=19914"}],"curies":[{"name":"wp","href":"https:\/\/api.w.org\/{rel}","templated":true}]}}