{"id":19916,"date":"2025-07-08T12:38:45","date_gmt":"2025-07-08T08:38:45","guid":{"rendered":"https:\/\/setap.az\/?post_type=product&#038;p=19916"},"modified":"2026-02-20T15:51:53","modified_gmt":"2026-02-20T11:51:53","slug":"eaget-microsd-yaddas-karti","status":"publish","type":"product","link":"https:\/\/setap.az\/?product=eaget-microsd-yaddas-karti","title":{"rendered":"Eaget USB flash kart"},"content":{"rendered":"<p>Eaget USB flash kart \u2013 s\u0259n\u0259dl\u0259rin, \u015f\u0259kill\u0259rin, musiqi v\u0259 videolar\u0131n s\u00fcr\u0259tli \u00f6t\u00fcr\u00fclm\u0259si v\u0259 t\u0259hl\u00fck\u0259siz saxlanmas\u0131 \u00fc\u00e7\u00fcn ideal da\u015f\u0131y\u0131c\u0131d\u0131r. Komp\u00fcter, noutbuk, TV, avtomobil v\u0259 dig\u0259r USB d\u0259st\u0259kl\u0259y\u0259n cihazlarla tam uy\u011funluq.<\/p>\n<p>8GB &#8211; 8Azn<br \/>\n16GB &#8211; 12Azn<br \/>\n32GB &#8211; 14Azn<br \/>\n64GB &#8211; 16Azn<\/p>\n","protected":false},"excerpt":{"rendered":"<p>Eaget USB flash kart \u2013 s\u0259n\u0259dl\u0259rin, \u015f\u0259kill\u0259rin, musiqi v\u0259 videolar\u0131n s\u00fcr\u0259tli \u00f6t\u00fcr\u00fclm\u0259si v\u0259 t\u0259hl\u00fck\u0259siz saxlanmas\u0131 \u00fc\u00e7\u00fcn ideal da\u015f\u0131y\u0131c\u0131d\u0131r. Komp\u00fcter, noutbuk, TV, avtomobil v\u0259 dig\u0259r USB d\u0259st\u0259kl\u0259y\u0259n cihazlarla tam uy\u011funluq. 8GB &#8211; 8Azn 16GB &#8211; 12Azn 32GB &#8211; 14Azn 64GB &#8211; 16Azn<\/p>\n","protected":false},"featured_media":19917,"comment_status":"open","ping_status":"closed","template":"","meta":[],"product_cat":[2823,2824,2825],"product_tag":[4499,4495,4496,4494,4498,4504,4501,4502,4500,4503],"class_list":{"0":"post-19916","1":"product","2":"type-product","3":"status-publish","4":"has-post-thumbnail","6":"product_cat-kompyuter-aksesuarlari","7":"product_cat-noutbuklar-v-aksesuarlar","8":"product_cat-xarici-srt-disklr-yaddas-kartlari-flash","9":"product_tag-16gbflash","10":"product_tag-eaget32gb","11":"product_tag-eaget64gb","12":"product_tag-eaget8gb","13":"product_tag-eagetflashkart","14":"product_tag-eagetusb","15":"product_tag-flashkart","16":"product_tag-usbkart","17":"product_tag-usbyaddas","18":"product_tag-yaddasdasiyici","19":"description-off","21":"first","22":"instock","23":"shipping-taxable","24":"purchasable","25":"product-type-simple"},"_links":{"self":[{"href":"https:\/\/setap.az\/index.php?rest_route=\/wp\/v2\/product\/19916","targetHints":{"allow":["GET"]}}],"collection":[{"href":"https:\/\/setap.az\/index.php?rest_route=\/wp\/v2\/product"}],"about":[{"href":"https:\/\/setap.az\/index.php?rest_route=\/wp\/v2\/types\/product"}],"replies":[{"embeddable":true,"href":"https:\/\/setap.az\/index.php?rest_route=%2Fwp%2Fv2%2Fcomments&post=19916"}],"wp:featuredmedia":[{"embeddable":true,"href":"https:\/\/setap.az\/index.php?rest_route=\/wp\/v2\/media\/19917"}],"wp:attachment":[{"href":"https:\/\/setap.az\/index.php?rest_route=%2Fwp%2Fv2%2Fmedia&parent=19916"}],"wp:term":[{"taxonomy":"product_cat","embeddable":true,"href":"https:\/\/setap.az\/index.php?rest_route=%2Fwp%2Fv2%2Fproduct_cat&post=19916"},{"taxonomy":"product_tag","embeddable":true,"href":"https:\/\/setap.az\/index.php?rest_route=%2Fwp%2Fv2%2Fproduct_tag&post=19916"}],"curies":[{"name":"wp","href":"https:\/\/api.w.org\/{rel}","templated":true}]}}