{"id":19936,"date":"2025-08-14T16:59:35","date_gmt":"2025-08-14T12:59:35","guid":{"rendered":"https:\/\/setap.az\/?post_type=product&#038;p=19936"},"modified":"2025-08-15T11:24:58","modified_gmt":"2025-08-15T07:24:58","slug":"7-port-hub-usb-3-0-tp-link-uh700eu","status":"publish","type":"product","link":"https:\/\/setap.az\/?product=7-port-hub-usb-3-0-tp-link-uh700eu","title":{"rendered":"7-port HUB USB 3.0 TP-Link UH700(EU)"},"content":{"rendered":"<p>TP-Link UH700 \u2013 7 Port USB 3.0 HUB<br \/>\nBir anda 7 cihaz s\u00fcr\u0259tli v\u0259 sabit qo\u015fulma<br \/>\nY\u00fcks\u0259k s\u00fcr\u0259t \u2013 5 Gbps-\u0259 q\u0259d\u0259r \u00f6t\u00fcrm\u0259 imkan\u0131<br \/>\nKompakt dizayn, g\u00fccl\u00fc performans.<br \/>\n7 \u0259d\u0259d SuperSpeed USB 3.0 port \u2014 5 Gbps s\u00fcr\u0259t\u0259 q\u0259d\u0259r, USB 2.0-dan 10x daha s\u00fcr\u0259tli<br \/>\n3 port 1.5 A g\u00fcc \u00e7\u0131x\u0131\u015f\u0131 il\u0259 \u2014 cihazlar\u0131 t\u0259xmin\u0259n 50% daha s\u00fcr\u0259tli \u015farj ed\u0259 bilir<br \/>\n&#8220;Smart Charging&#8221; texnologiyas\u0131 il\u0259 cihaz\u0131 tan\u0131yaraq optimal g\u00fcc\u00fc avtomatik olaraq t\u0259nziml\u0259yir<\/p>\n<p>Portlar\t7 \u00d7 USB 3.0 Type-A (\u00e7\u0131x\u0131\u015f)<br \/>\nGiri\u015f\t1 \u00d7 USB 3.0 Micro-B, 1 \u00d7 12V\/2.5A adaptoru<br \/>\n\u00d6l\u00e7\u00fcl\u0259r\t165 \u00d7 65.5 \u00d7 17.5 mm<\/p>\n","protected":false},"excerpt":{"rendered":"<p>TP-Link UH700 \u2013 7 Port USB 3.0 HUB Bir anda 7 cihaz s\u00fcr\u0259tli v\u0259 sabit qo\u015fulma Y\u00fcks\u0259k s\u00fcr\u0259t \u2013 5 Gbps-\u0259 q\u0259d\u0259r \u00f6t\u00fcrm\u0259 imkan\u0131 Kompakt dizayn, g\u00fccl\u00fc performans. 7 \u0259d\u0259d SuperSpeed USB 3.0 port \u2014 5 Gbps s\u00fcr\u0259t\u0259 q\u0259d\u0259r, USB 2.0-dan 10x daha s\u00fcr\u0259tli 3 port 1.5 A g\u00fcc \u00e7\u0131x\u0131\u015f\u0131 il\u0259 \u2014 cihazlar\u0131 t\u0259xmin\u0259n 50%&hellip;<\/p>\n","protected":false},"featured_media":19935,"comment_status":"open","ping_status":"closed","template":"","meta":[],"product_cat":[4522,2823,2817,4521],"product_tag":[4509,4512,4513,3028,2926,4510,4511,4018],"class_list":{"0":"post-19936","1":"product","2":"type-product","3":"status-publish","4":"has-post-thumbnail","6":"product_cat-card-reader","7":"product_cat-kompyuter-aksesuarlari","8":"product_cat-usb","9":"product_cat-usb-hub","10":"product_tag-azrbaycan","11":"product_tag-komputeravadanliqlari","12":"product_tag-surtliqosulma","13":"product_tag-texnologiya","14":"product_tag-tplink","15":"product_tag-uh700","16":"product_tag-usb3","17":"product_tag-usbhub","18":"description-off","20":"first","21":"instock","22":"shipping-taxable","23":"purchasable","24":"product-type-simple"},"_links":{"self":[{"href":"https:\/\/setap.az\/index.php?rest_route=\/wp\/v2\/product\/19936","targetHints":{"allow":["GET"]}}],"collection":[{"href":"https:\/\/setap.az\/index.php?rest_route=\/wp\/v2\/product"}],"about":[{"href":"https:\/\/setap.az\/index.php?rest_route=\/wp\/v2\/types\/product"}],"replies":[{"embeddable":true,"href":"https:\/\/setap.az\/index.php?rest_route=%2Fwp%2Fv2%2Fcomments&post=19936"}],"wp:featuredmedia":[{"embeddable":true,"href":"https:\/\/setap.az\/index.php?rest_route=\/wp\/v2\/media\/19935"}],"wp:attachment":[{"href":"https:\/\/setap.az\/index.php?rest_route=%2Fwp%2Fv2%2Fmedia&parent=19936"}],"wp:term":[{"taxonomy":"product_cat","embeddable":true,"href":"https:\/\/setap.az\/index.php?rest_route=%2Fwp%2Fv2%2Fproduct_cat&post=19936"},{"taxonomy":"product_tag","embeddable":true,"href":"https:\/\/setap.az\/index.php?rest_route=%2Fwp%2Fv2%2Fproduct_tag&post=19936"}],"curies":[{"name":"wp","href":"https:\/\/api.w.org\/{rel}","templated":true}]}}