{"id":19946,"date":"2025-08-16T15:50:19","date_gmt":"2025-08-16T11:50:19","guid":{"rendered":"https:\/\/setap.az\/?post_type=product&#038;p=19946"},"modified":"2025-08-16T15:51:24","modified_gmt":"2025-08-16T11:51:24","slug":"27-full-hd-led-monitor-dahua-dhi-lm27-f211","status":"publish","type":"product","link":"https:\/\/setap.az\/?product=27-full-hd-led-monitor-dahua-dhi-lm27-f211","title":{"rendered":"27\u2019\u2019 Full-HD LED Monitor Dahua DHI-LM27-F211"},"content":{"rendered":"<p>LCD Monitor 27&#8221; Full HD LED Dahua DHI-LM27-F211<br \/>\nUzunm\u00fcdd\u0259tli 24\/7 fasil\u0259siz i\u015fl\u0259m\u0259y\u0259 uy\u011fun s\u0259naye d\u0259r\u0259c\u0259li LCD panel<br \/>\nFiziki t\u0259svir \u00f6l\u00e7\u00fcs\u00fc 1920\u00d71080<br \/>\nY\u00fcks\u0259k d\u0259qiqlikli r\u0259q\u0259msal emal, parlaq v\u0259 canl\u0131 video<br \/>\n178\u00b0\/178\u00b0 daha b\u00f6y\u00fck bax\u0131\u015f buca\u011f\u0131 il\u0259 ultra dar \u00e7\u0259r\u00e7iv\u0259 dizayn\u0131 g\u00f6rm\u0259 qabiliyy\u0259tinizi daha a\u00e7\u0131q edir<br \/>\nQura\u015fd\u0131r\u0131lm\u0131\u015f dinamikl\u0259r<br \/>\nMatris diaqonal\u0131:\t27&#8243;<br \/>\nNominal ay\u0131rdetm\u0259:\t1920 x 1080px &#8211; Full HD<br \/>\nEkran nisb\u0259tl\u0259ri:\t16:9<br \/>\nMatris n\u00f6v\u00fc:\tTFT LCD &#8211; LED texnologiyas\u0131nda<br \/>\nStandart ekran montaj\u0131:\tVESA 100<\/p>\n","protected":false},"excerpt":{"rendered":"<p>LCD Monitor 27&#8221; Full HD LED Dahua DHI-LM27-F211 Uzunm\u00fcdd\u0259tli 24\/7 fasil\u0259siz i\u015fl\u0259m\u0259y\u0259 uy\u011fun s\u0259naye d\u0259r\u0259c\u0259li LCD panel Fiziki t\u0259svir \u00f6l\u00e7\u00fcs\u00fc 1920\u00d71080 Y\u00fcks\u0259k d\u0259qiqlikli r\u0259q\u0259msal emal, parlaq v\u0259 canl\u0131 video 178\u00b0\/178\u00b0 daha b\u00f6y\u00fck bax\u0131\u015f buca\u011f\u0131 il\u0259 ultra dar \u00e7\u0259r\u00e7iv\u0259 dizayn\u0131 g\u00f6rm\u0259 qabiliyy\u0259tinizi daha a\u00e7\u0131q edir Qura\u015fd\u0131r\u0131lm\u0131\u015f dinamikl\u0259r Matris diaqonal\u0131: 27&#8243; Nominal ay\u0131rdetm\u0259: 1920 x 1080px &#8211;&hellip;<\/p>\n","protected":false},"featured_media":19947,"comment_status":"open","ping_status":"closed","template":"","meta":[],"product_cat":[2820,2823,2846],"product_tag":[4565,4566,4564,4569,4570,4571,4568,4563,4567,4572],"class_list":{"0":"post-19946","1":"product","2":"type-product","3":"status-publish","4":"has-post-thumbnail","6":"product_cat-komputer-texnikasi","7":"product_cat-kompyuter-aksesuarlari","8":"product_cat-monitorlar","9":"product_tag-0-40c","10":"product_tag-10-85-humidity","11":"product_tag-553-2x328-1x48-5mm","12":"product_tag-asmabraket","13":"product_tag-ce","14":"product_tag-fcc","15":"product_tag-stend","16":"product_tag-vesa75x75","17":"product_tag-vgakabel","18":"product_tag-18mm","19":"description-off","21":"first","22":"instock","23":"shipping-taxable","24":"purchasable","25":"product-type-simple"},"_links":{"self":[{"href":"https:\/\/setap.az\/index.php?rest_route=\/wp\/v2\/product\/19946","targetHints":{"allow":["GET"]}}],"collection":[{"href":"https:\/\/setap.az\/index.php?rest_route=\/wp\/v2\/product"}],"about":[{"href":"https:\/\/setap.az\/index.php?rest_route=\/wp\/v2\/types\/product"}],"replies":[{"embeddable":true,"href":"https:\/\/setap.az\/index.php?rest_route=%2Fwp%2Fv2%2Fcomments&post=19946"}],"wp:featuredmedia":[{"embeddable":true,"href":"https:\/\/setap.az\/index.php?rest_route=\/wp\/v2\/media\/19947"}],"wp:attachment":[{"href":"https:\/\/setap.az\/index.php?rest_route=%2Fwp%2Fv2%2Fmedia&parent=19946"}],"wp:term":[{"taxonomy":"product_cat","embeddable":true,"href":"https:\/\/setap.az\/index.php?rest_route=%2Fwp%2Fv2%2Fproduct_cat&post=19946"},{"taxonomy":"product_tag","embeddable":true,"href":"https:\/\/setap.az\/index.php?rest_route=%2Fwp%2Fv2%2Fproduct_tag&post=19946"}],"curies":[{"name":"wp","href":"https:\/\/api.w.org\/{rel}","templated":true}]}}