{"id":19948,"date":"2025-08-16T16:26:56","date_gmt":"2025-08-16T12:26:56","guid":{"rendered":"https:\/\/setap.az\/?post_type=product&#038;p=19948"},"modified":"2026-02-20T15:17:01","modified_gmt":"2026-02-20T11:17:01","slug":"2-tb-s%c9%99rt-disk-seagate-skyhawk-st2000vx016","status":"publish","type":"product","link":"https:\/\/setap.az\/?product=2-tb-s%c9%99rt-disk-seagate-skyhawk-st2000vx016","title":{"rendered":"2 Tb S\u0259rt Disk Seagate SkyHawk ST2000VX016"},"content":{"rendered":"<p>Seagate SkyHawk ST2000VX016 \u2013 2TB<br \/>\n2TB, 3.5&#8243; HDD<br \/>\nSATA 6Gb\/s, 5400RPM<br \/>\n256MB ke\u015f<br \/>\n24\/7 video m\u00fc\u015fahid\u0259 \u00fc\u00e7\u00fcn<br \/>\nImagePerfect texnologiyas\u0131<br \/>\nRV sensor d\u0259st\u0259yi<br \/>\n\u0130llik i\u015f y\u00fck\u00fc: 180TB<br \/>\nMTBF: 1 milyon saat<br \/>\n\u00d6l\u00e7\u00fc: 146.99\u00d7101.6\u00d720.2 mm<br \/>\n\u00c7\u0259ki: 415g<\/p>\n","protected":false},"excerpt":{"rendered":"<p>Seagate SkyHawk ST2000VX016 \u2013 2TB 2TB, 3.5&#8243; HDD SATA 6Gb\/s, 5400RPM 256MB ke\u015f 24\/7 video m\u00fc\u015fahid\u0259 \u00fc\u00e7\u00fcn ImagePerfect texnologiyas\u0131 RV sensor d\u0259st\u0259yi \u0130llik i\u015f y\u00fck\u00fc: 180TB MTBF: 1 milyon saat \u00d6l\u00e7\u00fc: 146.99\u00d7101.6\u00d720.2 mm \u00c7\u0259ki: 415g<\/p>\n","protected":false},"featured_media":19949,"comment_status":"open","ping_status":"closed","template":"","meta":[],"product_cat":[2843,2823,2825],"product_tag":[4582,4583,4557,4579,4576,4584,4578,4580,4581,4577,4573,4574,4575],"class_list":{"0":"post-19948","1":"product","2":"type-product","3":"status-publish","4":"has-post-thumbnail","6":"product_cat-hdd-yaddas-qurgulari","7":"product_cat-kompyuter-aksesuarlari","8":"product_cat-xarici-srt-disklr-yaddas-kartlari-flash","9":"product_tag-180tb","10":"product_tag-1mhours","11":"product_tag-24x7","12":"product_tag-256mbcache","13":"product_tag-2tb","14":"product_tag-3yearwarranty","15":"product_tag-5400rpm","16":"product_tag-imageperfect","17":"product_tag-rvsensor","18":"product_tag-sata6gb-s","19":"product_tag-seagate","20":"product_tag-skyhawk","21":"product_tag-st2000vx016","22":"description-off","24":"first","25":"instock","26":"shipping-taxable","27":"purchasable","28":"product-type-simple"},"_links":{"self":[{"href":"https:\/\/setap.az\/index.php?rest_route=\/wp\/v2\/product\/19948","targetHints":{"allow":["GET"]}}],"collection":[{"href":"https:\/\/setap.az\/index.php?rest_route=\/wp\/v2\/product"}],"about":[{"href":"https:\/\/setap.az\/index.php?rest_route=\/wp\/v2\/types\/product"}],"replies":[{"embeddable":true,"href":"https:\/\/setap.az\/index.php?rest_route=%2Fwp%2Fv2%2Fcomments&post=19948"}],"wp:featuredmedia":[{"embeddable":true,"href":"https:\/\/setap.az\/index.php?rest_route=\/wp\/v2\/media\/19949"}],"wp:attachment":[{"href":"https:\/\/setap.az\/index.php?rest_route=%2Fwp%2Fv2%2Fmedia&parent=19948"}],"wp:term":[{"taxonomy":"product_cat","embeddable":true,"href":"https:\/\/setap.az\/index.php?rest_route=%2Fwp%2Fv2%2Fproduct_cat&post=19948"},{"taxonomy":"product_tag","embeddable":true,"href":"https:\/\/setap.az\/index.php?rest_route=%2Fwp%2Fv2%2Fproduct_tag&post=19948"}],"curies":[{"name":"wp","href":"https:\/\/api.w.org\/{rel}","templated":true}]}}