{"id":19958,"date":"2025-08-18T13:14:35","date_gmt":"2025-08-18T09:14:35","guid":{"rendered":"https:\/\/setap.az\/?post_type=product&#038;p=19958"},"modified":"2025-08-18T13:14:35","modified_gmt":"2025-08-18T09:14:35","slug":"n300-usb-wi-fi-gucl%c9%99ndirici-tp-link-tl-wa820re","status":"publish","type":"product","link":"https:\/\/setap.az\/?product=n300-usb-wi-fi-gucl%c9%99ndirici-tp-link-tl-wa820re","title":{"rendered":"N300 USB Wi-Fi G\u00fccl\u0259ndirici TP-Link TL-WA820RE"},"content":{"rendered":"<p>TP-Link TL-WA820RE <\/p>\n<p>Simsiz s\u00fcr\u0259t: 300 Mbit\/s (2.4 GHz, 802.11n)<\/p>\n<p>Funksiya: Wi-Fi g\u00fccl\u0259ndirici \/ t\u0259krarlay\u0131c\u0131 (Range Extender)<\/p>\n<p>USB adapterli dizayn \u2013 birba\u015fa komp\u00fcter, enerji bank\u0131 v\u0259 ya adapter\u0259 qo\u015fula bilir<\/p>\n<p>Daxili anten \u2013 sabit v\u0259 g\u00fccl\u00fc siqnal<\/p>\n<p>WPS d\u00fcym\u0259si \u2013 1 toxunu\u015fla s\u00fcr\u0259tli qo\u015fulma<\/p>\n<p>T\u0259tbiq d\u0259st\u0259yi: TP-Link Tether App il\u0259 idar\u0259etm\u0259<\/p>\n<p>Kompakt v\u0259 da\u015f\u0131na bil\u0259n qur\u011fu<\/p>\n","protected":false},"excerpt":{"rendered":"<p>TP-Link TL-WA820RE Simsiz s\u00fcr\u0259t: 300 Mbit\/s (2.4 GHz, 802.11n) Funksiya: Wi-Fi g\u00fccl\u0259ndirici \/ t\u0259krarlay\u0131c\u0131 (Range Extender) USB adapterli dizayn \u2013 birba\u015fa komp\u00fcter, enerji bank\u0131 v\u0259 ya adapter\u0259 qo\u015fula bilir Daxili anten \u2013 sabit v\u0259 g\u00fccl\u00fc siqnal WPS d\u00fcym\u0259si \u2013 1 toxunu\u015fla s\u00fcr\u0259tli qo\u015fulma T\u0259tbiq d\u0259st\u0259yi: TP-Link Tether App il\u0259 idar\u0259etm\u0259 Kompakt v\u0259 da\u015f\u0131na bil\u0259n qur\u011fu<\/p>\n","protected":false},"featured_media":19959,"comment_status":"open","ping_status":"closed","template":"","meta":[],"product_cat":[2826,2969],"product_tag":[3437,3434,4609,4616,4618,3442,3443,4615,2926,4617,3972,4348],"class_list":{"0":"post-19958","1":"product","2":"type-product","3":"status-publish","4":"has-post-thumbnail","6":"product_cat-sbk-avadanligi-wi-fi","7":"product_cat-siqnal-guclndiricilri-v-antenlr","8":"product_tag-2-4ghz","9":"product_tag-300mbps","10":"product_tag-802-11n","11":"product_tag-n300","12":"product_tag-portable","13":"product_tag-rangeextender","14":"product_tag-tetherapp","15":"product_tag-tlwa820re","16":"product_tag-tplink","17":"product_tag-usbwifi","18":"product_tag-wifiextender","19":"product_tag-wps","20":"description-off","22":"first","23":"instock","24":"shipping-taxable","25":"purchasable","26":"product-type-simple"},"_links":{"self":[{"href":"https:\/\/setap.az\/index.php?rest_route=\/wp\/v2\/product\/19958","targetHints":{"allow":["GET"]}}],"collection":[{"href":"https:\/\/setap.az\/index.php?rest_route=\/wp\/v2\/product"}],"about":[{"href":"https:\/\/setap.az\/index.php?rest_route=\/wp\/v2\/types\/product"}],"replies":[{"embeddable":true,"href":"https:\/\/setap.az\/index.php?rest_route=%2Fwp%2Fv2%2Fcomments&post=19958"}],"wp:featuredmedia":[{"embeddable":true,"href":"https:\/\/setap.az\/index.php?rest_route=\/wp\/v2\/media\/19959"}],"wp:attachment":[{"href":"https:\/\/setap.az\/index.php?rest_route=%2Fwp%2Fv2%2Fmedia&parent=19958"}],"wp:term":[{"taxonomy":"product_cat","embeddable":true,"href":"https:\/\/setap.az\/index.php?rest_route=%2Fwp%2Fv2%2Fproduct_cat&post=19958"},{"taxonomy":"product_tag","embeddable":true,"href":"https:\/\/setap.az\/index.php?rest_route=%2Fwp%2Fv2%2Fproduct_tag&post=19958"}],"curies":[{"name":"wp","href":"https:\/\/api.w.org\/{rel}","templated":true}]}}