{"id":19962,"date":"2025-08-18T13:36:51","date_gmt":"2025-08-18T09:36:51","guid":{"rendered":"https:\/\/setap.az\/?post_type=product&#038;p=19962"},"modified":"2025-08-18T13:36:51","modified_gmt":"2025-08-18T09:36:51","slug":"reyee-rg-ew1200r-dual-band-mesh-wi-fi-extender","status":"publish","type":"product","link":"https:\/\/setap.az\/?product=reyee-rg-ew1200r-dual-band-mesh-wi-fi-extender","title":{"rendered":"Reyee RG-EW1200R Dual-band Mesh Wi-Fi Extender"},"content":{"rendered":"<p>Reyee RG-EW1200R <\/p>\n<p>Dual-Band Mesh Wi-Fi (2.4GHz 300Mbps + 5GHz 867Mbps)<\/p>\n<p>\u00dcmumi s\u00fcr\u0259t: 1200 Mbps (AC1200)<\/p>\n<p>Mesh d\u0259st\u0259yi \u2013 Reyee routerl\u0259rl\u0259 problemsiz geni\u015fl\u0259nm\u0259<\/p>\n<p>G\u00fccl\u00fc siqnal \u2013 4 daxili y\u00fcks\u0259k qazancl\u0131 anten<\/p>\n<p>Asan qura\u015fd\u0131rma \u2013 mobil t\u0259tbiql\u0259 idar\u0259etm\u0259<\/p>\n","protected":false},"excerpt":{"rendered":"<p>Reyee RG-EW1200R Dual-Band Mesh Wi-Fi (2.4GHz 300Mbps + 5GHz 867Mbps) \u00dcmumi s\u00fcr\u0259t: 1200 Mbps (AC1200) Mesh d\u0259st\u0259yi \u2013 Reyee routerl\u0259rl\u0259 problemsiz geni\u015fl\u0259nm\u0259 G\u00fccl\u00fc siqnal \u2013 4 daxili y\u00fcks\u0259k qazancl\u0131 anten Asan qura\u015fd\u0131rma \u2013 mobil t\u0259tbiql\u0259 idar\u0259etm\u0259<\/p>\n","protected":false},"featured_media":19963,"comment_status":"open","ping_status":"closed","template":"","meta":[],"product_cat":[2826],"product_tag":[4630,3434,4623,4621,2920,4627,4628,4631,3414,4624,4549,4625,4622,4619,4620,4629,4626],"class_list":{"0":"post-19962","1":"product","2":"type-product","3":"status-publish","4":"has-post-thumbnail","6":"product_cat-sbk-avadanligi-wi-fi","7":"product_tag-24users","8":"product_tag-300mbps","9":"product_tag-4dbiantenna","10":"product_tag-867mbps","11":"product_tag-ac1200","12":"product_tag-appcontrol","13":"product_tag-cloudmanagement","14":"product_tag-compactdesign","15":"product_tag-dualband","16":"product_tag-ethernetport","17":"product_tag-lowpower","18":"product_tag-meshextender","19":"product_tag-mu-mimo","20":"product_tag-reyee","21":"product_tag-rg-ew1200r","22":"product_tag-smartsignalled","23":"product_tag-wpsmode","24":"description-off","26":"first","27":"instock","28":"shipping-taxable","29":"purchasable","30":"product-type-simple"},"_links":{"self":[{"href":"https:\/\/setap.az\/index.php?rest_route=\/wp\/v2\/product\/19962","targetHints":{"allow":["GET"]}}],"collection":[{"href":"https:\/\/setap.az\/index.php?rest_route=\/wp\/v2\/product"}],"about":[{"href":"https:\/\/setap.az\/index.php?rest_route=\/wp\/v2\/types\/product"}],"replies":[{"embeddable":true,"href":"https:\/\/setap.az\/index.php?rest_route=%2Fwp%2Fv2%2Fcomments&post=19962"}],"wp:featuredmedia":[{"embeddable":true,"href":"https:\/\/setap.az\/index.php?rest_route=\/wp\/v2\/media\/19963"}],"wp:attachment":[{"href":"https:\/\/setap.az\/index.php?rest_route=%2Fwp%2Fv2%2Fmedia&parent=19962"}],"wp:term":[{"taxonomy":"product_cat","embeddable":true,"href":"https:\/\/setap.az\/index.php?rest_route=%2Fwp%2Fv2%2Fproduct_cat&post=19962"},{"taxonomy":"product_tag","embeddable":true,"href":"https:\/\/setap.az\/index.php?rest_route=%2Fwp%2Fv2%2Fproduct_tag&post=19962"}],"curies":[{"name":"wp","href":"https:\/\/api.w.org\/{rel}","templated":true}]}}