{"id":19968,"date":"2025-08-18T15:04:06","date_gmt":"2025-08-18T11:04:06","guid":{"rendered":"https:\/\/setap.az\/?post_type=product&#038;p=19968"},"modified":"2025-08-18T15:04:06","modified_gmt":"2025-08-18T11:04:06","slug":"bluetooth-kalonka-microlab-b77bt","status":"publish","type":"product","link":"https:\/\/setap.az\/?product=bluetooth-kalonka-microlab-b77bt","title":{"rendered":"Bluetooth Kalonka Microlab B77BT"},"content":{"rendered":"<p>Microlab B77BT <\/p>\n<p>G\u00fcc: 64W RMS (2.0 sistem)<\/p>\n<p>Ba\u011flant\u0131: Bluetooth, AUX, RCA<\/p>\n<p>S\u0259s keyfiyy\u0259ti: T\u0259miz v\u0259 g\u00fccl\u00fc bass<\/p>\n<p>Dizayn: Taxta korpus \u2013 daha dol\u011fun s\u0259s \u00fc\u00e7\u00fcn<\/p>\n<p>\u0130dar\u0259etm\u0259: \u00d6n paneld\u0259 s\u0259s t\u0259nziml\u0259yici<\/p>\n<p>Uy\u011funluq: PC, TV, telefon v\u0259 dig\u0259r cihazlarla i\u015fl\u0259yir<\/p>\n","protected":false},"excerpt":{"rendered":"<p>Microlab B77BT G\u00fcc: 64W RMS (2.0 sistem) Ba\u011flant\u0131: Bluetooth, AUX, RCA S\u0259s keyfiyy\u0259ti: T\u0259miz v\u0259 g\u00fccl\u00fc bass Dizayn: Taxta korpus \u2013 daha dol\u011fun s\u0259s \u00fc\u00e7\u00fcn \u0130dar\u0259etm\u0259: \u00d6n paneld\u0259 s\u0259s t\u0259nziml\u0259yici Uy\u011funluq: PC, TV, telefon v\u0259 dig\u0259r cihazlarla i\u015fl\u0259yir<\/p>\n","protected":false},"featured_media":19969,"comment_status":"open","ping_status":"closed","template":"","meta":[],"product_cat":[2798,2799,2800],"product_tag":[4644,4643,4649,4641,4642,4646,4647,4640,4650,4648,4645],"class_list":{"0":"post-19968","1":"product","2":"type-product","3":"status-publish","4":"has-post-thumbnail","6":"product_cat-anons-v-musiqi-yayim-sistemlri","7":"product_cat-kolonkalar","8":"product_cat-ss-guclndiricilr","9":"product_tag-2-0system","10":"product_tag-64w","11":"product_tag-aux","12":"product_tag-b77bt","13":"product_tag-bluetoothspeaker","14":"product_tag-clearsound","15":"product_tag-deepbass","16":"product_tag-microlab","17":"product_tag-rca","18":"product_tag-wirelessaudio","19":"product_tag-woodendesign","20":"description-off","22":"first","23":"instock","24":"shipping-taxable","25":"purchasable","26":"product-type-simple"},"_links":{"self":[{"href":"https:\/\/setap.az\/index.php?rest_route=\/wp\/v2\/product\/19968","targetHints":{"allow":["GET"]}}],"collection":[{"href":"https:\/\/setap.az\/index.php?rest_route=\/wp\/v2\/product"}],"about":[{"href":"https:\/\/setap.az\/index.php?rest_route=\/wp\/v2\/types\/product"}],"replies":[{"embeddable":true,"href":"https:\/\/setap.az\/index.php?rest_route=%2Fwp%2Fv2%2Fcomments&post=19968"}],"wp:featuredmedia":[{"embeddable":true,"href":"https:\/\/setap.az\/index.php?rest_route=\/wp\/v2\/media\/19969"}],"wp:attachment":[{"href":"https:\/\/setap.az\/index.php?rest_route=%2Fwp%2Fv2%2Fmedia&parent=19968"}],"wp:term":[{"taxonomy":"product_cat","embeddable":true,"href":"https:\/\/setap.az\/index.php?rest_route=%2Fwp%2Fv2%2Fproduct_cat&post=19968"},{"taxonomy":"product_tag","embeddable":true,"href":"https:\/\/setap.az\/index.php?rest_route=%2Fwp%2Fv2%2Fproduct_tag&post=19968"}],"curies":[{"name":"wp","href":"https:\/\/api.w.org\/{rel}","templated":true}]}}