{"id":19977,"date":"2025-08-23T14:29:32","date_gmt":"2025-08-23T10:29:32","guid":{"rendered":"https:\/\/setap.az\/?post_type=product&#038;p=19977"},"modified":"2025-08-23T14:56:30","modified_gmt":"2025-08-23T10:56:30","slug":"mmx62zm-a-adapter","status":"publish","type":"product","link":"https:\/\/setap.az\/?product=mmx62zm-a-adapter","title":{"rendered":"MMX62ZM\/A adapter"},"content":{"rendered":"<p>MMX62ZM\/A \u2014 Qulaql\u0131qlar \u00fc\u00e7\u00fcn Lightning &#8211; 3,5mm mini Jack \u00e7\u0131x\u0131\u015fl\u0131 adapter.<br \/>\nBu adapter 3,5 mm \u00e7\u0131x\u0131\u015fl\u0131 aksessuarlar\u0131 Lightning \u00e7\u0131x\u0131\u015fl\u0131 cihazlara qo\u015fmaq \u00fc\u00e7\u00fcn istifad\u0259 olunur.<br \/>\nLightning \u00e7\u0131x\u0131\u015fl\u0131 v\u0259 iOs 10 v\u0259 ya daha yenisi olan cihazlara, o c\u00fcml\u0259d\u0259n iPod touch, iPad v\u0259 iPhone-u d\u0259st\u0259kl\u0259yir.<\/p>\n","protected":false},"excerpt":{"rendered":"<p>MMX62ZM\/A \u2014 Qulaql\u0131qlar \u00fc\u00e7\u00fcn Lightning &#8211; 3,5mm mini Jack \u00e7\u0131x\u0131\u015fl\u0131 adapter. Bu adapter 3,5 mm \u00e7\u0131x\u0131\u015fl\u0131 aksessuarlar\u0131 Lightning \u00e7\u0131x\u0131\u015fl\u0131 cihazlara qo\u015fmaq \u00fc\u00e7\u00fcn istifad\u0259 olunur. Lightning \u00e7\u0131x\u0131\u015fl\u0131 v\u0259 iOs 10 v\u0259 ya daha yenisi olan cihazlara, o c\u00fcml\u0259d\u0259n iPod touch, iPad v\u0259 iPhone-u d\u0259st\u0259kl\u0259yir.<\/p>\n","protected":false},"featured_media":19978,"comment_status":"open","ping_status":"closed","template":"","meta":[],"product_cat":[2805,2808,2817,2834,4679],"product_tag":[4661,4657,4666,4663,4664,4660,4662,4658,4665,4659],"class_list":{"0":"post-19977","1":"product","2":"type-product","3":"status-publish","4":"has-post-thumbnail","6":"product_cat-enerji-tminati","7":"product_cat-kabel-mhsullari","8":"product_cat-usb","9":"product_cat-usb-adapterlr","10":"product_cat-usb-kabellr","11":"product_tag-3_5mmadapter","12":"product_tag-apple","13":"product_tag-appleheadphones","14":"product_tag-appleoriginal","15":"product_tag-audioadapter","16":"product_tag-headphonejack","17":"product_tag-iphoneaccessories","18":"product_tag-lightningadapter","19":"product_tag-lightningtojack","20":"product_tag-mmx62zma","21":"description-off","23":"first","24":"instock","25":"shipping-taxable","26":"purchasable","27":"product-type-simple"},"_links":{"self":[{"href":"https:\/\/setap.az\/index.php?rest_route=\/wp\/v2\/product\/19977","targetHints":{"allow":["GET"]}}],"collection":[{"href":"https:\/\/setap.az\/index.php?rest_route=\/wp\/v2\/product"}],"about":[{"href":"https:\/\/setap.az\/index.php?rest_route=\/wp\/v2\/types\/product"}],"replies":[{"embeddable":true,"href":"https:\/\/setap.az\/index.php?rest_route=%2Fwp%2Fv2%2Fcomments&post=19977"}],"wp:featuredmedia":[{"embeddable":true,"href":"https:\/\/setap.az\/index.php?rest_route=\/wp\/v2\/media\/19978"}],"wp:attachment":[{"href":"https:\/\/setap.az\/index.php?rest_route=%2Fwp%2Fv2%2Fmedia&parent=19977"}],"wp:term":[{"taxonomy":"product_cat","embeddable":true,"href":"https:\/\/setap.az\/index.php?rest_route=%2Fwp%2Fv2%2Fproduct_cat&post=19977"},{"taxonomy":"product_tag","embeddable":true,"href":"https:\/\/setap.az\/index.php?rest_route=%2Fwp%2Fv2%2Fproduct_tag&post=19977"}],"curies":[{"name":"wp","href":"https:\/\/api.w.org\/{rel}","templated":true}]}}