{"id":19979,"date":"2025-08-23T14:35:35","date_gmt":"2025-08-23T10:35:35","guid":{"rendered":"https:\/\/setap.az\/?post_type=product&#038;p=19979"},"modified":"2025-08-23T14:55:39","modified_gmt":"2025-08-23T10:55:39","slug":"kabel-apple-lightning-usb-mque2zm-a","status":"publish","type":"product","link":"https:\/\/setap.az\/?product=kabel-apple-lightning-usb-mque2zm-a","title":{"rendered":"Kabel Apple Lightning\/USB (MQUE2ZM\/A)"},"content":{"rendered":"<p>Apple Lightning\/USB Kabel (MQUE2ZM\/A) <\/p>\n<p>Uy\u011funluq: iPhone, iPad, iPod<\/p>\n<p>Funksiya: \u015earj v\u0259 data \u00f6t\u00fcr\u00fclm\u0259si<\/p>\n<p>Uzunluq: 1 m<\/p>\n<p>Orijinal Apple aksesuar\u0131<\/p>\n","protected":false},"excerpt":{"rendered":"<p>Apple Lightning\/USB Kabel (MQUE2ZM\/A) Uy\u011funluq: iPhone, iPad, iPod Funksiya: \u015earj v\u0259 data \u00f6t\u00fcr\u00fclm\u0259si Uzunluq: 1 m Orijinal Apple aksesuar\u0131<\/p>\n","protected":false},"featured_media":19980,"comment_status":"open","ping_status":"closed","template":"","meta":[],"product_cat":[2805,2808,2834,4679],"product_tag":[4657,4672,4663,4671,4670,4669,4667,4673,4668,4029],"class_list":{"0":"post-19979","1":"product","2":"type-product","3":"status-publish","4":"has-post-thumbnail","6":"product_cat-enerji-tminati","7":"product_cat-kabel-mhsullari","8":"product_cat-usb-adapterlr","9":"product_cat-usb-kabellr","10":"product_tag-apple","11":"product_tag-appleaccessories","12":"product_tag-appleoriginal","13":"product_tag-datatransfer","14":"product_tag-fastcharging","15":"product_tag-iphonecable","16":"product_tag-lightningcable","17":"product_tag-lightningtousb","18":"product_tag-mque2zma","19":"product_tag-usb","20":"description-off","22":"first","23":"instock","24":"shipping-taxable","25":"purchasable","26":"product-type-simple"},"_links":{"self":[{"href":"https:\/\/setap.az\/index.php?rest_route=\/wp\/v2\/product\/19979","targetHints":{"allow":["GET"]}}],"collection":[{"href":"https:\/\/setap.az\/index.php?rest_route=\/wp\/v2\/product"}],"about":[{"href":"https:\/\/setap.az\/index.php?rest_route=\/wp\/v2\/types\/product"}],"replies":[{"embeddable":true,"href":"https:\/\/setap.az\/index.php?rest_route=%2Fwp%2Fv2%2Fcomments&post=19979"}],"wp:featuredmedia":[{"embeddable":true,"href":"https:\/\/setap.az\/index.php?rest_route=\/wp\/v2\/media\/19980"}],"wp:attachment":[{"href":"https:\/\/setap.az\/index.php?rest_route=%2Fwp%2Fv2%2Fmedia&parent=19979"}],"wp:term":[{"taxonomy":"product_cat","embeddable":true,"href":"https:\/\/setap.az\/index.php?rest_route=%2Fwp%2Fv2%2Fproduct_cat&post=19979"},{"taxonomy":"product_tag","embeddable":true,"href":"https:\/\/setap.az\/index.php?rest_route=%2Fwp%2Fv2%2Fproduct_tag&post=19979"}],"curies":[{"name":"wp","href":"https:\/\/api.w.org\/{rel}","templated":true}]}}