{"id":19981,"date":"2025-08-23T14:39:10","date_gmt":"2025-08-23T10:39:10","guid":{"rendered":"https:\/\/setap.az\/?post_type=product&#038;p=19981"},"modified":"2025-08-23T14:43:28","modified_gmt":"2025-08-23T10:43:28","slug":"lightning-iphone-to-usb-kabel-awei-cl-25","status":"publish","type":"product","link":"https:\/\/setap.az\/?product=lightning-iphone-to-usb-kabel-awei-cl-25","title":{"rendered":"Lightning iPhone to USB Kabel AWEI CL-25"},"content":{"rendered":"<p>AWEI CL-25 Lightning to USB Kabel <\/p>\n<p>Uy\u011funluq: iPhone, iPad, iPod<\/p>\n<p>Funksiya: \u015earj v\u0259 data \u00f6t\u00fcr\u00fclm\u0259si<\/p>\n<p>Uzunluq: 1 m<\/p>\n<p>Dayan\u0131ql\u0131 material, s\u00fcr\u0259tli \u00f6t\u00fcrm\u0259<\/p>\n","protected":false},"excerpt":{"rendered":"<p>AWEI CL-25 Lightning to USB Kabel Uy\u011funluq: iPhone, iPad, iPod Funksiya: \u015earj v\u0259 data \u00f6t\u00fcr\u00fclm\u0259si Uzunluq: 1 m Dayan\u0131ql\u0131 material, s\u00fcr\u0259tli \u00f6t\u00fcrm\u0259<\/p>\n","protected":false},"featured_media":19982,"comment_status":"open","ping_status":"closed","template":"","meta":[],"product_cat":[2805,2834,4679],"product_tag":[4674,4678,4675,4671,4677,4670,4669,4667,4676,4029],"class_list":{"0":"post-19981","1":"product","2":"type-product","3":"status-publish","4":"has-post-thumbnail","6":"product_cat-enerji-tminati","7":"product_cat-usb-adapterlr","8":"product_cat-usb-kabellr","9":"product_tag-awei","10":"product_tag-aweioriginal","11":"product_tag-cl25","12":"product_tag-datatransfer","13":"product_tag-durablecable","14":"product_tag-fastcharging","15":"product_tag-iphonecable","16":"product_tag-lightningcable","17":"product_tag-mobileaccessories","18":"product_tag-usb","19":"description-off","21":"first","22":"instock","23":"shipping-taxable","24":"purchasable","25":"product-type-simple"},"_links":{"self":[{"href":"https:\/\/setap.az\/index.php?rest_route=\/wp\/v2\/product\/19981","targetHints":{"allow":["GET"]}}],"collection":[{"href":"https:\/\/setap.az\/index.php?rest_route=\/wp\/v2\/product"}],"about":[{"href":"https:\/\/setap.az\/index.php?rest_route=\/wp\/v2\/types\/product"}],"replies":[{"embeddable":true,"href":"https:\/\/setap.az\/index.php?rest_route=%2Fwp%2Fv2%2Fcomments&post=19981"}],"wp:featuredmedia":[{"embeddable":true,"href":"https:\/\/setap.az\/index.php?rest_route=\/wp\/v2\/media\/19982"}],"wp:attachment":[{"href":"https:\/\/setap.az\/index.php?rest_route=%2Fwp%2Fv2%2Fmedia&parent=19981"}],"wp:term":[{"taxonomy":"product_cat","embeddable":true,"href":"https:\/\/setap.az\/index.php?rest_route=%2Fwp%2Fv2%2Fproduct_cat&post=19981"},{"taxonomy":"product_tag","embeddable":true,"href":"https:\/\/setap.az\/index.php?rest_route=%2Fwp%2Fv2%2Fproduct_tag&post=19981"}],"curies":[{"name":"wp","href":"https:\/\/api.w.org\/{rel}","templated":true}]}}