{"id":19988,"date":"2025-08-25T10:02:42","date_gmt":"2025-08-25T06:02:42","guid":{"rendered":"https:\/\/setap.az\/?post_type=product&#038;p=19988"},"modified":"2025-08-25T10:02:43","modified_gmt":"2025-08-25T06:02:43","slug":"voltam-vk-12-horizontal-kabel-organayzer-1u","status":"publish","type":"product","link":"https:\/\/setap.az\/?product=voltam-vk-12-horizontal-kabel-organayzer-1u","title":{"rendered":"VOLTAM VK-12 Horizontal Kabel Organayzer 1U"},"content":{"rendered":"<p>Tip: Horizontal kabel t\u0259\u015fkilat\u00e7\u0131s\u0131<\/p>\n<p>\u00d6l\u00e7\u00fc: 1U (rack montaj \u00fc\u00e7\u00fcn)<\/p>\n<p>Funksiya: \u015ekaf i\u00e7ind\u0259 kabell\u0259rin s\u0259liq\u0259li idar\u0259si<\/p>\n<p>Material: Dayan\u0131ql\u0131 metal konstruksiya<\/p>\n","protected":false},"excerpt":{"rendered":"<p>Tip: Horizontal kabel t\u0259\u015fkilat\u00e7\u0131s\u0131 \u00d6l\u00e7\u00fc: 1U (rack montaj \u00fc\u00e7\u00fcn) Funksiya: \u015ekaf i\u00e7ind\u0259 kabell\u0259rin s\u0259liq\u0259li idar\u0259si Material: Dayan\u0131ql\u0131 metal konstruksiya<\/p>\n","protected":false},"featured_media":19989,"comment_status":"open","ping_status":"closed","template":"","meta":[],"product_cat":[2845,15],"product_tag":[4699,4701,4697,4698,4703,4700,4702,3454,4696,4120],"class_list":{"0":"post-19988","1":"product","2":"type-product","3":"status-publish","4":"has-post-thumbnail","6":"product_cat-kronsteyn-v-brkidicilr","7":"product_cat-umumi","8":"product_tag-1u","9":"product_tag-cablemanagement","10":"product_tag-cableorganizer","11":"product_tag-horizontalorganizer","12":"product_tag-networkrack","13":"product_tag-rackmount","14":"product_tag-serveraccessories","15":"product_tag-structuredcabling","16":"product_tag-vk12","17":"product_tag-voltam","18":"description-off","20":"first","21":"instock","22":"shipping-taxable","23":"purchasable","24":"product-type-simple"},"_links":{"self":[{"href":"https:\/\/setap.az\/index.php?rest_route=\/wp\/v2\/product\/19988","targetHints":{"allow":["GET"]}}],"collection":[{"href":"https:\/\/setap.az\/index.php?rest_route=\/wp\/v2\/product"}],"about":[{"href":"https:\/\/setap.az\/index.php?rest_route=\/wp\/v2\/types\/product"}],"replies":[{"embeddable":true,"href":"https:\/\/setap.az\/index.php?rest_route=%2Fwp%2Fv2%2Fcomments&post=19988"}],"wp:featuredmedia":[{"embeddable":true,"href":"https:\/\/setap.az\/index.php?rest_route=\/wp\/v2\/media\/19989"}],"wp:attachment":[{"href":"https:\/\/setap.az\/index.php?rest_route=%2Fwp%2Fv2%2Fmedia&parent=19988"}],"wp:term":[{"taxonomy":"product_cat","embeddable":true,"href":"https:\/\/setap.az\/index.php?rest_route=%2Fwp%2Fv2%2Fproduct_cat&post=19988"},{"taxonomy":"product_tag","embeddable":true,"href":"https:\/\/setap.az\/index.php?rest_route=%2Fwp%2Fv2%2Fproduct_tag&post=19988"}],"curies":[{"name":"wp","href":"https:\/\/api.w.org\/{rel}","templated":true}]}}