{"id":20000,"date":"2025-08-27T12:37:37","date_gmt":"2025-08-27T08:37:37","guid":{"rendered":"https:\/\/setap.az\/?post_type=product&#038;p=20000"},"modified":"2025-08-27T12:37:37","modified_gmt":"2025-08-27T08:37:37","slug":"5-port-desktop-switch-tp-link-ls1005","status":"publish","type":"product","link":"https:\/\/setap.az\/?product=5-port-desktop-switch-tp-link-ls1005","title":{"rendered":"5-Port Desktop Switch TP-Link LS1005"},"content":{"rendered":"<p>TP-Link LS1005 \u2013 ki\u00e7ik ofisl\u0259r v\u0259 ev \u015f\u0259b\u0259k\u0259l\u0259ri \u00fc\u00e7\u00fcn n\u0259z\u0259rd\u0259 tutulmu\u015f 5-portlu masa\u00fcst\u00fc \u015f\u0259b\u0259k\u0259 switch-dir.<\/p>\n<p>5 10\/100 Mbps port \u2013 y\u00fcks\u0259k s\u00fcr\u0259tli v\u0259 stabil \u015f\u0259b\u0259k\u0259 ba\u011flant\u0131s\u0131<\/p>\n<p>Plug and Play \u2013 \u0259lav\u0259 qura\u015fd\u0131rmaya ehtiyac yoxdur<\/p>\n<p>Auto-MDI\/MDIX \u2013 krossover kabell\u0259r\u0259 ehtiyac qalm\u0131r<\/p>\n<p>Enerji q\u0259na\u0259ti texnologiyas\u0131 \u2013 avtomatik olaraq \u015f\u0259b\u0259k\u0259 y\u00fck\u00fcn\u0259 uy\u011fun enerji istehlak\u0131n\u0131 azald\u0131r<\/p>\n<p>Sakit v\u0259 ventilyatorsuz dizayn \u2013 s\u0259s-k\u00fcy yaratmadan i\u015fl\u0259yir<\/p>\n<p>Kompakt \u00f6l\u00e7\u00fcl\u00fc v\u0259 masa\u00fcst\u00fc qura\u015fd\u0131rmaya uy\u011fun<\/p>\n","protected":false},"excerpt":{"rendered":"<p>TP-Link LS1005 \u2013 ki\u00e7ik ofisl\u0259r v\u0259 ev \u015f\u0259b\u0259k\u0259l\u0259ri \u00fc\u00e7\u00fcn n\u0259z\u0259rd\u0259 tutulmu\u015f 5-portlu masa\u00fcst\u00fc \u015f\u0259b\u0259k\u0259 switch-dir. 5 10\/100 Mbps port \u2013 y\u00fcks\u0259k s\u00fcr\u0259tli v\u0259 stabil \u015f\u0259b\u0259k\u0259 ba\u011flant\u0131s\u0131 Plug and Play \u2013 \u0259lav\u0259 qura\u015fd\u0131rmaya ehtiyac yoxdur Auto-MDI\/MDIX \u2013 krossover kabell\u0259r\u0259 ehtiyac qalm\u0131r Enerji q\u0259na\u0259ti texnologiyas\u0131 \u2013 avtomatik olaraq \u015f\u0259b\u0259k\u0259 y\u00fck\u00fcn\u0259 uy\u011fun enerji istehlak\u0131n\u0131 azald\u0131r Sakit v\u0259 ventilyatorsuz&hellip;<\/p>\n","protected":false},"featured_media":20001,"comment_status":"open","ping_status":"closed","template":"","meta":[],"product_cat":[2826,3060],"product_tag":[4712],"class_list":{"0":"post-20000","1":"product","2":"type-product","3":"status-publish","4":"has-post-thumbnail","6":"product_cat-sbk-avadanligi-wi-fi","7":"product_cat-switch","8":"product_tag-tplink-ls1005-5port-desktopswitch-network-ethernet-plugandplay-shabaka-internet-texnologiya","9":"description-off","11":"first","12":"instock","13":"shipping-taxable","14":"purchasable","15":"product-type-simple"},"_links":{"self":[{"href":"https:\/\/setap.az\/index.php?rest_route=\/wp\/v2\/product\/20000","targetHints":{"allow":["GET"]}}],"collection":[{"href":"https:\/\/setap.az\/index.php?rest_route=\/wp\/v2\/product"}],"about":[{"href":"https:\/\/setap.az\/index.php?rest_route=\/wp\/v2\/types\/product"}],"replies":[{"embeddable":true,"href":"https:\/\/setap.az\/index.php?rest_route=%2Fwp%2Fv2%2Fcomments&post=20000"}],"wp:featuredmedia":[{"embeddable":true,"href":"https:\/\/setap.az\/index.php?rest_route=\/wp\/v2\/media\/20001"}],"wp:attachment":[{"href":"https:\/\/setap.az\/index.php?rest_route=%2Fwp%2Fv2%2Fmedia&parent=20000"}],"wp:term":[{"taxonomy":"product_cat","embeddable":true,"href":"https:\/\/setap.az\/index.php?rest_route=%2Fwp%2Fv2%2Fproduct_cat&post=20000"},{"taxonomy":"product_tag","embeddable":true,"href":"https:\/\/setap.az\/index.php?rest_route=%2Fwp%2Fv2%2Fproduct_tag&post=20000"}],"curies":[{"name":"wp","href":"https:\/\/api.w.org\/{rel}","templated":true}]}}