{"id":20002,"date":"2025-08-27T12:49:37","date_gmt":"2025-08-27T08:49:37","guid":{"rendered":"https:\/\/setap.az\/?post_type=product&#038;p=20002"},"modified":"2025-08-27T12:49:37","modified_gmt":"2025-08-27T08:49:37","slug":"8-port-kommutator-tp-link-tl-sf1008d","status":"publish","type":"product","link":"https:\/\/setap.az\/?product=8-port-kommutator-tp-link-tl-sf1008d","title":{"rendered":"8-Port Kommutator TP-Link TL-SF1008D"},"content":{"rendered":"<p>TP-Link TL-SF1008D \u2013 ev v\u0259 ki\u00e7ik ofisl\u0259r \u00fc\u00e7\u00fcn n\u0259z\u0259rd\u0259 tutulmu\u015f 8-portlu Fast Ethernet switch-dir.<\/p>\n<p>\u018fsas x\u00fcsusiyy\u0259tl\u0259r:<\/p>\n<p>8 x 10\/100 Mbps RJ45 port \u2013 Auto-Negotiation v\u0259 Auto-MDI\/MDIX d\u0259st\u0259yi<\/p>\n<p>IEEE 802.3x Flow Control \u2013 sabit v\u0259 etibarl\u0131 m\u0259lumat \u00f6t\u00fcr\u00fclm\u0259si<\/p>\n<p>Jumbo Frame 10KB d\u0259st\u0259yi \u2013 iri fayllar\u0131n s\u00fcr\u0259tli \u00f6t\u00fcr\u00fclm\u0259si<\/p>\n<p>Green Ethernet texnologiyas\u0131 \u2013 enerji s\u0259rfiyyat\u0131n\u0131 73%-d\u0259k azald\u0131r<\/p>\n<p>Kompakt plastik korpus \u2013 masa\u00fcst\u00fc qura\u015fd\u0131rma \u00fc\u00e7\u00fcn ideal<\/p>\n<p>Plug and Play \u2013 \u0259lav\u0259 proqram t\u0259minat\u0131 v\u0259 ya konfiqurasiya t\u0259l\u0259b etmir<\/p>\n<p>RoHS standart\u0131 \u2013 ekoloji c\u0259h\u0259td\u0259n t\u0259hl\u00fck\u0259siz, qabla\u015fd\u0131rmas\u0131n\u0131n 70%-i t\u0259krar emal edil\u0259 bilir<\/p>\n","protected":false},"excerpt":{"rendered":"<p>TP-Link TL-SF1008D \u2013 ev v\u0259 ki\u00e7ik ofisl\u0259r \u00fc\u00e7\u00fcn n\u0259z\u0259rd\u0259 tutulmu\u015f 8-portlu Fast Ethernet switch-dir. \u018fsas x\u00fcsusiyy\u0259tl\u0259r: 8 x 10\/100 Mbps RJ45 port \u2013 Auto-Negotiation v\u0259 Auto-MDI\/MDIX d\u0259st\u0259yi IEEE 802.3x Flow Control \u2013 sabit v\u0259 etibarl\u0131 m\u0259lumat \u00f6t\u00fcr\u00fclm\u0259si Jumbo Frame 10KB d\u0259st\u0259yi \u2013 iri fayllar\u0131n s\u00fcr\u0259tli \u00f6t\u00fcr\u00fclm\u0259si Green Ethernet texnologiyas\u0131 \u2013 enerji s\u0259rfiyyat\u0131n\u0131 73%-d\u0259k azald\u0131r Kompakt&hellip;<\/p>\n","protected":false},"featured_media":20003,"comment_status":"open","ping_status":"closed","template":"","meta":[],"product_cat":[2826,3060],"product_tag":[4713],"class_list":{"0":"post-20002","1":"product","2":"type-product","3":"status-publish","4":"has-post-thumbnail","6":"product_cat-sbk-avadanligi-wi-fi","7":"product_cat-switch","8":"product_tag-tplink-tlsf1008d-8port-switch-fastethernet-network-plugandplay-greenethernet-internet-office","9":"description-off","11":"first","12":"instock","13":"shipping-taxable","14":"purchasable","15":"product-type-simple"},"_links":{"self":[{"href":"https:\/\/setap.az\/index.php?rest_route=\/wp\/v2\/product\/20002","targetHints":{"allow":["GET"]}}],"collection":[{"href":"https:\/\/setap.az\/index.php?rest_route=\/wp\/v2\/product"}],"about":[{"href":"https:\/\/setap.az\/index.php?rest_route=\/wp\/v2\/types\/product"}],"replies":[{"embeddable":true,"href":"https:\/\/setap.az\/index.php?rest_route=%2Fwp%2Fv2%2Fcomments&post=20002"}],"wp:featuredmedia":[{"embeddable":true,"href":"https:\/\/setap.az\/index.php?rest_route=\/wp\/v2\/media\/20003"}],"wp:attachment":[{"href":"https:\/\/setap.az\/index.php?rest_route=%2Fwp%2Fv2%2Fmedia&parent=20002"}],"wp:term":[{"taxonomy":"product_cat","embeddable":true,"href":"https:\/\/setap.az\/index.php?rest_route=%2Fwp%2Fv2%2Fproduct_cat&post=20002"},{"taxonomy":"product_tag","embeddable":true,"href":"https:\/\/setap.az\/index.php?rest_route=%2Fwp%2Fv2%2Fproduct_tag&post=20002"}],"curies":[{"name":"wp","href":"https:\/\/api.w.org\/{rel}","templated":true}]}}