{"id":20006,"date":"2025-08-27T14:08:44","date_gmt":"2025-08-27T10:08:44","guid":{"rendered":"https:\/\/setap.az\/?post_type=product&#038;p=20006"},"modified":"2025-08-27T14:08:45","modified_gmt":"2025-08-27T10:08:45","slug":"microlab-m-300-2-1-akustik-sistem","status":"publish","type":"product","link":"https:\/\/setap.az\/?product=microlab-m-300-2-1-akustik-sistem","title":{"rendered":"Microlab M-300 2.1 Akustik sistem"},"content":{"rendered":"<p>Microlab M-300 2.1 akustik sistem &#8211; z\u0259rif dizayn arxas\u0131nda g\u00fccl\u00fc, balansla\u015fd\u0131r\u0131lm\u0131\u015f, t\u0259miz s\u0259s\u0259 malik m\u00fcasir stero sistem.<\/p>\n<p>TEXN\u0130K\u0130 X\u00dcSUS\u0130YY\u018fTL\u018fR:<\/p>\n<p>\u00c7\u0131x\u0131\u015f g\u00fcc\u00fc: 40 Watt RMS (2\u00d710W +20W)<br \/>\nDinamikl\u0259rin diametri: sabvufer: 5&#8243;; satellitl\u0259r: 2.5&#8243;<br \/>\nTezlik: 40-20 000 Hz<br \/>\nS\u0259s nisb\u0259ti: 75 dB<br \/>\nTHD: 0,3% @ 1Vt, 1kHz<br \/>\n\u0130NTERFEYS:<\/p>\n<p>\u00c7\u0131x\u0131\u015f: 2RCA<br \/>\nGiri\u015f: 3,5 mm Jack<br \/>\n\u00d6L\u00c7\u00dcL\u018fR<\/p>\n<p>\u00d6l\u00e7\u00fcl\u0259r (satellitl\u0259r): 80\u00d7178\u00d783 mm<br \/>\n\u00d6l\u00e7\u00fcl\u0259r (sabvufer): 165\u00d7212\u00d7313 mm<br \/>\n\u00c7\u0259kisi: 3,2 kq<\/p>\n","protected":false},"excerpt":{"rendered":"<p>Microlab M-300 2.1 akustik sistem &#8211; z\u0259rif dizayn arxas\u0131nda g\u00fccl\u00fc, balansla\u015fd\u0131r\u0131lm\u0131\u015f, t\u0259miz s\u0259s\u0259 malik m\u00fcasir stero sistem. TEXN\u0130K\u0130 X\u00dcSUS\u0130YY\u018fTL\u018fR: \u00c7\u0131x\u0131\u015f g\u00fcc\u00fc: 40 Watt RMS (2\u00d710W +20W) Dinamikl\u0259rin diametri: sabvufer: 5&#8243;; satellitl\u0259r: 2.5&#8243; Tezlik: 40-20 000 Hz S\u0259s nisb\u0259ti: 75 dB THD: 0,3% @ 1Vt, 1kHz \u0130NTERFEYS: \u00c7\u0131x\u0131\u015f: 2RCA Giri\u015f: 3,5 mm Jack \u00d6L\u00c7\u00dcL\u018fR \u00d6l\u00e7\u00fcl\u0259r (satellitl\u0259r):&hellip;<\/p>\n","protected":false},"featured_media":20007,"comment_status":"open","ping_status":"closed","template":"","meta":[],"product_cat":[2799,2800],"product_tag":[4715],"class_list":{"0":"post-20006","1":"product","2":"type-product","3":"status-publish","4":"has-post-thumbnail","6":"product_cat-kolonkalar","7":"product_cat-ss-guclndiricilr","8":"product_tag-microlab-m300-akustiksistem-2-1sistem-musqi-bass-stereo-sound-speakers-komputerucun-hometheater-audiotech-evucun","9":"description-off","11":"first","12":"instock","13":"shipping-taxable","14":"purchasable","15":"product-type-simple"},"_links":{"self":[{"href":"https:\/\/setap.az\/index.php?rest_route=\/wp\/v2\/product\/20006","targetHints":{"allow":["GET"]}}],"collection":[{"href":"https:\/\/setap.az\/index.php?rest_route=\/wp\/v2\/product"}],"about":[{"href":"https:\/\/setap.az\/index.php?rest_route=\/wp\/v2\/types\/product"}],"replies":[{"embeddable":true,"href":"https:\/\/setap.az\/index.php?rest_route=%2Fwp%2Fv2%2Fcomments&post=20006"}],"wp:featuredmedia":[{"embeddable":true,"href":"https:\/\/setap.az\/index.php?rest_route=\/wp\/v2\/media\/20007"}],"wp:attachment":[{"href":"https:\/\/setap.az\/index.php?rest_route=%2Fwp%2Fv2%2Fmedia&parent=20006"}],"wp:term":[{"taxonomy":"product_cat","embeddable":true,"href":"https:\/\/setap.az\/index.php?rest_route=%2Fwp%2Fv2%2Fproduct_cat&post=20006"},{"taxonomy":"product_tag","embeddable":true,"href":"https:\/\/setap.az\/index.php?rest_route=%2Fwp%2Fv2%2Fproduct_tag&post=20006"}],"curies":[{"name":"wp","href":"https:\/\/api.w.org\/{rel}","templated":true}]}}