{"id":20008,"date":"2025-08-27T14:14:57","date_gmt":"2025-08-27T10:14:57","guid":{"rendered":"https:\/\/setap.az\/?post_type=product&#038;p=20008"},"modified":"2025-08-27T14:14:58","modified_gmt":"2025-08-27T10:14:58","slug":"mini-stereo-kalonkalar-jtl-e-s421","status":"publish","type":"product","link":"https:\/\/setap.az\/?product=mini-stereo-kalonkalar-jtl-e-s421","title":{"rendered":"Mini Stereo Kalonkalar JTL E-S421"},"content":{"rendered":"<p>Mini Stereo Kalonkalar JTL E-S421 \u2013 kompak\u0442 v\u0259 da\u015f\u0131nmas\u0131 asan akustik sistemdir. Portativ dizayna sahib oldu\u011fu \u00fc\u00e7\u00fcn ist\u0259r evd\u0259, ist\u0259rs\u0259 d\u0259 \u00e7\u00f6ld\u0259 istifad\u0259 \u00fc\u00e7\u00fcn \u0259lveri\u015flidir. Stereo s\u0259s texnologiyas\u0131 il\u0259 t\u0259miz v\u0259 balansl\u0131 s\u0259s t\u0259qdim edir. USB v\u0259 AUX ba\u011flant\u0131s\u0131 il\u0259 m\u00fcxt\u0259lif cihazlara qo\u015fula bilir. Enerji bax\u0131m\u0131ndan q\u0259na\u0259tcil, g\u00fcnd\u0259lik istifad\u0259y\u0259 uy\u011fun se\u00e7imdir.<\/p>\n","protected":false},"excerpt":{"rendered":"<p>Mini Stereo Kalonkalar JTL E-S421 \u2013 kompak\u0442 v\u0259 da\u015f\u0131nmas\u0131 asan akustik sistemdir. Portativ dizayna sahib oldu\u011fu \u00fc\u00e7\u00fcn ist\u0259r evd\u0259, ist\u0259rs\u0259 d\u0259 \u00e7\u00f6ld\u0259 istifad\u0259 \u00fc\u00e7\u00fcn \u0259lveri\u015flidir. Stereo s\u0259s texnologiyas\u0131 il\u0259 t\u0259miz v\u0259 balansl\u0131 s\u0259s t\u0259qdim edir. USB v\u0259 AUX ba\u011flant\u0131s\u0131 il\u0259 m\u00fcxt\u0259lif cihazlara qo\u015fula bilir. Enerji bax\u0131m\u0131ndan q\u0259na\u0259tcil, g\u00fcnd\u0259lik istifad\u0259y\u0259 uy\u011fun se\u00e7imdir.<\/p>\n","protected":false},"featured_media":20009,"comment_status":"open","ping_status":"closed","template":"","meta":[],"product_cat":[2798,2799,2800],"product_tag":[4716],"class_list":{"0":"post-20008","1":"product","2":"type-product","3":"status-publish","4":"has-post-thumbnail","6":"product_cat-anons-v-musiqi-yayim-sistemlri","7":"product_cat-kolonkalar","8":"product_cat-ss-guclndiricilr","9":"product_tag-jtl-es421-stereokalonkalar-minikolonka-portativss-akustiksistem-stereosound-kompakt-audiotech-musqi-evucun-notbukucun-telefonucun-usbkolonka-auxkolonka","10":"description-off","12":"first","13":"instock","14":"shipping-taxable","15":"purchasable","16":"product-type-simple"},"_links":{"self":[{"href":"https:\/\/setap.az\/index.php?rest_route=\/wp\/v2\/product\/20008","targetHints":{"allow":["GET"]}}],"collection":[{"href":"https:\/\/setap.az\/index.php?rest_route=\/wp\/v2\/product"}],"about":[{"href":"https:\/\/setap.az\/index.php?rest_route=\/wp\/v2\/types\/product"}],"replies":[{"embeddable":true,"href":"https:\/\/setap.az\/index.php?rest_route=%2Fwp%2Fv2%2Fcomments&post=20008"}],"wp:featuredmedia":[{"embeddable":true,"href":"https:\/\/setap.az\/index.php?rest_route=\/wp\/v2\/media\/20009"}],"wp:attachment":[{"href":"https:\/\/setap.az\/index.php?rest_route=%2Fwp%2Fv2%2Fmedia&parent=20008"}],"wp:term":[{"taxonomy":"product_cat","embeddable":true,"href":"https:\/\/setap.az\/index.php?rest_route=%2Fwp%2Fv2%2Fproduct_cat&post=20008"},{"taxonomy":"product_tag","embeddable":true,"href":"https:\/\/setap.az\/index.php?rest_route=%2Fwp%2Fv2%2Fproduct_tag&post=20008"}],"curies":[{"name":"wp","href":"https:\/\/api.w.org\/{rel}","templated":true}]}}