{"id":20010,"date":"2025-08-27T15:16:04","date_gmt":"2025-08-27T11:16:04","guid":{"rendered":"https:\/\/setap.az\/?post_type=product&#038;p=20010"},"modified":"2026-01-21T12:36:44","modified_gmt":"2026-01-21T08:36:44","slug":"1mp-hdcvi-kamera-dahua-dh-hac-hm3100lp-f","status":"publish","type":"product","link":"https:\/\/setap.az\/?product=1mp-hdcvi-kamera-dahua-dh-hac-hm3100lp-f","title":{"rendered":"Dahua DH-HAC-HM3100LP-F 1Mp HDCVI Kamera"},"content":{"rendered":"<p>Dahua DH-HAC-HM3100LP-F \u2014 HDCVI analoq kamera (IP deyil)<br \/>\nT\u0259xmin\u0259n 1 MP (1280\u00d7720) HD g\u00f6r\u00fcnt\u00fc (720P).<br \/>\nSensor: 1\/2.7\u2033 CMOS \u2013 ayd\u0131n \u015f\u0259kil v\u0259 yax\u015f\u0131 r\u0259ng tutumu.<br \/>\nLinza: Sabit linza (t\u0259qrib\u0259n 2.8 mm) il\u0259 geni\u015f bax\u0131\u015f sah\u0259si (~116\u00b0).<br \/>\nG\u00fcn\/Gece: Auto ICR \u2013 g\u00fcnd\u00fcz r\u0259ngli, gec\u0259 is\u0259 avtomatik rejim\u0259 ke\u00e7ir.<br \/>\nVideo yax\u015f\u0131la\u015fd\u0131rma: DWDR \/ BLC \/ HLC \/ 2D DNR funksiyalar\u0131 il\u0259 kontrast yax\u015f\u0131la\u015fd\u0131rma.<br \/>\nAudio: Daxili mikrofon il\u0259 s\u0259s qeyd imkanl\u0131 (b\u0259z\u0259n).<br \/>\n\u018ftraf m\u00fchit: \u0130\u015fl\u0259m\u0259 temperaturu -40 \u00b0C ~ +60 \u00b0C \u2013 s\u0259rt m\u00fchitl\u0259r \u00fc\u00e7\u00fcn uy\u011fundur.<br \/>\nBax\u0131\u015f buca\u011f\u0131: Yax\u0131n ~116\u00b0 geni\u015f g\u00f6r\u00fcn\u00fc\u015f sah\u0259si.<br \/>\nGec\u0259 g\u00f6rm\u0259: \u018fn\u0259n\u0259vi IR led yox, g\u00fcn\/gec\u0259 avtomatik ke\u00e7id rejimi il\u0259 \u00e7al\u0131\u015f\u0131r.<br \/>\nEnerji: 12 V DC il\u0259 i\u015fl\u0259yir v\u0259 aviation connector tipli qo\u015fulma istifad\u0259 olunur.<br \/>\n\u2022 HDCVI analoq DVR sisteml\u0259ri \u00fc\u00e7\u00fcn uy\u011fundur \u2013 k\u00f6hn\u0259 v\u0259 yeni sisteml\u0259rl\u0259 rahat inteqrasiya olur.<br \/>\n\u2022 Ayd\u0131n HD g\u00f6r\u00fcnt\u00fc v\u0259 geni\u015f bax\u0131\u015f buca\u011f\u0131 il\u0259 koridor v\u0259 a\u00e7\u0131q sah\u0259l\u0259r \u00fc\u00e7\u00fcn uy\u011fundur.<br \/>\n\u2022 Sad\u0259 qura\u015fd\u0131rma v\u0259 a\u015fa\u011f\u0131 x\u0259rcli h\u0259ll ist\u0259y\u0259nl\u0259r \u00fc\u00e7\u00fcn ideal se\u00e7imdir.<\/p>\n","protected":false},"excerpt":{"rendered":"<p>Dahua DH-HAC-HM3100LP-F \u2014 HDCVI analoq kamera (IP deyil) T\u0259xmin\u0259n 1 MP (1280\u00d7720) HD g\u00f6r\u00fcnt\u00fc (720P). Sensor: 1\/2.7\u2033 CMOS \u2013 ayd\u0131n \u015f\u0259kil v\u0259 yax\u015f\u0131 r\u0259ng tutumu. Linza: Sabit linza (t\u0259qrib\u0259n 2.8 mm) il\u0259 geni\u015f bax\u0131\u015f sah\u0259si (~116\u00b0). G\u00fcn\/Gece: Auto ICR \u2013 g\u00fcnd\u00fcz r\u0259ngli, gec\u0259 is\u0259 avtomatik rejim\u0259 ke\u00e7ir. Video yax\u015f\u0131la\u015fd\u0131rma: DWDR \/ BLC \/ HLC \/&hellip;<\/p>\n","protected":false},"featured_media":20011,"comment_status":"open","ping_status":"closed","template":"","meta":[],"product_cat":[2802,4086,5271,2849,2841],"product_tag":[4722,3575,4723,4505,4719,4717,4718,4721,4720,3142],"class_list":{"0":"post-20010","1":"product","2":"type-product","3":"status-publish","4":"has-post-thumbnail","6":"product_cat-analoq","7":"product_cat-dahua","8":"product_cat-thluksizlik-kamerasi","9":"product_cat-videokameralar","10":"product_cat-videonzart","11":"product_tag-agbalansi","12":"product_tag-dahua","13":"product_tag-gunduzgecgoruntu","14":"product_tag-hdcvi","15":"product_tag-hdvideo","16":"product_tag-mobilkamera","17":"product_tag-nqliyyatthluksizliyi","18":"product_tag-sadqurasdirma","19":"product_tag-sokmuqavimti","20":"product_tag-thluksizlik","21":"description-off","23":"first","24":"instock","25":"shipping-taxable","26":"purchasable","27":"product-type-simple"},"_links":{"self":[{"href":"https:\/\/setap.az\/index.php?rest_route=\/wp\/v2\/product\/20010","targetHints":{"allow":["GET"]}}],"collection":[{"href":"https:\/\/setap.az\/index.php?rest_route=\/wp\/v2\/product"}],"about":[{"href":"https:\/\/setap.az\/index.php?rest_route=\/wp\/v2\/types\/product"}],"replies":[{"embeddable":true,"href":"https:\/\/setap.az\/index.php?rest_route=%2Fwp%2Fv2%2Fcomments&post=20010"}],"wp:featuredmedia":[{"embeddable":true,"href":"https:\/\/setap.az\/index.php?rest_route=\/wp\/v2\/media\/20011"}],"wp:attachment":[{"href":"https:\/\/setap.az\/index.php?rest_route=%2Fwp%2Fv2%2Fmedia&parent=20010"}],"wp:term":[{"taxonomy":"product_cat","embeddable":true,"href":"https:\/\/setap.az\/index.php?rest_route=%2Fwp%2Fv2%2Fproduct_cat&post=20010"},{"taxonomy":"product_tag","embeddable":true,"href":"https:\/\/setap.az\/index.php?rest_route=%2Fwp%2Fv2%2Fproduct_tag&post=20010"}],"curies":[{"name":"wp","href":"https:\/\/api.w.org\/{rel}","templated":true}]}}