{"id":20042,"date":"2025-08-29T10:30:53","date_gmt":"2025-08-29T06:30:53","guid":{"rendered":"https:\/\/setap.az\/?post_type=product&#038;p=20042"},"modified":"2026-01-12T11:09:02","modified_gmt":"2026-01-12T07:09:02","slug":"hikvision-ds-2cd1123g0e-i-2-mp-ip-kamera","status":"publish","type":"product","link":"https:\/\/setap.az\/?product=hikvision-ds-2cd1123g0e-i-2-mp-ip-kamera","title":{"rendered":"HIKVISION DS-2CD1123G0E-I 2 MP IP Kamera"},"content":{"rendered":"<p>HIKVISION DS-2CD1123G0E-I \u2014 2 MP IP kamera, gec\u0259g\u00f6rm\u0259 v\u0259 vandalizmd\u0259n qorunma il\u0259.<\/p>\n<p>Kamera 1\/2.7&#8243; Progressive Scan CMOS sensoru il\u0259 t\u0259chiz olunub v\u0259 1920\u00d71080 (Full HD) ayd\u0131n g\u00f6r\u00fcnt\u00fc t\u0259min edir. 30 metr\u0259d\u0259k IR i\u015f\u0131qland\u0131rma tam qaranl\u0131qda bel\u0259 keyfiyy\u0259tli video t\u0259qdim edir. H.265+ s\u0131x\u0131lma texnologiyas\u0131 yadda\u015fa q\u0259na\u0259t edir v\u0259 \u015f\u0259b\u0259k\u0259 y\u00fckl\u0259nm\u0259sini azald\u0131r. IP67 v\u0259 IK10 standartl\u0131 m\u00f6hk\u0259m korpus kameran\u0131 toz, n\u0259m v\u0259 z\u0259rb\u0259l\u0259rd\u0259n qoruyur, h\u0259m a\u00e7\u0131q, h\u0259m d\u0259 qapal\u0131 m\u0259kanlarda istifad\u0259y\u0259 uy\u011fundur.<\/p>\n<p>\u00dcst\u00fcnl\u00fckl\u0259r:<\/p>\n<p>2 MP (1920\u00d71080) Full HD g\u00f6r\u00fcnt\u00fc<br \/>\n30 m m\u0259saf\u0259y\u0259 IR i\u015f\u0131qland\u0131rma il\u0259 gec\u0259 m\u00fc\u015fahid\u0259si<br \/>\nH.265+ texnologiyas\u0131 \u2013 yadda\u015f v\u0259 \u015f\u0259b\u0259k\u0259y\u0259 q\u0259na\u0259t<br \/>\nIK10 vandalizmd\u0259n qorunan m\u00f6hk\u0259m korpus<br \/>\nIP67 \u2013 toz v\u0259 n\u0259m\u0259 qar\u015f\u0131 tam qorunma<br \/>\nRahat qura\u015fd\u0131rma v\u0259 estetik g\u00f6r\u00fcn\u00fc\u015f<\/p>\n","protected":false},"excerpt":{"rendered":"<p>HIKVISION DS-2CD1123G0E-I \u2014 2 MP IP kamera, gec\u0259g\u00f6rm\u0259 v\u0259 vandalizmd\u0259n qorunma il\u0259. Kamera 1\/2.7&#8243; Progressive Scan CMOS sensoru il\u0259 t\u0259chiz olunub v\u0259 1920\u00d71080 (Full HD) ayd\u0131n g\u00f6r\u00fcnt\u00fc t\u0259min edir. 30 metr\u0259d\u0259k IR i\u015f\u0131qland\u0131rma tam qaranl\u0131qda bel\u0259 keyfiyy\u0259tli video t\u0259qdim edir. H.265+ s\u0131x\u0131lma texnologiyas\u0131 yadda\u015fa q\u0259na\u0259t edir v\u0259 \u015f\u0259b\u0259k\u0259 y\u00fckl\u0259nm\u0259sini azald\u0131r. IP67 v\u0259 IK10 standartl\u0131 m\u00f6hk\u0259m&hellip;<\/p>\n","protected":false},"featured_media":20043,"comment_status":"open","ping_status":"closed","template":"","meta":[],"product_cat":[4016,2803,5271,2841],"product_tag":[4724,4758,4764,2941,3377,3260,4738,4748,2934,3142],"class_list":{"0":"post-20042","1":"product","2":"type-product","3":"status-publish","4":"has-post-thumbnail","6":"product_cat-hikvision","7":"product_cat-ip","8":"product_cat-thluksizlik-kamerasi","9":"product_cat-videonzart","10":"product_tag-2mp","11":"product_tag-domecamera","12":"product_tag-ds2cd1123g0ei","13":"product_tag-hikvision","14":"product_tag-ip67","15":"product_tag-ipcamera","16":"product_tag-ir","17":"product_tag-outdoorcamera","18":"product_tag-smartsecurity","19":"product_tag-thluksizlik","20":"description-off","22":"first","23":"instock","24":"shipping-taxable","25":"purchasable","26":"product-type-simple"},"_links":{"self":[{"href":"https:\/\/setap.az\/index.php?rest_route=\/wp\/v2\/product\/20042","targetHints":{"allow":["GET"]}}],"collection":[{"href":"https:\/\/setap.az\/index.php?rest_route=\/wp\/v2\/product"}],"about":[{"href":"https:\/\/setap.az\/index.php?rest_route=\/wp\/v2\/types\/product"}],"replies":[{"embeddable":true,"href":"https:\/\/setap.az\/index.php?rest_route=%2Fwp%2Fv2%2Fcomments&post=20042"}],"wp:featuredmedia":[{"embeddable":true,"href":"https:\/\/setap.az\/index.php?rest_route=\/wp\/v2\/media\/20043"}],"wp:attachment":[{"href":"https:\/\/setap.az\/index.php?rest_route=%2Fwp%2Fv2%2Fmedia&parent=20042"}],"wp:term":[{"taxonomy":"product_cat","embeddable":true,"href":"https:\/\/setap.az\/index.php?rest_route=%2Fwp%2Fv2%2Fproduct_cat&post=20042"},{"taxonomy":"product_tag","embeddable":true,"href":"https:\/\/setap.az\/index.php?rest_route=%2Fwp%2Fv2%2Fproduct_tag&post=20042"}],"curies":[{"name":"wp","href":"https:\/\/api.w.org\/{rel}","templated":true}]}}