{"id":20048,"date":"2025-08-29T12:03:53","date_gmt":"2025-08-29T08:03:53","guid":{"rendered":"https:\/\/setap.az\/?post_type=product&#038;p=20048"},"modified":"2026-01-09T16:19:59","modified_gmt":"2026-01-09T12:19:59","slug":"hikvision-ds-2cd1023g2-liu-2-mp-ip-kamera-mikrofon-il%c9%99","status":"publish","type":"product","link":"https:\/\/setap.az\/?product=hikvision-ds-2cd1023g2-liu-2-mp-ip-kamera-mikrofon-il%c9%99","title":{"rendered":"HIKVISION DS-2CD1023G2-LIU 2 MP IP Kamera Mikrofon il\u0259"},"content":{"rendered":"<p>HIKVISION DS-2CD1023G2-LIU \u2014 2 MP IP t\u0259hl\u00fck\u0259sizlik  kameras\u0131. Full HD (1920\u00d71080) g\u00f6r\u00fcnt\u00fc t\u0259qdim edir v\u0259 obyektl\u0259ri ayd\u0131n \u015f\u0259kild\u0259 qeyd\u0259 al\u0131r. 30 metr\u0259d\u0259k infraq\u0131rm\u0131z\u0131 i\u015f\u0131qland\u0131rma say\u0259sind\u0259 qaranl\u0131qda da y\u00fcks\u0259k keyfiyy\u0259tli g\u00f6r\u00fcnt\u00fc t\u0259min olunur. Daxili mikrofon s\u0259s yazma imkan\u0131 yarad\u0131r. IP67 standartl\u0131 m\u00f6hk\u0259m korpus a\u00e7\u0131q havada etibarl\u0131 i\u015fl\u0259m\u0259sini t\u0259min edir.<br \/>\n\u2714\u00dcst\u00fcnl\u00fckl\u0259r:<br \/>\n2 MP (Full HD) y\u00fcks\u0259k keyfiyy\u0259tli g\u00f6r\u00fcnt\u00fc<br \/>\n\u0130nsanlar\u0131n v\u0259 n\u0259qliyyat vasit\u0259l\u0259rinin a\u015fkarlanmas\u0131<br \/>\nSmart Hybrid Light texnologiyas\u0131: qabaqc\u0131l i\u015f\u0131qland\u0131rma sistemi<br \/>\n30 m-\u0259 q\u0259d\u0259r IR i\u015f\u0131qland\u0131rma il\u0259 gec\u0259g\u00f6rm\u0259<br \/>\nDaxili mikrofon \u2013 s\u0259s yazma imkan\u0131<br \/>\nIP67 qorunma d\u0259r\u0259c\u0259si \u2013 toz v\u0259 n\u0259m\u0259 davaml\u0131l\u0131q<br \/>\nAsan qura\u015fd\u0131rma v\u0259 etibarl\u0131<\/p>\n","protected":false},"excerpt":{"rendered":"<p>HIKVISION DS-2CD1023G2-LIU \u2014 2 MP IP t\u0259hl\u00fck\u0259sizlik kameras\u0131. Full HD (1920\u00d71080) g\u00f6r\u00fcnt\u00fc t\u0259qdim edir v\u0259 obyektl\u0259ri ayd\u0131n \u015f\u0259kild\u0259 qeyd\u0259 al\u0131r. 30 metr\u0259d\u0259k infraq\u0131rm\u0131z\u0131 i\u015f\u0131qland\u0131rma say\u0259sind\u0259 qaranl\u0131qda da y\u00fcks\u0259k keyfiyy\u0259tli g\u00f6r\u00fcnt\u00fc t\u0259min olunur. Daxili mikrofon s\u0259s yazma imkan\u0131 yarad\u0131r. IP67 standartl\u0131 m\u00f6hk\u0259m korpus a\u00e7\u0131q havada etibarl\u0131 i\u015fl\u0259m\u0259sini t\u0259min edir. \u2714\u00dcst\u00fcnl\u00fckl\u0259r: 2 MP (Full HD) y\u00fcks\u0259k keyfiyy\u0259tli&hellip;<\/p>\n","protected":false},"featured_media":20049,"comment_status":"open","ping_status":"closed","template":"","meta":[],"product_cat":[4016,2803,5271,2841],"product_tag":[4724,4752,4761,4767,2941,3377,3260,4738,4756,4748,3142],"class_list":{"0":"post-20048","1":"product","2":"type-product","3":"status-publish","4":"has-post-thumbnail","6":"product_cat-hikvision","7":"product_cat-ip","8":"product_cat-thluksizlik-kamerasi","9":"product_cat-videonzart","10":"product_tag-2mp","11":"product_tag-acusense","12":"product_tag-bulletcamera","13":"product_tag-ds2cd1023g2liu","14":"product_tag-hikvision","15":"product_tag-ip67","16":"product_tag-ipcamera","17":"product_tag-ir","18":"product_tag-mikrofon","19":"product_tag-outdoorcamera","20":"product_tag-thluksizlik","21":"description-off","23":"first","24":"instock","25":"shipping-taxable","26":"purchasable","27":"product-type-simple"},"_links":{"self":[{"href":"https:\/\/setap.az\/index.php?rest_route=\/wp\/v2\/product\/20048","targetHints":{"allow":["GET"]}}],"collection":[{"href":"https:\/\/setap.az\/index.php?rest_route=\/wp\/v2\/product"}],"about":[{"href":"https:\/\/setap.az\/index.php?rest_route=\/wp\/v2\/types\/product"}],"replies":[{"embeddable":true,"href":"https:\/\/setap.az\/index.php?rest_route=%2Fwp%2Fv2%2Fcomments&post=20048"}],"wp:featuredmedia":[{"embeddable":true,"href":"https:\/\/setap.az\/index.php?rest_route=\/wp\/v2\/media\/20049"}],"wp:attachment":[{"href":"https:\/\/setap.az\/index.php?rest_route=%2Fwp%2Fv2%2Fmedia&parent=20048"}],"wp:term":[{"taxonomy":"product_cat","embeddable":true,"href":"https:\/\/setap.az\/index.php?rest_route=%2Fwp%2Fv2%2Fproduct_cat&post=20048"},{"taxonomy":"product_tag","embeddable":true,"href":"https:\/\/setap.az\/index.php?rest_route=%2Fwp%2Fv2%2Fproduct_tag&post=20048"}],"curies":[{"name":"wp","href":"https:\/\/api.w.org\/{rel}","templated":true}]}}