{"id":20050,"date":"2025-08-29T13:35:57","date_gmt":"2025-08-29T09:35:57","guid":{"rendered":"https:\/\/setap.az\/?post_type=product&#038;p=20050"},"modified":"2025-08-29T13:36:28","modified_gmt":"2025-08-29T09:36:28","slug":"3mp-wi-fi-ip-kamera-dahua-dh-ipc-p3b-pv","status":"publish","type":"product","link":"https:\/\/setap.az\/?product=3mp-wi-fi-ip-kamera-dahua-dh-ipc-p3b-pv","title":{"rendered":"3Mp Wi-Fi IP Kamera Dahua DH-IPC-P3B-PV"},"content":{"rendered":"<p>Dahua DH-IPC-P3B-PV kamera h\u0259m daxili, h\u0259m d\u0259 a\u00e7\u0131q havada y\u00fcks\u0259k keyfiyy\u0259tli video n\u0259zar\u0259ti t\u0259min etm\u0259k \u00fc\u00e7\u00fcn n\u0259z\u0259rd\u0259 tutulmu\u015f IP kamerad\u0131r. M\u00fchafiz\u0259 olunan \u0259raziy\u0259 m\u00fcdaxil\u0259 a\u015fkar edildikd\u0259, videokamera s\u0259sli v\u0259 vizual h\u0259y\u0259can siqnal\u0131n\u0131 i\u015f\u0259 sal\u0131r. Daha sonra o, yerinizd\u0259n as\u0131l\u0131 olmayaraq d\u0259rhal mobil t\u0259dbiq\u0259 x\u0259b\u0259rdarl\u0131q mesaj\u0131 g\u00f6nd\u0259rir. Kamera real vaxt rejimind\u0259 ikit\u0259r\u0259fli s\u0259sli \u0259laq\u0259ni qurma\u011fa imkan verir.<\/p>\n<p>X\u00fcsusiyy\u0259tl\u0259r:<\/p>\n<p>Matris: 1\/2,7\u201d CMOS<br \/>\nFokus m\u0259saf\u0259si: 3,6 mm<br \/>\nMexanik IR filtri<br \/>\nH\u0259ssasl\u0131q 0.01lux@F1.6<br \/>\nVideo s\u0131x\u0131lma: H.265<br \/>\nVideo qeydi: 3MP@25fps-\u0259 q\u0259d\u0259r 2 ax\u0131n<br \/>\nVideo analitika: insanlar\u0131n a\u015fkarlanmas\u0131, n\u0259qliyyat vasit\u0259l\u0259rinin a\u015fkarlanmas\u0131<br \/>\n\u0130Q i\u015f\u0131qland\u0131rma 30m, LED i\u015f\u0131qland\u0131rma 30m<br \/>\nQura\u015fd\u0131r\u0131lm\u0131\u015f mikrofon + dinamik<br \/>\nWi-Fi 2.4GHz<br \/>\n256 GB-a q\u0259d\u0259r MicroSD d\u0259st\u0259yi<br \/>\nQoruma d\u0259r\u0259c\u0259si (IP standart\u0131): IP65<br \/>\nEnerji t\u0259chizat\u0131: 12V (DC)<\/p>\n","protected":false},"excerpt":{"rendered":"<p>Dahua DH-IPC-P3B-PV kamera h\u0259m daxili, h\u0259m d\u0259 a\u00e7\u0131q havada y\u00fcks\u0259k keyfiyy\u0259tli video n\u0259zar\u0259ti t\u0259min etm\u0259k \u00fc\u00e7\u00fcn n\u0259z\u0259rd\u0259 tutulmu\u015f IP kamerad\u0131r. M\u00fchafiz\u0259 olunan \u0259raziy\u0259 m\u00fcdaxil\u0259 a\u015fkar edildikd\u0259, videokamera s\u0259sli v\u0259 vizual h\u0259y\u0259can siqnal\u0131n\u0131 i\u015f\u0259 sal\u0131r. Daha sonra o, yerinizd\u0259n as\u0131l\u0131 olmayaraq d\u0259rhal mobil t\u0259dbiq\u0259 x\u0259b\u0259rdarl\u0131q mesaj\u0131 g\u00f6nd\u0259rir. Kamera real vaxt rejimind\u0259 ikit\u0259r\u0259fli s\u0259sli \u0259laq\u0259ni qurma\u011fa imkan&hellip;<\/p>\n","protected":false},"featured_media":20051,"comment_status":"open","ping_status":"closed","template":"","meta":[],"product_cat":[4086,2803,2849,2841],"product_tag":[4769,3398,3575,4768,3260,4748,3277,3142,3765,3261],"class_list":{"0":"post-20050","1":"product","2":"type-product","3":"status-publish","4":"has-post-thumbnail","6":"product_cat-dahua","7":"product_cat-ip","8":"product_cat-videokameralar","9":"product_cat-videonzart","10":"product_tag-3mp","11":"product_tag-colorvu","12":"product_tag-dahua","13":"product_tag-dhipcp3bpv","14":"product_tag-ipcamera","15":"product_tag-outdoorcamera","16":"product_tag-smartcamera","17":"product_tag-thluksizlik","18":"product_tag-twowayaudio","19":"product_tag-wificamera","20":"description-off","22":"first","23":"instock","24":"shipping-taxable","25":"purchasable","26":"product-type-simple"},"_links":{"self":[{"href":"https:\/\/setap.az\/index.php?rest_route=\/wp\/v2\/product\/20050","targetHints":{"allow":["GET"]}}],"collection":[{"href":"https:\/\/setap.az\/index.php?rest_route=\/wp\/v2\/product"}],"about":[{"href":"https:\/\/setap.az\/index.php?rest_route=\/wp\/v2\/types\/product"}],"replies":[{"embeddable":true,"href":"https:\/\/setap.az\/index.php?rest_route=%2Fwp%2Fv2%2Fcomments&post=20050"}],"wp:featuredmedia":[{"embeddable":true,"href":"https:\/\/setap.az\/index.php?rest_route=\/wp\/v2\/media\/20051"}],"wp:attachment":[{"href":"https:\/\/setap.az\/index.php?rest_route=%2Fwp%2Fv2%2Fmedia&parent=20050"}],"wp:term":[{"taxonomy":"product_cat","embeddable":true,"href":"https:\/\/setap.az\/index.php?rest_route=%2Fwp%2Fv2%2Fproduct_cat&post=20050"},{"taxonomy":"product_tag","embeddable":true,"href":"https:\/\/setap.az\/index.php?rest_route=%2Fwp%2Fv2%2Fproduct_tag&post=20050"}],"curies":[{"name":"wp","href":"https:\/\/api.w.org\/{rel}","templated":true}]}}