{"id":20054,"date":"2025-08-29T14:58:49","date_gmt":"2025-08-29T10:58:49","guid":{"rendered":"https:\/\/setap.az\/?post_type=product&#038;p=20054"},"modified":"2025-08-29T14:59:26","modified_gmt":"2025-08-29T10:59:26","slug":"hikvision-ds-2cd1043g2-liu-4-mp-ip-kamera-mikrofon-il%c9%99","status":"publish","type":"product","link":"https:\/\/setap.az\/?product=hikvision-ds-2cd1043g2-liu-4-mp-ip-kamera-mikrofon-il%c9%99","title":{"rendered":"HIKVISION DS-2CD1043G2-LIU 4 MP IP Kamera, mikrofon il\u0259"},"content":{"rendered":"<p>HIKVISION DS-2CD1043G2-LIU \u2014 4 MP IP m\u00fc\u015fahid\u0259 kameras\u0131, AcuSense texnologiyas\u0131 v\u0259 daxili mikrofon il\u0259. Kamera 4 MP (2688\u00d71520) y\u00fcks\u0259k d\u0259qiqlikli g\u00f6r\u00fcnt\u00fc t\u0259qdim edir v\u0259 obyektl\u0259ri detall\u0131 \u015f\u0259kild\u0259 qeyd\u0259 al\u0131r. 30 metr\u0259d\u0259k infraq\u0131rm\u0131z\u0131 i\u015f\u0131qland\u0131rma tam qaranl\u0131qda bel\u0259 ayd\u0131n m\u00fc\u015fahid\u0259 imkan\u0131 yarad\u0131r. Kamera insan v\u0259 n\u0259qliyyat vasit\u0259l\u0259rinin h\u0259r\u0259k\u0259tini a\u015fkarlaya bilir v\u0259 yaln\u0131\u015f siqnallar\u0131 azald\u0131r. Daxili mikrofon s\u0259s yazma imkan\u0131 verir. IP67 standartl\u0131 m\u00f6hk\u0259m korpus a\u00e7\u0131q hava \u015f\u0259raitind\u0259 etibarl\u0131 i\u015f t\u0259min edir.<\/p>\n<p>\u00dcst\u00fcnl\u00fckl\u0259r:<\/p>\n<p>4 MP (2688\u00d71520) y\u00fcks\u0259k keyfiyy\u0259tli g\u00f6r\u00fcnt\u00fc<br \/>\n\u0130nsanlar\u0131n v\u0259 n\u0259qliyyat vasit\u0259l\u0259rinin a\u015fkarlanmas\u0131<br \/>\n30 m-\u0259 q\u0259d\u0259r IR i\u015f\u0131qland\u0131rma il\u0259 gec\u0259g\u00f6rm\u0259<br \/>\nDaxili mikrofon \u2013 s\u0259s yazma imkan\u0131<br \/>\nIP67 qorunma d\u0259r\u0259c\u0259si \u2013 a\u00e7\u0131q hava \u00fc\u00e7\u00fcn uy\u011fundur<br \/>\nAsan qura\u015fd\u0131rma v\u0259 davaml\u0131 i\u015f<\/p>\n","protected":false},"excerpt":{"rendered":"<p>HIKVISION DS-2CD1043G2-LIU \u2014 4 MP IP m\u00fc\u015fahid\u0259 kameras\u0131, AcuSense texnologiyas\u0131 v\u0259 daxili mikrofon il\u0259. Kamera 4 MP (2688\u00d71520) y\u00fcks\u0259k d\u0259qiqlikli g\u00f6r\u00fcnt\u00fc t\u0259qdim edir v\u0259 obyektl\u0259ri detall\u0131 \u015f\u0259kild\u0259 qeyd\u0259 al\u0131r. 30 metr\u0259d\u0259k infraq\u0131rm\u0131z\u0131 i\u015f\u0131qland\u0131rma tam qaranl\u0131qda bel\u0259 ayd\u0131n m\u00fc\u015fahid\u0259 imkan\u0131 yarad\u0131r. Kamera insan v\u0259 n\u0259qliyyat vasit\u0259l\u0259rinin h\u0259r\u0259k\u0259tini a\u015fkarlaya bilir v\u0259 yaln\u0131\u015f siqnallar\u0131 azald\u0131r. Daxili mikrofon s\u0259s&hellip;<\/p>\n","protected":false},"featured_media":20055,"comment_status":"open","ping_status":"closed","template":"","meta":[],"product_cat":[4016,2803,2849,2841],"product_tag":[4652,4761,4771,2941,3377,3260,4738,4756,4748,3142],"class_list":{"0":"post-20054","1":"product","2":"type-product","3":"status-publish","4":"has-post-thumbnail","6":"product_cat-hikvision","7":"product_cat-ip","8":"product_cat-videokameralar","9":"product_cat-videonzart","10":"product_tag-4mp","11":"product_tag-bulletcamera","12":"product_tag-ds2cd1043g2liu","13":"product_tag-hikvision","14":"product_tag-ip67","15":"product_tag-ipcamera","16":"product_tag-ir","17":"product_tag-mikrofon","18":"product_tag-outdoorcamera","19":"product_tag-thluksizlik","20":"description-off","22":"first","23":"instock","24":"shipping-taxable","25":"purchasable","26":"product-type-simple"},"_links":{"self":[{"href":"https:\/\/setap.az\/index.php?rest_route=\/wp\/v2\/product\/20054","targetHints":{"allow":["GET"]}}],"collection":[{"href":"https:\/\/setap.az\/index.php?rest_route=\/wp\/v2\/product"}],"about":[{"href":"https:\/\/setap.az\/index.php?rest_route=\/wp\/v2\/types\/product"}],"replies":[{"embeddable":true,"href":"https:\/\/setap.az\/index.php?rest_route=%2Fwp%2Fv2%2Fcomments&post=20054"}],"wp:featuredmedia":[{"embeddable":true,"href":"https:\/\/setap.az\/index.php?rest_route=\/wp\/v2\/media\/20055"}],"wp:attachment":[{"href":"https:\/\/setap.az\/index.php?rest_route=%2Fwp%2Fv2%2Fmedia&parent=20054"}],"wp:term":[{"taxonomy":"product_cat","embeddable":true,"href":"https:\/\/setap.az\/index.php?rest_route=%2Fwp%2Fv2%2Fproduct_cat&post=20054"},{"taxonomy":"product_tag","embeddable":true,"href":"https:\/\/setap.az\/index.php?rest_route=%2Fwp%2Fv2%2Fproduct_tag&post=20054"}],"curies":[{"name":"wp","href":"https:\/\/api.w.org\/{rel}","templated":true}]}}