{"id":20056,"date":"2025-08-29T15:03:11","date_gmt":"2025-08-29T11:03:11","guid":{"rendered":"https:\/\/setap.az\/?post_type=product&#038;p=20056"},"modified":"2025-08-29T15:03:11","modified_gmt":"2025-08-29T11:03:11","slug":"hikvision-ds-2cd1143g2-liu-4-mp-ip-kamera-mikrofon-il%c9%99","status":"publish","type":"product","link":"https:\/\/setap.az\/?product=hikvision-ds-2cd1143g2-liu-4-mp-ip-kamera-mikrofon-il%c9%99","title":{"rendered":"HIKVISION DS-2CD1143G2-LIU 4 MP IP Kamera, Mikrofon il\u0259"},"content":{"rendered":"<p>HIKVISION DS-2CD1143G2-LIU \u2014 4 MP dome tipli IP kamera, AcuSense texnologiyas\u0131 v\u0259 daxili mikrofon il\u0259. Kamera 2688\u00d71520 (4 MP) y\u00fcks\u0259k d\u0259qiqlikli g\u00f6r\u00fcnt\u00fc t\u0259qdim edir v\u0259 detallar\u0131 ayd\u0131n \u015f\u0259kild\u0259 qeyd\u0259 al\u0131r. \u0130nsanlar\u0131n v\u0259 n\u0259qliyyat vasit\u0259l\u0259rinin a\u015fkarlanmas\u0131 funksiyas\u0131 yaln\u0131\u015f t\u0259hl\u00fck\u0259 siqnallar\u0131n\u0131 azald\u0131r. Daxili mikrofon s\u0259s yazma\u011fa imkan verir. 30 metr\u0259d\u0259k IR i\u015f\u0131qland\u0131rma qaranl\u0131qda m\u00fc\u015fahid\u0259ni t\u0259min edir. IP67 v\u0259 IK08 qorunma standartlar\u0131 kameran\u0131 h\u0259m a\u00e7\u0131q hava \u015f\u0259raitind\u0259, h\u0259m d\u0259 vandall\u0131\u011fa qar\u015f\u0131 davaml\u0131 edir. \u0130stifad\u0259si h\u0259m daxili, h\u0259m d\u0259 xarici m\u0259kanlar \u00fc\u00e7\u00fcn uy\u011fundur.<\/p>\n<p>\u00dcst\u00fcnl\u00fckl\u0259r:<\/p>\n<p>4 MP (2688\u00d71520) y\u00fcks\u0259k keyfiyy\u0259tli g\u00f6r\u00fcnt\u00fc<br \/>\n\u0130nsanlar\u0131n v\u0259 n\u0259qliyyat vasit\u0259l\u0259rinin a\u015fkarlanmas\u0131<br \/>\nDaxili mikrofon \u2013 s\u0259s yazma funksiyas\u0131<br \/>\n30 m-\u0259 q\u0259d\u0259r IR i\u015f\u0131qland\u0131rma il\u0259 gec\u0259 m\u00fc\u015fahid\u0259si<br \/>\nIP67 v\u0259 IK08 qorunma d\u0259r\u0259c\u0259si \u2013 hava \u015f\u0259raitin\u0259 v\u0259 vandall\u0131\u011fa davaml\u0131l\u0131q<br \/>\nA\u00e7\u0131q v\u0259 qapal\u0131 m\u0259kanlarda istifad\u0259 \u00fc\u00e7\u00fcn ideal<\/p>\n","protected":false},"excerpt":{"rendered":"<p>HIKVISION DS-2CD1143G2-LIU \u2014 4 MP dome tipli IP kamera, AcuSense texnologiyas\u0131 v\u0259 daxili mikrofon il\u0259. Kamera 2688\u00d71520 (4 MP) y\u00fcks\u0259k d\u0259qiqlikli g\u00f6r\u00fcnt\u00fc t\u0259qdim edir v\u0259 detallar\u0131 ayd\u0131n \u015f\u0259kild\u0259 qeyd\u0259 al\u0131r. \u0130nsanlar\u0131n v\u0259 n\u0259qliyyat vasit\u0259l\u0259rinin a\u015fkarlanmas\u0131 funksiyas\u0131 yaln\u0131\u015f t\u0259hl\u00fck\u0259 siqnallar\u0131n\u0131 azald\u0131r. Daxili mikrofon s\u0259s yazma\u011fa imkan verir. 30 metr\u0259d\u0259k IR i\u015f\u0131qland\u0131rma qaranl\u0131qda m\u00fc\u015fahid\u0259ni t\u0259min edir. IP67&hellip;<\/p>\n","protected":false},"featured_media":20057,"comment_status":"open","ping_status":"closed","template":"","meta":[],"product_cat":[4016,2803,2849,2841],"product_tag":[4652,4758,4772,2941,3377,3260,4738,4756,4748,2934,3142],"class_list":{"0":"post-20056","1":"product","2":"type-product","3":"status-publish","4":"has-post-thumbnail","6":"product_cat-hikvision","7":"product_cat-ip","8":"product_cat-videokameralar","9":"product_cat-videonzart","10":"product_tag-4mp","11":"product_tag-domecamera","12":"product_tag-ds2cd1143g2liu","13":"product_tag-hikvision","14":"product_tag-ip67","15":"product_tag-ipcamera","16":"product_tag-ir","17":"product_tag-mikrofon","18":"product_tag-outdoorcamera","19":"product_tag-smartsecurity","20":"product_tag-thluksizlik","21":"description-off","23":"first","24":"instock","25":"shipping-taxable","26":"purchasable","27":"product-type-simple"},"_links":{"self":[{"href":"https:\/\/setap.az\/index.php?rest_route=\/wp\/v2\/product\/20056","targetHints":{"allow":["GET"]}}],"collection":[{"href":"https:\/\/setap.az\/index.php?rest_route=\/wp\/v2\/product"}],"about":[{"href":"https:\/\/setap.az\/index.php?rest_route=\/wp\/v2\/types\/product"}],"replies":[{"embeddable":true,"href":"https:\/\/setap.az\/index.php?rest_route=%2Fwp%2Fv2%2Fcomments&post=20056"}],"wp:featuredmedia":[{"embeddable":true,"href":"https:\/\/setap.az\/index.php?rest_route=\/wp\/v2\/media\/20057"}],"wp:attachment":[{"href":"https:\/\/setap.az\/index.php?rest_route=%2Fwp%2Fv2%2Fmedia&parent=20056"}],"wp:term":[{"taxonomy":"product_cat","embeddable":true,"href":"https:\/\/setap.az\/index.php?rest_route=%2Fwp%2Fv2%2Fproduct_cat&post=20056"},{"taxonomy":"product_tag","embeddable":true,"href":"https:\/\/setap.az\/index.php?rest_route=%2Fwp%2Fv2%2Fproduct_tag&post=20056"}],"curies":[{"name":"wp","href":"https:\/\/api.w.org\/{rel}","templated":true}]}}