{"id":20087,"date":"2025-08-30T15:35:40","date_gmt":"2025-08-30T11:35:40","guid":{"rendered":"https:\/\/setap.az\/?post_type=product&#038;p=20087"},"modified":"2026-01-12T16:21:28","modified_gmt":"2026-01-12T12:21:28","slug":"5mp-ip-kamera-dahua-dh-ipc-hdbw1531ep-2-8-mm","status":"publish","type":"product","link":"https:\/\/setap.az\/?product=5mp-ip-kamera-dahua-dh-ipc-hdbw1531ep-2-8-mm","title":{"rendered":"Dahua DH-IPC-HDBW1531EP (2.8 mm) 5Mp IP-Kamera"},"content":{"rendered":"<p>Dahua DH-IPC-HDBW1531EP (2.8 mm) 5Mp IP T\u0259hl\u00fck\u0259sizlik Kameras\u0131<br \/>\nMatris: 1\/2.7&#8243; Proqressiv Skan CMOS<br \/>\nPiksel imkanlar\u0131: 5MP (2592\u00d71944)<br \/>\nVideo s\u0131x\u0131lma: H.264\/H.265, 2 ax\u0131n kodla\u015fd\u0131rma<br \/>\nKadr tezliyi: 20 kadr\/s@5Mp(2592\u00d71944), 25\/30 kadr\/s@3Mp(2304\u00d71296)<br \/>\nWDR (120dB), Day\/Night (ICR), 3DNR, AWB, AGC, BLC<br \/>\n\u015e\u0259b\u0259k\u0259 Monitorinqi: Veb brauzer, CMS (DSS\/PSS) v\u0259 DMSS<br \/>\nFokus m\u0259saf\u0259si: f=2,8 mm<br \/>\n128 GB-a q\u0259d\u0259r Micro SD d\u0259st\u0259yi<br \/>\nIQ i\u015f\u0131qland\u0131rma m\u0259saf\u0259si (gec\u0259 g\u00f6r\u00fcnt\u00fcs\u00fc): 30 m. q\u0259d\u0259r, Smart IR<br \/>\nQorunma d\u0259r\u0259c\u0259si (IP standart\u0131): IP67, IK10<br \/>\nEnerji t\u0259chizat\u0131: 12V (DC) \/ PoE d\u0259st\u0259yi<\/p>\n","protected":false},"excerpt":{"rendered":"<p>Dahua DH-IPC-HDBW1531EP (2.8 mm) 5Mp IP T\u0259hl\u00fck\u0259sizlik Kameras\u0131 Matris: 1\/2.7&#8243; Proqressiv Skan CMOS Piksel imkanlar\u0131: 5MP (2592\u00d71944) Video s\u0131x\u0131lma: H.264\/H.265, 2 ax\u0131n kodla\u015fd\u0131rma Kadr tezliyi: 20 kadr\/s@5Mp(2592\u00d71944), 25\/30 kadr\/s@3Mp(2304\u00d71296) WDR (120dB), Day\/Night (ICR), 3DNR, AWB, AGC, BLC \u015e\u0259b\u0259k\u0259 Monitorinqi: Veb brauzer, CMS (DSS\/PSS) v\u0259 DMSS Fokus m\u0259saf\u0259si: f=2,8 mm 128 GB-a q\u0259d\u0259r Micro SD d\u0259st\u0259yi&hellip;<\/p>\n","protected":false},"featured_media":20088,"comment_status":"open","ping_status":"closed","template":"","meta":[],"product_cat":[4086,2803,5271,2841],"product_tag":[4740,3000,3132,3575,3595,4803,4799,3290,4804,4719,3049,3480,4797,3764,3130,2938,3135,3051,4795,4726],"class_list":{"0":"post-20087","1":"product","2":"type-product","3":"status-publish","4":"has-post-thumbnail","6":"product_cat-dahua","7":"product_cat-ip","8":"product_cat-thluksizlik-kamerasi","9":"product_cat-videonzart","10":"product_tag-5mp","11":"product_tag-agilliev","12":"product_tag-cctv","13":"product_tag-dahua","14":"product_tag-dahuakamera","15":"product_tag-domekamera","16":"product_tag-evmonitorinqi","17":"product_tag-evthluksizliyi","18":"product_tag-fixedlens","19":"product_tag-hdvideo","20":"product_tag-ipkamera","21":"product_tag-irkamera","22":"product_tag-monitorinq","23":"product_tag-nightvision","24":"product_tag-securitysystem","25":"product_tag-smarthome","26":"product_tag-surveillance","27":"product_tag-thluksizlikkamerasi","28":"product_tag-videonzart","29":"product_tag-wdr","30":"description-off","32":"first","33":"instock","34":"shipping-taxable","35":"purchasable","36":"product-type-simple"},"_links":{"self":[{"href":"https:\/\/setap.az\/index.php?rest_route=\/wp\/v2\/product\/20087","targetHints":{"allow":["GET"]}}],"collection":[{"href":"https:\/\/setap.az\/index.php?rest_route=\/wp\/v2\/product"}],"about":[{"href":"https:\/\/setap.az\/index.php?rest_route=\/wp\/v2\/types\/product"}],"replies":[{"embeddable":true,"href":"https:\/\/setap.az\/index.php?rest_route=%2Fwp%2Fv2%2Fcomments&post=20087"}],"wp:featuredmedia":[{"embeddable":true,"href":"https:\/\/setap.az\/index.php?rest_route=\/wp\/v2\/media\/20088"}],"wp:attachment":[{"href":"https:\/\/setap.az\/index.php?rest_route=%2Fwp%2Fv2%2Fmedia&parent=20087"}],"wp:term":[{"taxonomy":"product_cat","embeddable":true,"href":"https:\/\/setap.az\/index.php?rest_route=%2Fwp%2Fv2%2Fproduct_cat&post=20087"},{"taxonomy":"product_tag","embeddable":true,"href":"https:\/\/setap.az\/index.php?rest_route=%2Fwp%2Fv2%2Fproduct_tag&post=20087"}],"curies":[{"name":"wp","href":"https:\/\/api.w.org\/{rel}","templated":true}]}}