{"id":20098,"date":"2025-09-19T11:30:10","date_gmt":"2025-09-19T07:30:10","guid":{"rendered":"https:\/\/setap.az\/?post_type=product&#038;p=20098"},"modified":"2025-09-19T11:30:11","modified_gmt":"2025-09-19T07:30:11","slug":"2%d0%bc%d0%bf-wi-fi-kamera-dahua-imou-cue-dh-ipc-c22p","status":"publish","type":"product","link":"https:\/\/setap.az\/?product=2%d0%bc%d0%bf-wi-fi-kamera-dahua-imou-cue-dh-ipc-c22p","title":{"rendered":"2\u041c\u043f Wi-Fi Kamera Dahua iMOU Cue DH-IPC-C22P"},"content":{"rendered":"<p>Dahua iMOU Cue DH-IPC-C22P &#8211; 2 megapixel Wi-Fi Kamera.<\/p>\n<p>Sensor: 1\/2.7&#8243; CMOS<br \/>\nMaks. q\u0259tnam\u0259: 1920x1080P<br \/>\nIR m\u0259saf\u0259 (gec\u0259 g\u00f6r\u00fcnt\u00fcs\u00fc): 10 m. kimi<br \/>\nFokus m\u0259saf\u0259si: 2.8 mm (sabit lens)<br \/>\nBax\u0131\u015f buca\u011f\u0131: H: 115\u00b0, V: 62\u00b0, D: 137\u00b0<br \/>\nKodla\u015fd\u0131rma: H.264<br \/>\nVideo ax\u0131n: 15 kadr\/s<br \/>\nR\u0259q\u0259msal zoom: 8x<br \/>\nProqram t\u0259minat\u0131: Easy4ip<br \/>\nMobil platformalar: iOS, Android<br \/>\nS\u0259s interfeysl\u0259ri: mikrofon v\u0259 dinamik<br \/>\nWi-Fi modul: IEEE802.11b\/g\/n, a\u00e7\u0131q \u0259razid\u0259 50 metr\u0259y\u0259 kimi<br \/>\nSaxlama metodu: NAS, PC, Micro SD (64 GB-a q\u0259d\u0259r)<br \/>\nReset d\u00fcym\u0259si: Var<br \/>\nH\u0259d\u0259f n\u00f6vl\u0259ri: H\u0259r\u0259k\u0259t a\u015fkarlanmas\u0131, t\u0259nziml\u0259n\u0259 bil\u0259n b\u00f6lg\u0259<br \/>\nElektrik t\u0259chizat\u0131: 5V, 1A; 2.5W<br \/>\n\u0130\u015fl\u0259m\u0259 temperaturu: -10 \u00b0C &#8211; +45 \u00b0C, r\u00fctub\u0259t: <95%\n\u00d6l\u00e7\u00fcl\u0259ri: 120x66x33 mm\n\u00c7\u0259kisi: 97 q\n<\/p>\n","protected":false},"excerpt":{"rendered":"<p>Dahua iMOU Cue DH-IPC-C22P &#8211; 2 megapixel Wi-Fi Kamera. Sensor: 1\/2.7&#8243; CMOS Maks. q\u0259tnam\u0259: 1920x1080P IR m\u0259saf\u0259 (gec\u0259 g\u00f6r\u00fcnt\u00fcs\u00fc): 10 m. kimi Fokus m\u0259saf\u0259si: 2.8 mm (sabit lens) Bax\u0131\u015f buca\u011f\u0131: H: 115\u00b0, V: 62\u00b0, D: 137\u00b0 Kodla\u015fd\u0131rma: H.264 Video ax\u0131n: 15 kadr\/s R\u0259q\u0259msal zoom: 8x Proqram t\u0259minat\u0131: Easy4ip Mobil platformalar: iOS, Android S\u0259s interfeysl\u0259ri: mikrofon&hellip;<\/p>\n","protected":false},"featured_media":20099,"comment_status":"open","ping_status":"closed","template":"","meta":[],"product_cat":[4086,4089,2849,2841,2862],"product_tag":[3371,3053,4817,4818,3575,4815,3050,4814,3068,4826,4825,3049,4813,3300,4821,4816,4820,4819,3259,4812],"class_list":{"0":"post-20098","1":"product","2":"type-product","3":"status-publish","4":"has-post-thumbnail","6":"product_cat-dahua","7":"product_cat-imou","8":"product_cat-videokameralar","9":"product_cat-videonzart","10":"product_cat-wifi-kameralar","11":"product_tag-2mpkamera","12":"product_tag-agillikamera","13":"product_tag-azerbaijan","14":"product_tag-baku","15":"product_tag-dahua","16":"product_tag-evucunkamera","17":"product_tag-fullhdkamera","18":"product_tag-guvnlikkamera","19":"product_tag-imou","20":"product_tag-imoucue","21":"product_tag-ipc22p","22":"product_tag-ipkamera","23":"product_tag-kameranzart","24":"product_tag-kamerasistemi","25":"product_tag-komputermagazasi","26":"product_tag-ofiskamera","27":"product_tag-setap","28":"product_tag-sumqayit","29":"product_tag-thluksizlikkamera","30":"product_tag-wifiipkamera","31":"description-off","33":"first","34":"instock","35":"shipping-taxable","36":"purchasable","37":"product-type-simple"},"_links":{"self":[{"href":"https:\/\/setap.az\/index.php?rest_route=\/wp\/v2\/product\/20098","targetHints":{"allow":["GET"]}}],"collection":[{"href":"https:\/\/setap.az\/index.php?rest_route=\/wp\/v2\/product"}],"about":[{"href":"https:\/\/setap.az\/index.php?rest_route=\/wp\/v2\/types\/product"}],"replies":[{"embeddable":true,"href":"https:\/\/setap.az\/index.php?rest_route=%2Fwp%2Fv2%2Fcomments&post=20098"}],"wp:featuredmedia":[{"embeddable":true,"href":"https:\/\/setap.az\/index.php?rest_route=\/wp\/v2\/media\/20099"}],"wp:attachment":[{"href":"https:\/\/setap.az\/index.php?rest_route=%2Fwp%2Fv2%2Fmedia&parent=20098"}],"wp:term":[{"taxonomy":"product_cat","embeddable":true,"href":"https:\/\/setap.az\/index.php?rest_route=%2Fwp%2Fv2%2Fproduct_cat&post=20098"},{"taxonomy":"product_tag","embeddable":true,"href":"https:\/\/setap.az\/index.php?rest_route=%2Fwp%2Fv2%2Fproduct_tag&post=20098"}],"curies":[{"name":"wp","href":"https:\/\/api.w.org\/{rel}","templated":true}]}}