{"id":20100,"date":"2025-09-19T12:38:12","date_gmt":"2025-09-19T08:38:12","guid":{"rendered":"https:\/\/setap.az\/?post_type=product&#038;p=20100"},"modified":"2026-01-21T12:52:36","modified_gmt":"2026-01-21T08:52:36","slug":"parkinq-video-detektoru-dahua-dhi-itc314-ph3a-f2-pon","status":"publish","type":"product","link":"https:\/\/setap.az\/?product=parkinq-video-detektoru-dahua-dhi-itc314-ph3a-f2-pon","title":{"rendered":"Dahua DHI-ITC314-PH3A-F2-PON Parkinq video detektoru"},"content":{"rendered":"<p>Dahua DHI-ITC314-PH3A-F2-PON A\u011f\u0131ll\u0131 parkinq yerinin video detektoru (Parking Spot Detector).<br \/>\nSad\u0259c\u0259 normal kamera deyil, parkinq sah\u0259l\u0259rini real vaxtda avtomatik izl\u0259yir v\u0259 statusu t\u0259yin edir.<br \/>\nDahua DHI-ITC314-PH3A-F2-PON \u2014 a\u011f\u0131ll\u0131 parkinq video detektoru, 2 MP g\u00f6r\u00fcnt\u00fc, ANPR n\u00f6mr\u0259 tan\u0131ma, real vaxt park status deteksiyas\u0131 v\u0259 7 r\u0259ngli indikatorla rahat n\u0259zar\u0259t.<br \/>\n\ud83d\udccc Funksiya: Parkinq yerl\u0259rinin statusunu real vaxtda a\u015fkar v\u0259 g\u00f6st\u0259rir (bo\u015f \/ dolu v\u0259 s.).<br \/>\n\ud83d\udccc ANPR d\u0259st\u0259yi: Avtomobil n\u00f6mr\u0259 tan\u0131ma (license plate recognition) d\u0259st\u0259kl\u0259nir.<br \/>\n\ud83d\udccc A\u011f\u0131ll\u0131 deteksiya: N\u0259zar\u0259t zaman\u0131 park x\u0259ttini ke\u00e7m\u0259 v\u0259 h\u0259r\u0259k\u0259t kimi hallar a\u015fkar edil\u0259 bil\u0259r.<br \/>\n\ud83d\udccc Parkinq g\u00f6st\u0259ricisi: 7 r\u0259ngli indikator il\u0259 park statusunu vizual g\u00f6st\u0259rir.<br \/>\n\ud83d\udccc \u015e\u0259b\u0259k\u0259 ba\u011flant\u0131s\u0131: 2 \u00d7 10\/100 Mbps Ethernet (RJ-45) portlar\u0131.<br \/>\n\ud83d\udccc \u018flav\u0259 interfeys: RS-485 portu il\u0259 \u0259lav\u0259 indikatorlar\u0131 idar\u0259 etm\u0259y\u0259 imkan verir.<br \/>\n\ud83d\udccc G\u00fcn \/ gec\u0259 rejimi: Avtomatik rejiml\u0259 g\u00fcnd\u00fcz r\u0259ngli, gec\u0259 is\u0259 uy\u011fun i\u015f\u0131qla g\u00f6r\u00fcnt\u00fc.<br \/>\n\ud83d\udccc Geni\u015f dinamik diapazon (WDR): Parlaql\u0131q f\u0259rql\u0259rind\u0259 yax\u015f\u0131 deteksiya \u00fc\u00e7\u00fcn.<br \/>\n\ud83d\udccc Kodla\u015fd\u0131rma: H.264\/H.265\/MJPEG video s\u0131x\u0131lmas\u0131.<br \/>\n\ud83d\udccc Sozlanma: OSD overlay (vaxt\/lokasiya\/yer\/status\/plate m\u0259lumatlar\u0131 \u00fcz\u0259rind\u0259 g\u00f6st\u0259ril\u0259 bil\u0259r).<\/p>\n<p>\ud83d\udcca Texniki g\u00f6st\u0259ricil\u0259r (\u00fcmumi)<\/p>\n<p>\ud83d\udd39 Sensor: 1\/3\u2033 CMOS<br \/>\n\ud83d\udd39 Video rezolyusiya: 2 MP (1080p)<br \/>\n\ud83d\udd39 \u00c7\u0259r\u00e7iv\u0259 s\u00fcr\u0259ti: ~20 fps<br \/>\n\ud83d\udd39 \u0130\u015f\u0131q h\u0259ssasl\u0131\u011f\u0131: az i\u015f\u0131qda da g\u00f6r\u0259 bilir<br \/>\n\ud83d\udd39 \u018ftraf m\u00fchit: \u201330 \u00b0C \u2026 +60 \u00b0C i\u015f rejimi<br \/>\n\ud83d\udd39 Qoruma s\u0259viyy\u0259si: IP50 (\u0259sas\u0259n daxili m\u0259qs\u0259dli)<\/p>\n","protected":false},"excerpt":{"rendered":"<p>Dahua DHI-ITC314-PH3A-F2-PON A\u011f\u0131ll\u0131 parkinq yerinin video detektoru (Parking Spot Detector). Sad\u0259c\u0259 normal kamera deyil, parkinq sah\u0259l\u0259rini real vaxtda avtomatik izl\u0259yir v\u0259 statusu t\u0259yin edir. Dahua DHI-ITC314-PH3A-F2-PON \u2014 a\u011f\u0131ll\u0131 parkinq video detektoru, 2 MP g\u00f6r\u00fcnt\u00fc, ANPR n\u00f6mr\u0259 tan\u0131ma, real vaxt park status deteksiyas\u0131 v\u0259 7 r\u0259ngli indikatorla rahat n\u0259zar\u0259t. \ud83d\udccc Funksiya: Parkinq yerl\u0259rinin statusunu real vaxtda&hellip;<\/p>\n","protected":false},"featured_media":20101,"comment_status":"open","ping_status":"closed","template":"","meta":[],"product_cat":[4086,2803,5271,2841],"product_tag":[4830,4817,4818,3575,3049,3300,4821,4831,4833,4829,4832,4827,4807,4820,4819,3142,4828],"class_list":{"0":"post-20100","1":"product","2":"type-product","3":"status-publish","4":"has-post-thumbnail","6":"product_cat-dahua","7":"product_cat-ip","8":"product_cat-thluksizlik-kamerasi","9":"product_cat-videonzart","10":"product_tag-anpr","11":"product_tag-azerbaijan","12":"product_tag-baku","13":"product_tag-dahua","14":"product_tag-ipkamera","15":"product_tag-kamerasistemi","16":"product_tag-komputermagazasi","17":"product_tag-nomrtanima","18":"product_tag-parkingsafety","19":"product_tag-parkingsistemi","20":"product_tag-parkingsolutions","21":"product_tag-parkinqkamera","22":"product_tag-poekamera","23":"product_tag-setap","24":"product_tag-sumqayit","25":"product_tag-thluksizlik","26":"product_tag-videodetektor","27":"description-off","29":"first","30":"instock","31":"shipping-taxable","32":"purchasable","33":"product-type-simple"},"_links":{"self":[{"href":"https:\/\/setap.az\/index.php?rest_route=\/wp\/v2\/product\/20100","targetHints":{"allow":["GET"]}}],"collection":[{"href":"https:\/\/setap.az\/index.php?rest_route=\/wp\/v2\/product"}],"about":[{"href":"https:\/\/setap.az\/index.php?rest_route=\/wp\/v2\/types\/product"}],"replies":[{"embeddable":true,"href":"https:\/\/setap.az\/index.php?rest_route=%2Fwp%2Fv2%2Fcomments&post=20100"}],"wp:featuredmedia":[{"embeddable":true,"href":"https:\/\/setap.az\/index.php?rest_route=\/wp\/v2\/media\/20101"}],"wp:attachment":[{"href":"https:\/\/setap.az\/index.php?rest_route=%2Fwp%2Fv2%2Fmedia&parent=20100"}],"wp:term":[{"taxonomy":"product_cat","embeddable":true,"href":"https:\/\/setap.az\/index.php?rest_route=%2Fwp%2Fv2%2Fproduct_cat&post=20100"},{"taxonomy":"product_tag","embeddable":true,"href":"https:\/\/setap.az\/index.php?rest_route=%2Fwp%2Fv2%2Fproduct_tag&post=20100"}],"curies":[{"name":"wp","href":"https:\/\/api.w.org\/{rel}","templated":true}]}}