{"id":20107,"date":"2025-09-20T15:34:17","date_gmt":"2025-09-20T11:34:17","guid":{"rendered":"https:\/\/setap.az\/?post_type=product&#038;p=20107"},"modified":"2025-09-20T15:34:17","modified_gmt":"2025-09-20T11:34:17","slug":"interaktiv-line-ups-east-ea600rt-3000va","status":"publish","type":"product","link":"https:\/\/setap.az\/?product=interaktiv-line-ups-east-ea600rt-3000va","title":{"rendered":"Interaktiv Line UPS EAST EA600RT 3000VA"},"content":{"rendered":"<p>EA600 3000VA x\u0259tti interaktiv UPS x\u0259tti \u0130nteraktiv texnologiyas\u0131ndan istifad\u0259 edir v\u0259 0,8 g\u00fcc \u0259msal\u0131 il\u0259 sinusoidal \u00e7\u0131x\u0131\u015f t\u0259min edir. Bu, elektrik enerjisinin pozulmas\u0131na qar\u015f\u0131 y\u00fcks\u0259k s\u0259viyy\u0259d\u0259 qorunma t\u0259min edir. \u015e\u0259b\u0259k\u0259 enerji t\u0259chizat\u0131 s\u0131radan \u00e7\u0131xd\u0131qda, maksimum enerji davaml\u0131l\u0131\u011f\u0131 v\u0259 etibarl\u0131l\u0131\u011f\u0131 \u00fc\u00e7\u00fcn m\u00fck\u0259mm\u0259l sinusoidal t\u0259chizat\u0131 il\u0259 h\u0259ssas avadanl\u0131qlar\u0131 g\u00fccl\u0259ndirir. Bu periferik \u015f\u0259b\u0259k\u0259 cihazlar\u0131n\u0131n, serverl\u0259rin v\u0259 \u015f\u0259b\u0259k\u0259 ehtiyat sisteml\u0259rinin qorunmas\u0131 \u00fc\u00e7\u00fcn ideal h\u0259lldir.<\/p>\n<p>Saf sinus dal\u011fa \u00e7\u0131x\u0131\u015f\u0131<br \/>\n\u00c7\u0131x\u0131\u015f g\u00fcc\u00fc \u0259msal\u0131 0,8<br \/>\nDSP r\u0259q\u0259msal n\u0259zar\u0259t<br \/>\nG\u0259rginliyin sabitl\u0259\u015fm\u0259si \u00fc\u00e7\u00fcn AVR-ni art\u0131r\u0131n v\u0259 azald\u0131n<br \/>\nAvtomatik sensor tezliyi<br \/>\nT\u0259nziml\u0259n\u0259n \u015farj c\u0259r\u0259yan\u0131 v\u0259 batareyan\u0131n ba\u011flanma n\u00f6qt\u0259si<br \/>\nT\u0259nziml\u0259n\u0259n ECO rejimi v\u0259 y\u00fcks\u00fcz ba\u011flanma<br \/>\n\u0130nsanla\u015fd\u0131r\u0131lm\u0131\u015f siqnalizasiya sistemi<br \/>\nA\u011f\u0131ll\u0131 batareya idar\u0259etm\u0259si<br \/>\nQ\u0131sa qapanma v\u0259 h\u0259ddind\u0259n art\u0131q y\u00fckd\u0259n qorunma<br \/>\nOFF rejimind\u0259 avtomatik doldurma<br \/>\nUSB &#038; RJ45, AS400 \/ SNMP (iste\u011fe ba\u011fl\u0131) rabit\u0259 portu<\/p>\n","protected":false},"excerpt":{"rendered":"<p>EA600 3000VA x\u0259tti interaktiv UPS x\u0259tti \u0130nteraktiv texnologiyas\u0131ndan istifad\u0259 edir v\u0259 0,8 g\u00fcc \u0259msal\u0131 il\u0259 sinusoidal \u00e7\u0131x\u0131\u015f t\u0259min edir. Bu, elektrik enerjisinin pozulmas\u0131na qar\u015f\u0131 y\u00fcks\u0259k s\u0259viyy\u0259d\u0259 qorunma t\u0259min edir. \u015e\u0259b\u0259k\u0259 enerji t\u0259chizat\u0131 s\u0131radan \u00e7\u0131xd\u0131qda, maksimum enerji davaml\u0131l\u0131\u011f\u0131 v\u0259 etibarl\u0131l\u0131\u011f\u0131 \u00fc\u00e7\u00fcn m\u00fck\u0259mm\u0259l sinusoidal t\u0259chizat\u0131 il\u0259 h\u0259ssas avadanl\u0131qlar\u0131 g\u00fccl\u0259ndirir. Bu periferik \u015f\u0259b\u0259k\u0259 cihazlar\u0131n\u0131n, serverl\u0259rin v\u0259 \u015f\u0259b\u0259k\u0259 ehtiyat&hellip;<\/p>\n","protected":false},"featured_media":20108,"comment_status":"open","ping_status":"closed","template":"","meta":[],"product_cat":[2805,2807],"product_tag":[4851,4849,4848,4854,4855,4853,4852,4856,3826,4850],"class_list":{"0":"post-20107","1":"product","2":"type-product","3":"status-publish","4":"has-post-thumbnail","6":"product_cat-enerji-tminati","7":"product_cat-ups","8":"product_tag-3000va","9":"product_tag-ea600rt","10":"product_tag-east","11":"product_tag-elektriktchizati","12":"product_tag-enerjiqoruma","13":"product_tag-gucmnbyi","14":"product_tag-lineinteractive","15":"product_tag-serverups","16":"product_tag-sbkavadanligi","17":"product_tag-ups","18":"description-off","20":"first","21":"instock","22":"shipping-taxable","23":"purchasable","24":"product-type-simple"},"_links":{"self":[{"href":"https:\/\/setap.az\/index.php?rest_route=\/wp\/v2\/product\/20107","targetHints":{"allow":["GET"]}}],"collection":[{"href":"https:\/\/setap.az\/index.php?rest_route=\/wp\/v2\/product"}],"about":[{"href":"https:\/\/setap.az\/index.php?rest_route=\/wp\/v2\/types\/product"}],"replies":[{"embeddable":true,"href":"https:\/\/setap.az\/index.php?rest_route=%2Fwp%2Fv2%2Fcomments&post=20107"}],"wp:featuredmedia":[{"embeddable":true,"href":"https:\/\/setap.az\/index.php?rest_route=\/wp\/v2\/media\/20108"}],"wp:attachment":[{"href":"https:\/\/setap.az\/index.php?rest_route=%2Fwp%2Fv2%2Fmedia&parent=20107"}],"wp:term":[{"taxonomy":"product_cat","embeddable":true,"href":"https:\/\/setap.az\/index.php?rest_route=%2Fwp%2Fv2%2Fproduct_cat&post=20107"},{"taxonomy":"product_tag","embeddable":true,"href":"https:\/\/setap.az\/index.php?rest_route=%2Fwp%2Fv2%2Fproduct_tag&post=20107"}],"curies":[{"name":"wp","href":"https:\/\/api.w.org\/{rel}","templated":true}]}}