{"id":20109,"date":"2025-09-20T15:59:38","date_gmt":"2025-09-20T11:59:38","guid":{"rendered":"https:\/\/setap.az\/?post_type=product&#038;p=20109"},"modified":"2025-09-20T15:59:39","modified_gmt":"2025-09-20T11:59:39","slug":"huntkey-server-case-1u-1u650t10201","status":"publish","type":"product","link":"https:\/\/setap.az\/?product=huntkey-server-case-1u-1u650t10201","title":{"rendered":"Huntkey Server Case 1U (1U650T10201)"},"content":{"rendered":"<p>Huntkey Server Case 1U (1U650T10201)<br \/>\nY\u00fcks\u0259k keyfiyy\u0259t v\u0259 tam qiym\u0259t, sabit qurulu\u015f<br \/>\nElektromaqnit radiasiya m\u00fcdaxil\u0259sinin qar\u015f\u0131s\u0131n\u0131 almaq \u00fc\u00e7\u00fcn EMI dizayn\u0131<br \/>\nBa\u011flay\u0131c\u0131 idar\u0259etm\u0259 s\u0259liq\u0259li, Fan birl\u0259\u015fdiricisi inteqrasiya edilmi\u015f sxem l\u00f6vh\u0259l\u0259ri<br \/>\n2*3.5 HDD s\u00fcr\u00fcc\u00fc yuvas\u0131, 1*5.25 ODD s\u00fcr\u00fcc\u00fc yuvas\u0131<br \/>\n\u0130ste\u011fe ba\u011fl\u0131 5 \u0259d\u0259d bilyal\u0131 4CM fan, \u0259la istilik v\u0259 uzun \u00f6m\u00fcr dizayn\u0131<br \/>\n\u018fla uy\u011funluq, b\u00fct\u00fcn n\u00f6v ana platalar\u0131 d\u0259st\u0259kl\u0259yir, EEB\/CEB\/ATX daxildir<br \/>\nBezel qara \u00f6rt\u00fck, USB2.0*2<br \/>\n1pc horizontal PCI slotunu d\u0259st\u0259kl\u0259yir<br \/>\nEnerji, N\u0259qliyyat, S\u0259naye avtomatik avadanl\u0131qlar\u0131, Maliyy\u0259, \u0130stehsalat v\u0259 s. sah\u0259l\u0259r\u0259 t\u0259tbiq olunur.<\/p>\n","protected":false},"excerpt":{"rendered":"<p>Huntkey Server Case 1U (1U650T10201) Y\u00fcks\u0259k keyfiyy\u0259t v\u0259 tam qiym\u0259t, sabit qurulu\u015f Elektromaqnit radiasiya m\u00fcdaxil\u0259sinin qar\u015f\u0131s\u0131n\u0131 almaq \u00fc\u00e7\u00fcn EMI dizayn\u0131 Ba\u011flay\u0131c\u0131 idar\u0259etm\u0259 s\u0259liq\u0259li, Fan birl\u0259\u015fdiricisi inteqrasiya edilmi\u015f sxem l\u00f6vh\u0259l\u0259ri 2*3.5 HDD s\u00fcr\u00fcc\u00fc yuvas\u0131, 1*5.25 ODD s\u00fcr\u00fcc\u00fc yuvas\u0131 \u0130ste\u011fe ba\u011fl\u0131 5 \u0259d\u0259d bilyal\u0131 4CM fan, \u0259la istilik v\u0259 uzun \u00f6m\u00fcr dizayn\u0131 \u018fla uy\u011funluq, b\u00fct\u00fcn n\u00f6v ana&hellip;<\/p>\n","protected":false},"featured_media":20110,"comment_status":"open","ping_status":"closed","template":"","meta":[],"product_cat":[2826],"product_tag":[4860,4859,4482,4857,4862,4700,4861,4858,4863,3826],"class_list":{"0":"post-20109","1":"product","2":"type-product","3":"status-publish","4":"has-post-thumbnail","6":"product_cat-sbk-avadanligi-wi-fi","7":"product_tag-1u650t10201","8":"product_tag-1ucase","9":"product_tag-datacenter","10":"product_tag-huntkey","11":"product_tag-itinfrastrukturu","12":"product_tag-rackmount","13":"product_tag-serveravadanligi","14":"product_tag-servercase","15":"product_tag-serverkorpusu","16":"product_tag-sbkavadanligi","17":"description-off","19":"first","20":"instock","21":"shipping-taxable","22":"purchasable","23":"product-type-simple"},"_links":{"self":[{"href":"https:\/\/setap.az\/index.php?rest_route=\/wp\/v2\/product\/20109","targetHints":{"allow":["GET"]}}],"collection":[{"href":"https:\/\/setap.az\/index.php?rest_route=\/wp\/v2\/product"}],"about":[{"href":"https:\/\/setap.az\/index.php?rest_route=\/wp\/v2\/types\/product"}],"replies":[{"embeddable":true,"href":"https:\/\/setap.az\/index.php?rest_route=%2Fwp%2Fv2%2Fcomments&post=20109"}],"wp:featuredmedia":[{"embeddable":true,"href":"https:\/\/setap.az\/index.php?rest_route=\/wp\/v2\/media\/20110"}],"wp:attachment":[{"href":"https:\/\/setap.az\/index.php?rest_route=%2Fwp%2Fv2%2Fmedia&parent=20109"}],"wp:term":[{"taxonomy":"product_cat","embeddable":true,"href":"https:\/\/setap.az\/index.php?rest_route=%2Fwp%2Fv2%2Fproduct_cat&post=20109"},{"taxonomy":"product_tag","embeddable":true,"href":"https:\/\/setap.az\/index.php?rest_route=%2Fwp%2Fv2%2Fproduct_tag&post=20109"}],"curies":[{"name":"wp","href":"https:\/\/api.w.org\/{rel}","templated":true}]}}