{"id":20114,"date":"2025-09-23T10:50:13","date_gmt":"2025-09-23T06:50:13","guid":{"rendered":"https:\/\/setap.az\/?post_type=product&#038;p=20114"},"modified":"2025-09-23T10:50:32","modified_gmt":"2025-09-23T06:50:32","slug":"imou-cl1b-5-e27-lampa","status":"publish","type":"product","link":"https:\/\/setap.az\/?product=imou-cl1b-5-e27-lampa","title":{"rendered":"IMOU CL1B-5-E27 LAMPA"},"content":{"rendered":"<p>IMOU CL1B-5-E27 \u2013 a\u011f\u0131ll\u0131 Wi-Fi idar\u0259etm\u0259li LED lampad\u0131r. E27 standart patrona malikdir v\u0259 enerji q\u0259na\u0259tcil i\u015f\u0131qland\u0131rma t\u0259min edir. Mobil t\u0259tbiq (IMOU Life) vasit\u0259sil\u0259 idar\u0259 olunur, a\u00e7\u0131l\u0131b-s\u00f6nm\u0259, parlaql\u0131q t\u0259nziml\u0259nm\u0259si v\u0259 vaxtlay\u0131c\u0131 funksiyalar\u0131n\u0131 d\u0259st\u0259kl\u0259yir. Smart ev sisteml\u0259ri il\u0259 uy\u011fun i\u015fl\u0259yir v\u0259 h\u0259m g\u00fcnd\u0259lik istifad\u0259d\u0259, h\u0259m d\u0259 t\u0259hl\u00fck\u0259sizlik v\u0259 rahatl\u0131q \u00fc\u00e7\u00fcn ideal se\u00e7imdir.<\/p>\n","protected":false},"excerpt":{"rendered":"<p>IMOU CL1B-5-E27 \u2013 a\u011f\u0131ll\u0131 Wi-Fi idar\u0259etm\u0259li LED lampad\u0131r. E27 standart patrona malikdir v\u0259 enerji q\u0259na\u0259tcil i\u015f\u0131qland\u0131rma t\u0259min edir. Mobil t\u0259tbiq (IMOU Life) vasit\u0259sil\u0259 idar\u0259 olunur, a\u00e7\u0131l\u0131b-s\u00f6nm\u0259, parlaql\u0131q t\u0259nziml\u0259nm\u0259si v\u0259 vaxtlay\u0131c\u0131 funksiyalar\u0131n\u0131 d\u0259st\u0259kl\u0259yir. Smart ev sisteml\u0259ri il\u0259 uy\u011fun i\u015fl\u0259yir v\u0259 h\u0259m g\u00fcnd\u0259lik istifad\u0259d\u0259, h\u0259m d\u0259 t\u0259hl\u00fck\u0259sizlik v\u0259 rahatl\u0131q \u00fc\u00e7\u00fcn ideal se\u00e7imdir.<\/p>\n","protected":false},"featured_media":20115,"comment_status":"open","ping_status":"closed","template":"","meta":[],"product_cat":[2999,2805],"product_tag":[3000,4873,4870,4172,3068,4869,4688,2938,4871,4872],"class_list":{"0":"post-20114","1":"product","2":"type-product","3":"status-publish","4":"has-post-thumbnail","6":"product_cat-agilli-ev","7":"product_cat-enerji-tminati","8":"product_tag-agilliev","9":"product_tag-agilliisiqlandirma","10":"product_tag-cl1b5e27","11":"product_tag-enerjiqnati","12":"product_tag-imou","13":"product_tag-imoulampa","14":"product_tag-ledlampa","15":"product_tag-smarthome","16":"product_tag-smartlampa","17":"product_tag-wifilampa","18":"description-off","20":"first","21":"instock","22":"shipping-taxable","23":"purchasable","24":"product-type-simple"},"_links":{"self":[{"href":"https:\/\/setap.az\/index.php?rest_route=\/wp\/v2\/product\/20114","targetHints":{"allow":["GET"]}}],"collection":[{"href":"https:\/\/setap.az\/index.php?rest_route=\/wp\/v2\/product"}],"about":[{"href":"https:\/\/setap.az\/index.php?rest_route=\/wp\/v2\/types\/product"}],"replies":[{"embeddable":true,"href":"https:\/\/setap.az\/index.php?rest_route=%2Fwp%2Fv2%2Fcomments&post=20114"}],"wp:featuredmedia":[{"embeddable":true,"href":"https:\/\/setap.az\/index.php?rest_route=\/wp\/v2\/media\/20115"}],"wp:attachment":[{"href":"https:\/\/setap.az\/index.php?rest_route=%2Fwp%2Fv2%2Fmedia&parent=20114"}],"wp:term":[{"taxonomy":"product_cat","embeddable":true,"href":"https:\/\/setap.az\/index.php?rest_route=%2Fwp%2Fv2%2Fproduct_cat&post=20114"},{"taxonomy":"product_tag","embeddable":true,"href":"https:\/\/setap.az\/index.php?rest_route=%2Fwp%2Fv2%2Fproduct_tag&post=20114"}],"curies":[{"name":"wp","href":"https:\/\/api.w.org\/{rel}","templated":true}]}}