{"id":20118,"date":"2025-09-23T10:59:39","date_gmt":"2025-09-23T06:59:39","guid":{"rendered":"https:\/\/setap.az\/?post_type=product&#038;p=20118"},"modified":"2025-09-23T10:59:43","modified_gmt":"2025-09-23T06:59:43","slug":"agilli-wi-fi-elektrik-yuvasi-tp-link-tapo-p100","status":"publish","type":"product","link":"https:\/\/setap.az\/?product=agilli-wi-fi-elektrik-yuvasi-tp-link-tapo-p100","title":{"rendered":"A\u011f\u0131ll\u0131 Wi-Fi Elektrik Yuvas\u0131 TP-Link Tapo P100"},"content":{"rendered":"<p>TP-Link Tapo P100 \u2014 A\u011f\u0131ll\u0131 Wi-Fi elektrik yuvas\u0131, m\u0259i\u015f\u0259t texnikas\u0131 \u00fc\u00e7\u00fcn a\u011f\u0131ll\u0131 k\u00f6m\u0259k\u00e7i.<\/p>\n<p>\u00dcst\u00fcnl\u00fckl\u0259ri:<\/p>\n<p>Uzaqdan idar\u0259etm\u0259 &#8211; Harada olursunuz olun, Tapo t\u0259tbiqi il\u0259 cihazlar\u0131n\u0131z\u0131 idar\u0259 edin.<br \/>\nC\u0259dv\u0259l &#8211; cihazlar\u0131 avtomatla\u015fd\u0131rmaq \u00fc\u00e7\u00fcn c\u0259dv\u0259l sistemi.<br \/>\nTaymer &#8211; qo\u015fulmu\u015f cihazlar \u00fc\u00e7\u00fcn geri sayma say\u011faclar\u0131n\u0131n siyah\u0131lar\u0131n\u0131n haz\u0131rlama funksiyas\u0131.<br \/>\nS\u0259sl\u0259 idar\u0259etm\u0259 &#8211; Marusya, Yandex Alice v\u0259 ya Google Assistant istifad\u0259 ed\u0259r\u0259k cihazlar\u0131n\u0131z\u0131 s\u0259sli idar\u0259 ed\u0259 bil\u0259rsiniz.<br \/>\n&#8220;Away Mode&#8221; rejimi &#8211; avtomatik olaraq m\u00fc\u0259yy\u0259n bir vaxtda cihazlar\u0131 qo\u015fur v\u0259 ya s\u00f6nd\u00fcr\u00fcr, evd\u0259 kims\u0259 oldu\u011fu g\u00f6r\u00fcnt\u00fcs\u00fcn yarad\u0131r.<br \/>\nSad\u0259 qura\u015fd\u0131rma v\u0259 istifad\u0259 &#8211; ayr\u0131ca idar\u0259etm\u0259 m\u0259rk\u0259zi t\u0259l\u0259b olunmur; mobil t\u0259tbiqetm\u0259d\u0259n istifad\u0259 ed\u0259r\u0259k asan qura\u015fd\u0131rma v\u0259 idar\u0259etm\u0259.<\/p>\n","protected":false},"excerpt":{"rendered":"<p>TP-Link Tapo P100 \u2014 A\u011f\u0131ll\u0131 Wi-Fi elektrik yuvas\u0131, m\u0259i\u015f\u0259t texnikas\u0131 \u00fc\u00e7\u00fcn a\u011f\u0131ll\u0131 k\u00f6m\u0259k\u00e7i. \u00dcst\u00fcnl\u00fckl\u0259ri: Uzaqdan idar\u0259etm\u0259 &#8211; Harada olursunuz olun, Tapo t\u0259tbiqi il\u0259 cihazlar\u0131n\u0131z\u0131 idar\u0259 edin. C\u0259dv\u0259l &#8211; cihazlar\u0131 avtomatla\u015fd\u0131rmaq \u00fc\u00e7\u00fcn c\u0259dv\u0259l sistemi. Taymer &#8211; qo\u015fulmu\u015f cihazlar \u00fc\u00e7\u00fcn geri sayma say\u011faclar\u0131n\u0131n siyah\u0131lar\u0131n\u0131n haz\u0131rlama funksiyas\u0131. S\u0259sl\u0259 idar\u0259etm\u0259 &#8211; Marusya, Yandex Alice v\u0259 ya Google Assistant istifad\u0259&hellip;<\/p>\n","protected":false},"featured_media":20119,"comment_status":"open","ping_status":"closed","template":"","meta":[],"product_cat":[3159,2999,2998],"product_tag":[3000,4878,4172,2938,4877,4875,4876,2926,4879,4170],"class_list":{"0":"post-20118","1":"product","2":"type-product","3":"status-publish","4":"has-post-thumbnail","6":"product_cat-agilli-avtomatlar","7":"product_cat-agilli-ev","8":"product_cat-vifi-elektrik-sondurucu","9":"product_tag-agilliev","10":"product_tag-agillipriz","11":"product_tag-enerjiqnati","12":"product_tag-smarthome","13":"product_tag-smartplug","14":"product_tag-tapo","15":"product_tag-tapop100","16":"product_tag-tplink","17":"product_tag-uzaqdanidaretm","18":"product_tag-wifipriz","19":"description-off","21":"first","22":"instock","23":"shipping-taxable","24":"purchasable","25":"product-type-simple"},"_links":{"self":[{"href":"https:\/\/setap.az\/index.php?rest_route=\/wp\/v2\/product\/20118","targetHints":{"allow":["GET"]}}],"collection":[{"href":"https:\/\/setap.az\/index.php?rest_route=\/wp\/v2\/product"}],"about":[{"href":"https:\/\/setap.az\/index.php?rest_route=\/wp\/v2\/types\/product"}],"replies":[{"embeddable":true,"href":"https:\/\/setap.az\/index.php?rest_route=%2Fwp%2Fv2%2Fcomments&post=20118"}],"wp:featuredmedia":[{"embeddable":true,"href":"https:\/\/setap.az\/index.php?rest_route=\/wp\/v2\/media\/20119"}],"wp:attachment":[{"href":"https:\/\/setap.az\/index.php?rest_route=%2Fwp%2Fv2%2Fmedia&parent=20118"}],"wp:term":[{"taxonomy":"product_cat","embeddable":true,"href":"https:\/\/setap.az\/index.php?rest_route=%2Fwp%2Fv2%2Fproduct_cat&post=20118"},{"taxonomy":"product_tag","embeddable":true,"href":"https:\/\/setap.az\/index.php?rest_route=%2Fwp%2Fv2%2Fproduct_tag&post=20118"}],"curies":[{"name":"wp","href":"https:\/\/api.w.org\/{rel}","templated":true}]}}