{"id":20137,"date":"2025-10-03T10:39:37","date_gmt":"2025-10-03T06:39:37","guid":{"rendered":"https:\/\/setap.az\/?post_type=product&#038;p=20137"},"modified":"2025-10-03T10:52:23","modified_gmt":"2025-10-03T06:52:23","slug":"20137","status":"publish","type":"product","link":"https:\/\/setap.az\/?product=20137","title":{"rendered":"Camera V380 4G"},"content":{"rendered":"<p>V380 Pro G\u00fcn\u0259\u015f Paneli v\u0259 Batareya il\u0259 Ba\u011fl\u0131 Xarici 4G CCTV Kamera, 3G IP Kamera, H\u0259r\u0259k\u0259t Detektoru<\/p>\n<p>TQ2 v380 G\u00fcn\u0259\u015f Paneli il\u0259 Ba\u011fl\u0131 Xarici 4G CCTV Kamera, 4MP Portativ CCTV Kamera, H\u0259r\u0259k\u0259t Detektoru<br \/>\nTQ2 (v380) 2 meqapiksel ay\u0131rdetm\u0259 qabiliyy\u0259tin\u0259 v\u0259 g\u00fcn\u0259\u015f panelin\u0259 malik a\u00e7\u0131q 4G PTZ kameras\u0131 m\u00fc\u015fahid\u0259 v\u0259 t\u0259hl\u00fck\u0259sizlik \u00fc\u00e7\u00fcn innovativ cihazd\u0131r. O, Amazon Alexa v\u0259 Echo Show il\u0259 inteqrasiyan\u0131 d\u0259st\u0259kl\u0259yir, s\u0259s \u0259mrl\u0259rind\u0259n istifad\u0259 ed\u0259r\u0259k kameran\u0131 idar\u0259 etm\u0259y\u0259 imkan verir.<\/p>\n<p>Kamera y\u00fcks\u0259k sabitlik v\u0259 performans \u00fc\u00e7\u00fcn m\u00fcasir Guoke \u00e7ipi il\u0259 t\u0259chiz olunub v\u0259 suya v\u0259 hava ke\u00e7irm\u0259z x\u00fcsusiyy\u0259tl\u0259ri say\u0259sind\u0259 a\u00e7\u0131q havada qura\u015fd\u0131rma \u00fc\u00e7\u00fcn n\u0259z\u0259rd\u0259 tutulub.<\/p>\n","protected":false},"excerpt":{"rendered":"<p>V380 Pro G\u00fcn\u0259\u015f Paneli v\u0259 Batareya il\u0259 Ba\u011fl\u0131 Xarici 4G CCTV Kamera, 3G IP Kamera, H\u0259r\u0259k\u0259t Detektoru TQ2 v380 G\u00fcn\u0259\u015f Paneli il\u0259 Ba\u011fl\u0131 Xarici 4G CCTV Kamera, 4MP Portativ CCTV Kamera, H\u0259r\u0259k\u0259t Detektoru TQ2 (v380) 2 meqapiksel ay\u0131rdetm\u0259 qabiliyy\u0259tin\u0259 v\u0259 g\u00fcn\u0259\u015f panelin\u0259 malik a\u00e7\u0131q 4G PTZ kameras\u0131 m\u00fc\u015fahid\u0259 v\u0259 t\u0259hl\u00fck\u0259sizlik \u00fc\u00e7\u00fcn innovativ cihazd\u0131r. O, Amazon&hellip;<\/p>\n","protected":false},"featured_media":20138,"comment_status":"open","ping_status":"closed","template":"","meta":[],"product_cat":[2803,2862],"product_tag":[4894,4893,4735,4892,3251,4895,3034,4891,4795,2929],"class_list":{"0":"post-20137","1":"product","2":"type-product","3":"status-publish","4":"has-post-thumbnail","6":"product_cat-ip","7":"product_cat-wifi-kameralar","8":"product_tag-3gipkamera","9":"product_tag-4gcctv","10":"product_tag-aciqhavakamera","11":"product_tag-batareyalikamera","12":"product_tag-gunspanelikamera","13":"product_tag-hrktdetektoru","14":"product_tag-thluksizliksistemi","15":"product_tag-v380pro","16":"product_tag-videonzart","17":"product_tag-wifikamera","18":"description-off","20":"first","21":"instock","22":"shipping-taxable","23":"purchasable","24":"product-type-simple"},"_links":{"self":[{"href":"https:\/\/setap.az\/index.php?rest_route=\/wp\/v2\/product\/20137","targetHints":{"allow":["GET"]}}],"collection":[{"href":"https:\/\/setap.az\/index.php?rest_route=\/wp\/v2\/product"}],"about":[{"href":"https:\/\/setap.az\/index.php?rest_route=\/wp\/v2\/types\/product"}],"replies":[{"embeddable":true,"href":"https:\/\/setap.az\/index.php?rest_route=%2Fwp%2Fv2%2Fcomments&post=20137"}],"wp:featuredmedia":[{"embeddable":true,"href":"https:\/\/setap.az\/index.php?rest_route=\/wp\/v2\/media\/20138"}],"wp:attachment":[{"href":"https:\/\/setap.az\/index.php?rest_route=%2Fwp%2Fv2%2Fmedia&parent=20137"}],"wp:term":[{"taxonomy":"product_cat","embeddable":true,"href":"https:\/\/setap.az\/index.php?rest_route=%2Fwp%2Fv2%2Fproduct_cat&post=20137"},{"taxonomy":"product_tag","embeddable":true,"href":"https:\/\/setap.az\/index.php?rest_route=%2Fwp%2Fv2%2Fproduct_tag&post=20137"}],"curies":[{"name":"wp","href":"https:\/\/api.w.org\/{rel}","templated":true}]}}