{"id":20140,"date":"2025-10-03T13:12:28","date_gmt":"2025-10-03T09:12:28","guid":{"rendered":"https:\/\/setap.az\/?post_type=product&#038;p=20140"},"modified":"2025-10-20T12:20:18","modified_gmt":"2025-10-20T08:20:18","slug":"tiandy-tc-c34qn-v5-0-ip-camera","status":"publish","type":"product","link":"https:\/\/setap.az\/?product=tiandy-tc-c34qn-v5-0-ip-camera","title":{"rendered":"Tiandy TC-C34QN V5.0 4MP IP Kamera"},"content":{"rendered":"<p>Tiandy TC-C34QN V5.0 IP kamera Spark seriyas\u0131ndan y\u00fcks\u0259k keyfiyy\u0259tli m\u00fc\u015fahid\u0259 kameras\u0131d\u0131r. O, 4 meqapiksellik t\u0259svir \u00f6l\u00e7\u00fcs\u00fcn\u0259 v\u0259 sabit 2,8 mm obyektiv\u0259 malikdir v\u0259 25 fps-\u0259 q\u0259d\u0259r kadr s\u00fcr\u0259tind\u0259 ayd\u0131n v\u0259 \u0259trafl\u0131 t\u0259svirl\u0259r t\u0259qdim edir. Kamera S+265\/H.265\/H.264\/M-JPEG video s\u0131x\u0131lmas\u0131n\u0131 d\u0259st\u0259kl\u0259yir v\u0259 30 metr\u0259 q\u0259d\u0259r diapazonda IR i\u015f\u0131qland\u0131rmas\u0131na malikdir.<\/p>\n<p>Bundan \u0259lav\u0259, kamera daxili mikrofona malikdir v\u0259 m\u0259nfi hava \u015f\u0259raitind\u0259n qorunmaq \u00fc\u00e7\u00fcn IP67 reytinqi il\u0259 \u00f6y\u00fcn\u0259n POE (Ethernet \u00fcz\u0259rind\u0259n g\u00fcc) d\u0259st\u0259kl\u0259yir. O, h\u0259r\u0259k\u0259t a\u015fkarlama x\u00fcsusiyy\u0259tl\u0259rin\u0259 malikdir v\u0259 h\u0259r\u0259k\u0259t a\u015fkarlanmas\u0131 v\u0259 ya IP \u00fcnvan\u0131 konfliktl\u0259ri \u0259sas\u0131nda h\u0259y\u0259can siqnallar\u0131n\u0131 i\u015f\u0259 salmaq \u00fc\u00e7\u00fcn konfiqurasiya edil\u0259 bil\u0259r.<\/p>\n<p>Tiandy TC-C34QN V5.0 IP kamera a\u015fa\u011f\u0131 v\u0259 ya s\u0131f\u0131r i\u015f\u0131qda, h\u0259ddind\u0259n art\u0131q temperaturda v\u0259 y\u00fcks\u0259k r\u00fctub\u0259td\u0259 qabaqc\u0131l x\u00fcsusiyy\u0259tl\u0259ri v\u0259 etibarl\u0131l\u0131\u011f\u0131 il\u0259 kommersiya binalar\u0131n\u0131, ofisl\u0259ri, avtomobil parklar\u0131n\u0131 v\u0259 dig\u0259r ictimai yerl\u0259ri izl\u0259m\u0259k v\u0259 m\u00fchafiz\u0259 etm\u0259k \u00fc\u00e7\u00fcn ideald\u0131r.<\/p>\n","protected":false},"excerpt":{"rendered":"<p>Tiandy TC-C34QN V5.0 IP kamera Spark seriyas\u0131ndan y\u00fcks\u0259k keyfiyy\u0259tli m\u00fc\u015fahid\u0259 kameras\u0131d\u0131r. O, 4 meqapiksellik t\u0259svir \u00f6l\u00e7\u00fcs\u00fcn\u0259 v\u0259 sabit 2,8 mm obyektiv\u0259 malikdir v\u0259 25 fps-\u0259 q\u0259d\u0259r kadr s\u00fcr\u0259tind\u0259 ayd\u0131n v\u0259 \u0259trafl\u0131 t\u0259svirl\u0259r t\u0259qdim edir. Kamera S+265\/H.265\/H.264\/M-JPEG video s\u0131x\u0131lmas\u0131n\u0131 d\u0259st\u0259kl\u0259yir v\u0259 30 metr\u0259 q\u0259d\u0259r diapazonda IR i\u015f\u0131qland\u0131rmas\u0131na malikdir. Bundan \u0259lav\u0259, kamera daxili mikrofona malikdir v\u0259 m\u0259nfi&hellip;<\/p>\n","protected":false},"featured_media":20141,"comment_status":"open","ping_status":"closed","template":"","meta":[],"product_cat":[2803,4896,2849,2841],"product_tag":[3390,3260,4900,4901,4902,4899,3051,4897,4898,4795],"class_list":{"0":"post-20140","1":"product","2":"type-product","3":"status-publish","4":"has-post-thumbnail","6":"product_cat-ip","7":"product_cat-tiandy","8":"product_cat-videokameralar","9":"product_cat-videonzart","10":"product_tag-4mpkamera","11":"product_tag-ipcamera","12":"product_tag-ipcctv","13":"product_tag-networkcamera","14":"product_tag-smartcctv","15":"product_tag-tandyc34qn","16":"product_tag-thluksizlikkamerasi","17":"product_tag-tiandy","18":"product_tag-tiandycamera","19":"product_tag-videonzart","20":"description-off","22":"first","23":"instock","24":"shipping-taxable","25":"purchasable","26":"product-type-simple"},"_links":{"self":[{"href":"https:\/\/setap.az\/index.php?rest_route=\/wp\/v2\/product\/20140","targetHints":{"allow":["GET"]}}],"collection":[{"href":"https:\/\/setap.az\/index.php?rest_route=\/wp\/v2\/product"}],"about":[{"href":"https:\/\/setap.az\/index.php?rest_route=\/wp\/v2\/types\/product"}],"replies":[{"embeddable":true,"href":"https:\/\/setap.az\/index.php?rest_route=%2Fwp%2Fv2%2Fcomments&post=20140"}],"wp:featuredmedia":[{"embeddable":true,"href":"https:\/\/setap.az\/index.php?rest_route=\/wp\/v2\/media\/20141"}],"wp:attachment":[{"href":"https:\/\/setap.az\/index.php?rest_route=%2Fwp%2Fv2%2Fmedia&parent=20140"}],"wp:term":[{"taxonomy":"product_cat","embeddable":true,"href":"https:\/\/setap.az\/index.php?rest_route=%2Fwp%2Fv2%2Fproduct_cat&post=20140"},{"taxonomy":"product_tag","embeddable":true,"href":"https:\/\/setap.az\/index.php?rest_route=%2Fwp%2Fv2%2Fproduct_tag&post=20140"}],"curies":[{"name":"wp","href":"https:\/\/api.w.org\/{rel}","templated":true}]}}