{"id":20157,"date":"2025-10-07T09:40:20","date_gmt":"2025-10-07T05:40:20","guid":{"rendered":"https:\/\/setap.az\/?post_type=product&#038;p=20157"},"modified":"2025-10-20T12:19:23","modified_gmt":"2025-10-20T08:19:23","slug":"tiandy-tc-c321n-i3-e-y-2-8mm-ip-kamera","status":"publish","type":"product","link":"https:\/\/setap.az\/?product=tiandy-tc-c321n-i3-e-y-2-8mm-ip-kamera","title":{"rendered":"Tiandy TC-C321N 2.8mm 2MP  IP Kamera"},"content":{"rendered":"<p>\u2714 Tiandy TC-C321N 2.8mm IP-kamera<br \/>\n2MP y\u00fcks\u0259k keyfiyy\u0259tli g\u00f6r\u00fcnt\u00fc t\u0259qdim ed\u0259n pe\u015f\u0259kar IP n\u0259zar\u0259t kamera<br \/>\n1\/3&#8243; CMOS<br \/>\nQura\u015fd\u0131r\u0131lm\u0131\u015f Mikrofon<br \/>\n100 d\u0259r\u0259c\u0259 bax\u0131\u015f buca\u011f\u0131<br \/>\n2,8 mm obyektiv<br \/>\nMin. \u0130\u015f\u0131\u011fa h\u0259ssasl\u0131q: 0.04 Lux<br \/>\nS\u0131x\u0131lma kodek: S+265\/H.265(HP)\/S+264\/H.264(HP, MP, BP)<br \/>\nA\u011f\u0131ll\u0131 IR 30m<br \/>\nT\u0259kmill\u0259\u015fdirm\u0259l\u0259r: BLC\/HLC\/Anti-duman\/3D DNR<br \/>\nONVIF Uy\u011funlu\u011fu (PROFILE S\/T)<br \/>\nIP67 Qoruma, 6W POE<br \/>\nKorpus: Metal+Plastik<\/p>\n","protected":false},"excerpt":{"rendered":"<p>\u2714 Tiandy TC-C321N 2.8mm IP-kamera 2MP y\u00fcks\u0259k keyfiyy\u0259tli g\u00f6r\u00fcnt\u00fc t\u0259qdim ed\u0259n pe\u015f\u0259kar IP n\u0259zar\u0259t kamera 1\/3&#8243; CMOS Qura\u015fd\u0131r\u0131lm\u0131\u015f Mikrofon 100 d\u0259r\u0259c\u0259 bax\u0131\u015f buca\u011f\u0131 2,8 mm obyektiv Min. \u0130\u015f\u0131\u011fa h\u0259ssasl\u0131q: 0.04 Lux S\u0131x\u0131lma kodek: S+265\/H.265(HP)\/S+264\/H.264(HP, MP, BP) A\u011f\u0131ll\u0131 IR 30m T\u0259kmill\u0259\u015fdirm\u0259l\u0259r: BLC\/HLC\/Anti-duman\/3D DNR ONVIF Uy\u011funlu\u011fu (PROFILE S\/T) IP67 Qoruma, 6W POE Korpus: Metal+Plastik<\/p>\n","protected":false},"featured_media":20156,"comment_status":"open","ping_status":"closed","template":"","meta":[],"product_cat":[2803,4896,2849,2841],"product_tag":[3297,3260,4900,4901,4902,4906,3051,4897,4898,4795],"class_list":{"0":"post-20157","1":"product","2":"type-product","3":"status-publish","4":"has-post-thumbnail","6":"product_cat-ip","7":"product_cat-tiandy","8":"product_cat-videokameralar","9":"product_cat-videonzart","10":"product_tag-3mpkamera","11":"product_tag-ipcamera","12":"product_tag-ipcctv","13":"product_tag-networkcamera","14":"product_tag-smartcctv","15":"product_tag-tandyc321n","16":"product_tag-thluksizlikkamerasi","17":"product_tag-tiandy","18":"product_tag-tiandycamera","19":"product_tag-videonzart","20":"description-off","22":"first","23":"instock","24":"shipping-taxable","25":"purchasable","26":"product-type-simple"},"_links":{"self":[{"href":"https:\/\/setap.az\/index.php?rest_route=\/wp\/v2\/product\/20157","targetHints":{"allow":["GET"]}}],"collection":[{"href":"https:\/\/setap.az\/index.php?rest_route=\/wp\/v2\/product"}],"about":[{"href":"https:\/\/setap.az\/index.php?rest_route=\/wp\/v2\/types\/product"}],"replies":[{"embeddable":true,"href":"https:\/\/setap.az\/index.php?rest_route=%2Fwp%2Fv2%2Fcomments&post=20157"}],"wp:featuredmedia":[{"embeddable":true,"href":"https:\/\/setap.az\/index.php?rest_route=\/wp\/v2\/media\/20156"}],"wp:attachment":[{"href":"https:\/\/setap.az\/index.php?rest_route=%2Fwp%2Fv2%2Fmedia&parent=20157"}],"wp:term":[{"taxonomy":"product_cat","embeddable":true,"href":"https:\/\/setap.az\/index.php?rest_route=%2Fwp%2Fv2%2Fproduct_cat&post=20157"},{"taxonomy":"product_tag","embeddable":true,"href":"https:\/\/setap.az\/index.php?rest_route=%2Fwp%2Fv2%2Fproduct_tag&post=20157"}],"curies":[{"name":"wp","href":"https:\/\/api.w.org\/{rel}","templated":true}]}}