{"id":20158,"date":"2025-10-07T10:00:50","date_gmt":"2025-10-07T06:00:50","guid":{"rendered":"https:\/\/setap.az\/?post_type=product&#038;p=20158"},"modified":"2025-10-20T12:18:56","modified_gmt":"2025-10-20T08:18:56","slug":"%d0%baamera-ip-tiandy-tc-c320n-i3-e-y-2-8mm","status":"publish","type":"product","link":"https:\/\/setap.az\/?product=%d0%baamera-ip-tiandy-tc-c320n-i3-e-y-2-8mm","title":{"rendered":"TIANDY TC-C320N 2.8mm 2MP  IP Kamera"},"content":{"rendered":"<p>TC-C320N 2.8mm<br \/>\nQ\u0259tnam\u0259: 2MP 1\/3&#8243; CMOS<br \/>\nQura\u015fd\u0131r\u0131lm\u0131\u015f mikrofon<br \/>\nBax\u0131\u015f buca\u011f\u0131: 100 d\u0259r\u0259c\u0259<br \/>\nLens: 2.8 mm<br \/>\nMin. i\u015f\u0131\u011fa h\u0259ssasl\u0131q: 0,04 l\u00fcks<br \/>\nS\u0131x\u0131lma kodek: S+265\/H.265(HP)\/S+264\/H.264(HP, MP, BP)<br \/>\nA\u011f\u0131ll\u0131 IR: 30 m<br \/>\nT\u0259kmill\u0259\u015fdirm\u0259l\u0259r BLC\/HLC\/Anti-duman\/3D DNR<br \/>\nONVIF Uy\u011funlu\u011fu (PROFILE S\/T)<br \/>\nIP40 M\u00fchafiz\u0259si<br \/>\nKorpus: Metal+Plastic<\/p>\n","protected":false},"excerpt":{"rendered":"<p>TC-C320N 2.8mm Q\u0259tnam\u0259: 2MP 1\/3&#8243; CMOS Qura\u015fd\u0131r\u0131lm\u0131\u015f mikrofon Bax\u0131\u015f buca\u011f\u0131: 100 d\u0259r\u0259c\u0259 Lens: 2.8 mm Min. i\u015f\u0131\u011fa h\u0259ssasl\u0131q: 0,04 l\u00fcks S\u0131x\u0131lma kodek: S+265\/H.265(HP)\/S+264\/H.264(HP, MP, BP) A\u011f\u0131ll\u0131 IR: 30 m T\u0259kmill\u0259\u015fdirm\u0259l\u0259r BLC\/HLC\/Anti-duman\/3D DNR ONVIF Uy\u011funlu\u011fu (PROFILE S\/T) IP40 M\u00fchafiz\u0259si Korpus: Metal+Plastic<\/p>\n","protected":false},"featured_media":20159,"comment_status":"open","ping_status":"closed","template":"","meta":[],"product_cat":[2803,4896,2849,2841],"product_tag":[4778,3583,3132,3049,3766,4901,4748,3130,4908,3051,4897,4907,4909,4911,4910,4912],"class_list":{"0":"post-20158","1":"product","2":"type-product","3":"status-publish","4":"has-post-thumbnail","6":"product_cat-ip","7":"product_cat-tiandy","8":"product_cat-videokameralar","9":"product_cat-videonzart","10":"product_tag-2-8mmlens","11":"product_tag-5mpkamera","12":"product_tag-cctv","13":"product_tag-ipkamera","14":"product_tag-ircamera","15":"product_tag-networkcamera","16":"product_tag-outdoorcamera","17":"product_tag-securitysystem","18":"product_tag-tcc320n","19":"product_tag-thluksizlikkamerasi","20":"product_tag-tiandy","21":"product_tag-tiandyc320n","22":"product_tag-tiandysecurity","23":"product_tag-tiandysmartcamera","24":"product_tag-tiandysurveillance","25":"product_tag-tiandytechnology","26":"description-off","28":"first","29":"instock","30":"shipping-taxable","31":"purchasable","32":"product-type-simple"},"_links":{"self":[{"href":"https:\/\/setap.az\/index.php?rest_route=\/wp\/v2\/product\/20158","targetHints":{"allow":["GET"]}}],"collection":[{"href":"https:\/\/setap.az\/index.php?rest_route=\/wp\/v2\/product"}],"about":[{"href":"https:\/\/setap.az\/index.php?rest_route=\/wp\/v2\/types\/product"}],"replies":[{"embeddable":true,"href":"https:\/\/setap.az\/index.php?rest_route=%2Fwp%2Fv2%2Fcomments&post=20158"}],"wp:featuredmedia":[{"embeddable":true,"href":"https:\/\/setap.az\/index.php?rest_route=\/wp\/v2\/media\/20159"}],"wp:attachment":[{"href":"https:\/\/setap.az\/index.php?rest_route=%2Fwp%2Fv2%2Fmedia&parent=20158"}],"wp:term":[{"taxonomy":"product_cat","embeddable":true,"href":"https:\/\/setap.az\/index.php?rest_route=%2Fwp%2Fv2%2Fproduct_cat&post=20158"},{"taxonomy":"product_tag","embeddable":true,"href":"https:\/\/setap.az\/index.php?rest_route=%2Fwp%2Fv2%2Fproduct_tag&post=20158"}],"curies":[{"name":"wp","href":"https:\/\/api.w.org\/{rel}","templated":true}]}}