{"id":20175,"date":"2025-10-07T16:53:49","date_gmt":"2025-10-07T12:53:49","guid":{"rendered":"https:\/\/setap.az\/?post_type=product&#038;p=20175"},"modified":"2025-10-20T12:00:00","modified_gmt":"2025-10-20T08:00:00","slug":"tiandy-tc-c321n-v2-0-ip-kamera-2mp","status":"publish","type":"product","link":"https:\/\/setap.az\/?product=tiandy-tc-c321n-v2-0-ip-kamera-2mp","title":{"rendered":"Tiandy TC-C321N V2.0 2MP IP Kamera"},"content":{"rendered":"<p>\u2714 Tiandy TC-C321N V2.0 IP-kamera<br \/>\n2MP y\u00fcks\u0259k keyfiyy\u0259tli g\u00f6r\u00fcnt\u00fc t\u0259qdim ed\u0259n pe\u015f\u0259kar IP n\u0259zar\u0259t kamera<br \/>\n1\/3&#8243; CMOS<br \/>\nQura\u015fd\u0131r\u0131lm\u0131\u015f Mikrofon<br \/>\n100 d\u0259r\u0259c\u0259 bax\u0131\u015f buca\u011f\u0131<br \/>\n2,8 mm obyektiv<br \/>\nMin. \u0130\u015f\u0131\u011fa h\u0259ssasl\u0131q: 0.04 Lux<br \/>\nS\u0131x\u0131lma kodek: S+265\/H.265(HP)\/S+264\/H.264(HP, MP, BP)<br \/>\nA\u011f\u0131ll\u0131 IR 30m<br \/>\nT\u0259kmill\u0259\u015fdirm\u0259l\u0259r: BLC\/HLC\/Anti-duman\/3D DNR<br \/>\nONVIF Uy\u011funlu\u011fu (PROFILE S\/T)<br \/>\nIP67 Qoruma, 6W POE<br \/>\nKorpus: Plastik<\/p>\n","protected":false},"excerpt":{"rendered":"<p>\u2714 Tiandy TC-C321N V2.0 IP-kamera 2MP y\u00fcks\u0259k keyfiyy\u0259tli g\u00f6r\u00fcnt\u00fc t\u0259qdim ed\u0259n pe\u015f\u0259kar IP n\u0259zar\u0259t kamera 1\/3&#8243; CMOS Qura\u015fd\u0131r\u0131lm\u0131\u015f Mikrofon 100 d\u0259r\u0259c\u0259 bax\u0131\u015f buca\u011f\u0131 2,8 mm obyektiv Min. \u0130\u015f\u0131\u011fa h\u0259ssasl\u0131q: 0.04 Lux S\u0131x\u0131lma kodek: S+265\/H.265(HP)\/S+264\/H.264(HP, MP, BP) A\u011f\u0131ll\u0131 IR 30m T\u0259kmill\u0259\u015fdirm\u0259l\u0259r: BLC\/HLC\/Anti-duman\/3D DNR ONVIF Uy\u011funlu\u011fu (PROFILE S\/T) IP67 Qoruma, 6W POE Korpus: Plastik<\/p>\n","protected":false},"featured_media":20168,"comment_status":"open","ping_status":"closed","template":"","meta":[],"product_cat":[2803,4896,2849],"product_tag":[4725,4724,4928,4780,4761,4926,4804,4932,4931,2937,3377,3260,4927,3764,3479,4748,3392,4930,2939,3791,3135,4925,4929],"class_list":{"0":"post-20175","1":"product","2":"type-product","3":"status-publish","4":"has-post-thumbnail","6":"product_cat-ip","7":"product_cat-tiandy","8":"product_cat-videokameralar","9":"product_tag-1080p","10":"product_tag-2mp","11":"product_tag-2mpcam","12":"product_tag-builtinmic","13":"product_tag-bulletcamera","14":"product_tag-colornightvision","15":"product_tag-fixedlens","16":"product_tag-h-264","17":"product_tag-h-265","18":"product_tag-homesecurity","19":"product_tag-ip67","20":"product_tag-ipcamera","21":"product_tag-lowlight","22":"product_tag-nightvision","23":"product_tag-onvif","24":"product_tag-outdoorcamera","25":"product_tag-poe","26":"product_tag-s265","27":"product_tag-securitycamera","28":"product_tag-smartir","29":"product_tag-surveillance","30":"product_tag-tiandytc321n","31":"product_tag-wideangle","32":"description-off","34":"first","35":"instock","36":"shipping-taxable","37":"purchasable","38":"product-type-simple"},"_links":{"self":[{"href":"https:\/\/setap.az\/index.php?rest_route=\/wp\/v2\/product\/20175","targetHints":{"allow":["GET"]}}],"collection":[{"href":"https:\/\/setap.az\/index.php?rest_route=\/wp\/v2\/product"}],"about":[{"href":"https:\/\/setap.az\/index.php?rest_route=\/wp\/v2\/types\/product"}],"replies":[{"embeddable":true,"href":"https:\/\/setap.az\/index.php?rest_route=%2Fwp%2Fv2%2Fcomments&post=20175"}],"wp:featuredmedia":[{"embeddable":true,"href":"https:\/\/setap.az\/index.php?rest_route=\/wp\/v2\/media\/20168"}],"wp:attachment":[{"href":"https:\/\/setap.az\/index.php?rest_route=%2Fwp%2Fv2%2Fmedia&parent=20175"}],"wp:term":[{"taxonomy":"product_cat","embeddable":true,"href":"https:\/\/setap.az\/index.php?rest_route=%2Fwp%2Fv2%2Fproduct_cat&post=20175"},{"taxonomy":"product_tag","embeddable":true,"href":"https:\/\/setap.az\/index.php?rest_route=%2Fwp%2Fv2%2Fproduct_tag&post=20175"}],"curies":[{"name":"wp","href":"https:\/\/api.w.org\/{rel}","templated":true}]}}