{"id":20176,"date":"2025-10-07T16:59:02","date_gmt":"2025-10-07T12:59:02","guid":{"rendered":"https:\/\/setap.az\/?post_type=product&#038;p=20176"},"modified":"2025-10-20T11:59:13","modified_gmt":"2025-10-20T07:59:13","slug":"tiandy-ip-kamera-tc-c320n-v2-0-2mp","status":"publish","type":"product","link":"https:\/\/setap.az\/?product=tiandy-ip-kamera-tc-c320n-v2-0-2mp","title":{"rendered":"Tiandy TC-C320N  V2.0 2MP  IP Kamera"},"content":{"rendered":"<p>Tiandy IP kamera TC-C320N  V2.0 2MP<br \/>\nPlastik korpus<br \/>\nS+265\/H.265\/H.264B\/H.264M\/H.264H<br \/>\nR\u0259ng: 0.02Lux@(F2.0, AGC ON), S\/B: IR il\u0259 0Lux<br \/>\nIR diapazonu 30 m<br \/>\nQura\u015fd\u0131r\u0131lm\u0131\u015f mikrofon<br \/>\nA\u011f\u0131ll\u0131 n\u0259zar\u0259ti d\u0259st\u0259kl\u0259yir<br \/>\n\u0130\u015f \u015f\u0259raiti: -30 \u2103 ~ 60 \u2103, r\u00fctub\u0259t 95% v\u0259 ya daha az<br \/>\nPOE 802.3af, MAX 3W<\/p>\n","protected":false},"excerpt":{"rendered":"<p>Tiandy IP kamera TC-C320N V2.0 2MP Plastik korpus S+265\/H.265\/H.264B\/H.264M\/H.264H R\u0259ng: 0.02Lux@(F2.0, AGC ON), S\/B: IR il\u0259 0Lux IR diapazonu 30 m Qura\u015fd\u0131r\u0131lm\u0131\u015f mikrofon A\u011f\u0131ll\u0131 n\u0259zar\u0259ti d\u0259st\u0259kl\u0259yir \u0130\u015f \u015f\u0259raiti: -30 \u2103 ~ 60 \u2103, r\u00fctub\u0259t 95% v\u0259 ya daha az POE 802.3af, MAX 3W<\/p>\n","protected":false},"featured_media":20177,"comment_status":"open","ping_status":"closed","template":"","meta":[],"product_cat":[2803,4896,2849,2841],"product_tag":[4725,4724,4928,4780,4761,4926,4804,4934,4787,2937,3377,3260,4927,3764,3479,4748,3392,2939,3791,3135,4933,4929],"class_list":{"0":"post-20176","1":"product","2":"type-product","3":"status-publish","4":"has-post-thumbnail","6":"product_cat-ip","7":"product_cat-tiandy","8":"product_cat-videokameralar","9":"product_cat-videonzart","10":"product_tag-1080p","11":"product_tag-2mp","12":"product_tag-2mpcam","13":"product_tag-builtinmic","14":"product_tag-bulletcamera","15":"product_tag-colornightvision","16":"product_tag-fixedlens","17":"product_tag-h264","18":"product_tag-h265","19":"product_tag-homesecurity","20":"product_tag-ip67","21":"product_tag-ipcamera","22":"product_tag-lowlight","23":"product_tag-nightvision","24":"product_tag-onvif","25":"product_tag-outdoorcamera","26":"product_tag-poe","27":"product_tag-securitycamera","28":"product_tag-smartir","29":"product_tag-surveillance","30":"product_tag-tiandytc320n","31":"product_tag-wideangle","32":"description-off","34":"first","35":"instock","36":"shipping-taxable","37":"purchasable","38":"product-type-simple"},"_links":{"self":[{"href":"https:\/\/setap.az\/index.php?rest_route=\/wp\/v2\/product\/20176","targetHints":{"allow":["GET"]}}],"collection":[{"href":"https:\/\/setap.az\/index.php?rest_route=\/wp\/v2\/product"}],"about":[{"href":"https:\/\/setap.az\/index.php?rest_route=\/wp\/v2\/types\/product"}],"replies":[{"embeddable":true,"href":"https:\/\/setap.az\/index.php?rest_route=%2Fwp%2Fv2%2Fcomments&post=20176"}],"wp:featuredmedia":[{"embeddable":true,"href":"https:\/\/setap.az\/index.php?rest_route=\/wp\/v2\/media\/20177"}],"wp:attachment":[{"href":"https:\/\/setap.az\/index.php?rest_route=%2Fwp%2Fv2%2Fmedia&parent=20176"}],"wp:term":[{"taxonomy":"product_cat","embeddable":true,"href":"https:\/\/setap.az\/index.php?rest_route=%2Fwp%2Fv2%2Fproduct_cat&post=20176"},{"taxonomy":"product_tag","embeddable":true,"href":"https:\/\/setap.az\/index.php?rest_route=%2Fwp%2Fv2%2Fproduct_tag&post=20176"}],"curies":[{"name":"wp","href":"https:\/\/api.w.org\/{rel}","templated":true}]}}