{"id":20180,"date":"2025-10-08T10:15:23","date_gmt":"2025-10-08T06:15:23","guid":{"rendered":"https:\/\/setap.az\/?post_type=product&#038;p=20180"},"modified":"2025-10-20T11:58:20","modified_gmt":"2025-10-20T07:58:20","slug":"tiandy-tc-c32wp-ip-kamera-2mp","status":"publish","type":"product","link":"https:\/\/setap.az\/?product=tiandy-tc-c32wp-ip-kamera-2mp","title":{"rendered":"TIANDY TC-C32WP 2MP IP Kamera"},"content":{"rendered":"<p>TIANDY TC-C32WP 2MP IP Kamera<br \/>\n\u00c7\u00f6z\u00fcn\u00fcrl\u00fck: 2MP<br \/>\nSensor: 1\/2.8&#8243; CMOS<br \/>\nR\u0259ng: 0.002 Lux<br \/>\nBax\u0131\u015f buca\u011f\u0131: 100.6\u00b0<br \/>\nS\u0131x\u0131lma kodek: S+265\/H.265\/H.369<br \/>\n1920\u00d71080@25 kadr\/s<br \/>\nM\u00fchafiz\u0259 reytinqi: IP67<br \/>\nA\u011f\u0131ll\u0131 IR, 50 m m\u0259saf\u0259<br \/>\nMicro SD kart yuvas\u0131: 512 GB<br \/>\nQura\u015fd\u0131r\u0131lm\u0131\u015f Mikrofon<br \/>\nKorpus: Metal &#8211; Plastik<\/p>\n","protected":false},"excerpt":{"rendered":"<p>TIANDY TC-C32WP 2MP IP Kamera \u00c7\u00f6z\u00fcn\u00fcrl\u00fck: 2MP Sensor: 1\/2.8&#8243; CMOS R\u0259ng: 0.002 Lux Bax\u0131\u015f buca\u011f\u0131: 100.6\u00b0 S\u0131x\u0131lma kodek: S+265\/H.265\/H.369 1920\u00d71080@25 kadr\/s M\u00fchafiz\u0259 reytinqi: IP67 A\u011f\u0131ll\u0131 IR, 50 m m\u0259saf\u0259 Micro SD kart yuvas\u0131: 512 GB Qura\u015fd\u0131r\u0131lm\u0131\u015f Mikrofon Korpus: Metal &#8211; Plastik<\/p>\n","protected":false},"featured_media":20156,"comment_status":"open","ping_status":"closed","template":"","meta":[],"product_cat":[2803,4896,2849,2841],"product_tag":[4725,4724,4780,4939,4804,4779,4936,3377,3049,4927,3764,3479,4748,3392,2939,3791,4741,3135,4938,4929],"class_list":{"0":"post-20180","1":"product","2":"type-product","3":"status-publish","4":"has-post-thumbnail","6":"product_cat-ip","7":"product_cat-tiandy","8":"product_cat-videokameralar","9":"product_cat-videonzart","10":"product_tag-1080p","11":"product_tag-2mp","12":"product_tag-builtinmic","13":"product_tag-colormaker","14":"product_tag-fixedlens","15":"product_tag-fullcolor","16":"product_tag-gecrngli","17":"product_tag-ip67","18":"product_tag-ipkamera","19":"product_tag-lowlight","20":"product_tag-nightvision","21":"product_tag-onvif","22":"product_tag-outdoorcamera","23":"product_tag-poe","24":"product_tag-securitycamera","25":"product_tag-smartir","26":"product_tag-starlight","27":"product_tag-surveillance","28":"product_tag-tiandytcc32wp","29":"product_tag-wideangle","30":"description-off","32":"first","33":"instock","34":"shipping-taxable","35":"purchasable","36":"product-type-simple"},"_links":{"self":[{"href":"https:\/\/setap.az\/index.php?rest_route=\/wp\/v2\/product\/20180","targetHints":{"allow":["GET"]}}],"collection":[{"href":"https:\/\/setap.az\/index.php?rest_route=\/wp\/v2\/product"}],"about":[{"href":"https:\/\/setap.az\/index.php?rest_route=\/wp\/v2\/types\/product"}],"replies":[{"embeddable":true,"href":"https:\/\/setap.az\/index.php?rest_route=%2Fwp%2Fv2%2Fcomments&post=20180"}],"wp:featuredmedia":[{"embeddable":true,"href":"https:\/\/setap.az\/index.php?rest_route=\/wp\/v2\/media\/20156"}],"wp:attachment":[{"href":"https:\/\/setap.az\/index.php?rest_route=%2Fwp%2Fv2%2Fmedia&parent=20180"}],"wp:term":[{"taxonomy":"product_cat","embeddable":true,"href":"https:\/\/setap.az\/index.php?rest_route=%2Fwp%2Fv2%2Fproduct_cat&post=20180"},{"taxonomy":"product_tag","embeddable":true,"href":"https:\/\/setap.az\/index.php?rest_route=%2Fwp%2Fv2%2Fproduct_tag&post=20180"}],"curies":[{"name":"wp","href":"https:\/\/api.w.org\/{rel}","templated":true}]}}