{"id":20187,"date":"2025-10-08T12:53:45","date_gmt":"2025-10-08T08:53:45","guid":{"rendered":"https:\/\/setap.az\/?post_type=product&#038;p=20187"},"modified":"2025-10-20T11:52:05","modified_gmt":"2025-10-20T07:52:05","slug":"tc-h363n-23mp-pt-wifi-kamera-tiandy-gece-rengli","status":"publish","type":"product","link":"https:\/\/setap.az\/?product=tc-h363n-23mp-pt-wifi-kamera-tiandy-gece-rengli","title":{"rendered":"Tiandy TC-H363N 2x3MP PT Gec\u0259 R\u0259ngli  WIFI  Kamera"},"content":{"rendered":"<p>TC-H363N 2*3MP PT WIFI NETWORK KAMERA TIANDY<br \/>\n2\u00d73MP dual lens texnologiyas\u0131 il\u0259 geni\u015f bucaq v\u0259 y\u00fcks\u0259k d\u0259qiqlikd\u0259 g\u00f6r\u00fcnt\u00fc t\u0259qdim edir.<br \/>\nPT (Pan\/Tilt) idar\u0259etm\u0259si v\u0259 WiFi ba\u011flant\u0131s\u0131 il\u0259 rahat qura\u015fd\u0131rma imkan\u0131 yarad\u0131r.<br \/>\nA\u00e7\u0131q v\u0259 qapal\u0131 m\u0259kanlar \u00fc\u00e7\u00fcn ideal IP kamera h\u0259llidir.<br \/>\nS\u0259s\tMikrofon<br \/>\nGec\u0259 g\u00f6rm\u0259 m\u0259saf\u0259si 50m<br \/>\nGec\u0259 R\u0259ngli<br \/>\nMicro SD\t512Gb<br \/>\n\u0130\u015f m\u00fchiti\tOutdoor<br \/>\nImage Sensor\t1\/3&#8243;CMOS<br \/>\nIP 66<\/p>\n","protected":false},"excerpt":{"rendered":"<p>TC-H363N 2*3MP PT WIFI NETWORK KAMERA TIANDY 2\u00d73MP dual lens texnologiyas\u0131 il\u0259 geni\u015f bucaq v\u0259 y\u00fcks\u0259k d\u0259qiqlikd\u0259 g\u00f6r\u00fcnt\u00fc t\u0259qdim edir. PT (Pan\/Tilt) idar\u0259etm\u0259si v\u0259 WiFi ba\u011flant\u0131s\u0131 il\u0259 rahat qura\u015fd\u0131rma imkan\u0131 yarad\u0131r. A\u00e7\u0131q v\u0259 qapal\u0131 m\u0259kanlar \u00fc\u00e7\u00fcn ideal IP kamera h\u0259llidir. S\u0259s Mikrofon Gec\u0259 g\u00f6rm\u0259 m\u0259saf\u0259si 50m Gec\u0259 R\u0259ngli Micro SD 512Gb \u0130\u015f m\u00fchiti Outdoor Image&hellip;<\/p>\n","protected":false},"featured_media":20188,"comment_status":"open","ping_status":"closed","template":"","meta":[],"product_cat":[2803,4896,2849,2841,2862],"product_tag":[4725,4955,4780,4939,4926,4954,4779,4936,2937,3260,4927,3764,4748,3761,4956,3791,3135,4953,3261,4957],"class_list":{"0":"post-20187","1":"product","2":"type-product","3":"status-publish","4":"has-post-thumbnail","6":"product_cat-ip","7":"product_cat-tiandy","8":"product_cat-videokameralar","9":"product_cat-videonzart","10":"product_cat-wifi-kameralar","11":"product_tag-1080p","12":"product_tag-2x3mp","13":"product_tag-builtinmic","14":"product_tag-colormaker","15":"product_tag-colornightvision","16":"product_tag-duallens","17":"product_tag-fullcolor","18":"product_tag-gecrngli","19":"product_tag-homesecurity","20":"product_tag-ipcamera","21":"product_tag-lowlight","22":"product_tag-nightvision","23":"product_tag-outdoorcamera","24":"product_tag-pantilt","25":"product_tag-ptcamera","26":"product_tag-smartir","27":"product_tag-surveillance","28":"product_tag-tiandytch363n","29":"product_tag-wificamera","30":"product_tag-wirelesssecurity","31":"description-off","33":"first","34":"instock","35":"shipping-taxable","36":"purchasable","37":"product-type-simple"},"_links":{"self":[{"href":"https:\/\/setap.az\/index.php?rest_route=\/wp\/v2\/product\/20187","targetHints":{"allow":["GET"]}}],"collection":[{"href":"https:\/\/setap.az\/index.php?rest_route=\/wp\/v2\/product"}],"about":[{"href":"https:\/\/setap.az\/index.php?rest_route=\/wp\/v2\/types\/product"}],"replies":[{"embeddable":true,"href":"https:\/\/setap.az\/index.php?rest_route=%2Fwp%2Fv2%2Fcomments&post=20187"}],"wp:featuredmedia":[{"embeddable":true,"href":"https:\/\/setap.az\/index.php?rest_route=\/wp\/v2\/media\/20188"}],"wp:attachment":[{"href":"https:\/\/setap.az\/index.php?rest_route=%2Fwp%2Fv2%2Fmedia&parent=20187"}],"wp:term":[{"taxonomy":"product_cat","embeddable":true,"href":"https:\/\/setap.az\/index.php?rest_route=%2Fwp%2Fv2%2Fproduct_cat&post=20187"},{"taxonomy":"product_tag","embeddable":true,"href":"https:\/\/setap.az\/index.php?rest_route=%2Fwp%2Fv2%2Fproduct_tag&post=20187"}],"curies":[{"name":"wp","href":"https:\/\/api.w.org\/{rel}","templated":true}]}}