{"id":20189,"date":"2025-10-08T13:24:10","date_gmt":"2025-10-08T09:24:10","guid":{"rendered":"https:\/\/setap.az\/?post_type=product&#038;p=20189"},"modified":"2025-10-20T11:53:38","modified_gmt":"2025-10-20T07:53:38","slug":"tiandy-tc-h334n-wifi-3mp-ip-kamera","status":"publish","type":"product","link":"https:\/\/setap.az\/?product=tiandy-tc-h334n-wifi-3mp-ip-kamera","title":{"rendered":"TIANDY TC-H334N  3MP IP  Gec\u0259 R\u0259ngli  WIFI  Kamera"},"content":{"rendered":"<p>TIANDY TC-H334N WIFI 3MP IP Kamera<br \/>\n\u00c7\u00f6z\u00fcn\u00fcrl\u00fck: 3MP<br \/>\nSensor: 1\/2.8&#8243; CMOS<br \/>\nR\u0259ng: 0.02 Lux<br \/>\nGec\u0259 R\u0259ngli<br \/>\nBax\u0131\u015f buca\u011f\u0131: 90.4\u00b0<br \/>\nS\u0131x\u0131lma kodek: S+265\/H.265\/H.264 2304&#215;1296@25 kadr\/s<br \/>\nM\u00fchafiz\u0259 reytinqi: IP67<br \/>\nA\u011f\u0131ll\u0131 IR, 50 m m\u0259saf\u0259<br \/>\n\u0130sti \u0130\u015f\u0131q (\u0130Q LED) 2 \u0259d\u0259d, 20-30m<br \/>\nMicro SD kart yuvas\u0131: 512 GB<br \/>\nWi-Fi d\u0259st\u0259yi<br \/>\nG\u00fcc: DC 12V \u00b125%<br \/>\nQura\u015fd\u0131r\u0131lm\u0131\u015f Mikrofon v\u0259 Dinamik<\/p>\n","protected":false},"excerpt":{"rendered":"<p>TIANDY TC-H334N WIFI 3MP IP Kamera \u00c7\u00f6z\u00fcn\u00fcrl\u00fck: 3MP Sensor: 1\/2.8&#8243; CMOS R\u0259ng: 0.02 Lux Gec\u0259 R\u0259ngli Bax\u0131\u015f buca\u011f\u0131: 90.4\u00b0 S\u0131x\u0131lma kodek: S+265\/H.265\/H.264 2304&#215;1296@25 kadr\/s M\u00fchafiz\u0259 reytinqi: IP67 A\u011f\u0131ll\u0131 IR, 50 m m\u0259saf\u0259 \u0130sti \u0130\u015f\u0131q (\u0130Q LED) 2 \u0259d\u0259d, 20-30m Micro SD kart yuvas\u0131: 512 GB Wi-Fi d\u0259st\u0259yi G\u00fcc: DC 12V \u00b125% Qura\u015fd\u0131r\u0131lm\u0131\u015f Mikrofon v\u0259 Dinamik<\/p>\n","protected":false},"featured_media":20190,"comment_status":"open","ping_status":"closed","template":"","meta":[],"product_cat":[2803,4896,2849,2841,2862],"product_tag":[4725,4769,4780,4926,4779,2937,4754,3260,4927,3764,4885,3791,3135,4958,3261,4957],"class_list":{"0":"post-20189","1":"product","2":"type-product","3":"status-publish","4":"has-post-thumbnail","6":"product_cat-ip","7":"product_cat-tiandy","8":"product_cat-videokameralar","9":"product_cat-videonzart","10":"product_cat-wifi-kameralar","11":"product_tag-1080p","12":"product_tag-3mp","13":"product_tag-builtinmic","14":"product_tag-colornightvision","15":"product_tag-fullcolor","16":"product_tag-homesecurity","17":"product_tag-indoorcamera","18":"product_tag-ipcamera","19":"product_tag-lowlight","20":"product_tag-nightvision","21":"product_tag-smartcam","22":"product_tag-smartir","23":"product_tag-surveillance","24":"product_tag-tiandytch334n","25":"product_tag-wificamera","26":"product_tag-wirelesssecurity","27":"description-off","29":"first","30":"instock","31":"shipping-taxable","32":"purchasable","33":"product-type-simple"},"_links":{"self":[{"href":"https:\/\/setap.az\/index.php?rest_route=\/wp\/v2\/product\/20189","targetHints":{"allow":["GET"]}}],"collection":[{"href":"https:\/\/setap.az\/index.php?rest_route=\/wp\/v2\/product"}],"about":[{"href":"https:\/\/setap.az\/index.php?rest_route=\/wp\/v2\/types\/product"}],"replies":[{"embeddable":true,"href":"https:\/\/setap.az\/index.php?rest_route=%2Fwp%2Fv2%2Fcomments&post=20189"}],"wp:featuredmedia":[{"embeddable":true,"href":"https:\/\/setap.az\/index.php?rest_route=\/wp\/v2\/media\/20190"}],"wp:attachment":[{"href":"https:\/\/setap.az\/index.php?rest_route=%2Fwp%2Fv2%2Fmedia&parent=20189"}],"wp:term":[{"taxonomy":"product_cat","embeddable":true,"href":"https:\/\/setap.az\/index.php?rest_route=%2Fwp%2Fv2%2Fproduct_cat&post=20189"},{"taxonomy":"product_tag","embeddable":true,"href":"https:\/\/setap.az\/index.php?rest_route=%2Fwp%2Fv2%2Fproduct_tag&post=20189"}],"curies":[{"name":"wp","href":"https:\/\/api.w.org\/{rel}","templated":true}]}}