{"id":20193,"date":"2025-10-08T14:11:04","date_gmt":"2025-10-08T10:11:04","guid":{"rendered":"https:\/\/setap.az\/?post_type=product&#038;p=20193"},"modified":"2025-10-20T11:52:51","modified_gmt":"2025-10-20T07:52:51","slug":"tiandy-tc%e2%80%91h332n-wifi-4mm-3mp-ip-kamera-gec%c9%99-r%c9%99ngli","status":"publish","type":"product","link":"https:\/\/setap.az\/?product=tiandy-tc%e2%80%91h332n-wifi-4mm-3mp-ip-kamera-gec%c9%99-r%c9%99ngli","title":{"rendered":"Tiandy TC\u2011H332N 4mm 3MP IP Gec\u0259 R\u0259ngli  WIFI  Kamera"},"content":{"rendered":"<p>TIANDY TC-H332N WIFI 4mm IP Kamera Gec\u0259 R\u0259ngli<br \/>\nQ\u0259tnam\u0259: 3MP, 1\/2.8&#8243; CMOS<br \/>\nQura\u015fd\u0131r\u0131lm\u0131\u015f mikrofon v\u0259 dinamik<br \/>\nBax\u0131\u015f buca\u011f\u0131: 82.4 d\u0259r\u0259c\u0259<br \/>\n4 mm lens<br \/>\nMin. i\u015f\u0131\u011fa h\u0259ssasl\u0131q: 0,02 l\u00fcks<br \/>\nAvtomatik izl\u0259m\u0259, Wi-Fi IEEE802.11b\/802.11g\/802.11n<br \/>\nS\u0131x\u0131lma kodek: S+265\/H.265 (HP)\/S+264\/H.264 (HP, MP, BP)<br \/>\nA\u011f\u0131ll\u0131 IR 20m<br \/>\nT\u0259kmill\u0259\u015fdirm\u0259l\u0259r: BLC\/HLC\/Anti-duman\/3D DNR<\/p>\n","protected":false},"excerpt":{"rendered":"<p>TIANDY TC-H332N WIFI 4mm IP Kamera Gec\u0259 R\u0259ngli Q\u0259tnam\u0259: 3MP, 1\/2.8&#8243; CMOS Qura\u015fd\u0131r\u0131lm\u0131\u015f mikrofon v\u0259 dinamik Bax\u0131\u015f buca\u011f\u0131: 82.4 d\u0259r\u0259c\u0259 4 mm lens Min. i\u015f\u0131\u011fa h\u0259ssasl\u0131q: 0,02 l\u00fcks Avtomatik izl\u0259m\u0259, Wi-Fi IEEE802.11b\/802.11g\/802.11n S\u0131x\u0131lma kodek: S+265\/H.265 (HP)\/S+264\/H.264 (HP, MP, BP) A\u011f\u0131ll\u0131 IR 20m T\u0259kmill\u0259\u015fdirm\u0259l\u0259r: BLC\/HLC\/Anti-duman\/3D DNR<\/p>\n","protected":false},"featured_media":20194,"comment_status":"open","ping_status":"closed","template":"","meta":[],"product_cat":[2803,4896,2841,2862],"product_tag":[4960,4769,4962,4779,4936,3299,2937,3264,3049,4927,4963,3761,4961,3791,3135,4959,2929],"class_list":{"0":"post-20193","1":"product","2":"type-product","3":"status-publish","4":"has-post-thumbnail","6":"product_cat-ip","7":"product_cat-tiandy","8":"product_cat-videonzart","9":"product_cat-wifi-kameralar","10":"product_tag-360drc","11":"product_tag-3mp","12":"product_tag-evdthluksizlik","13":"product_tag-fullcolor","14":"product_tag-gecrngli","15":"product_tag-hrktaskarlanmasi","16":"product_tag-homesecurity","17":"product_tag-ikitrfliss","18":"product_tag-ipkamera","19":"product_tag-lowlight","20":"product_tag-microsd512gb","21":"product_tag-pantilt","22":"product_tag-ssaskarlanmasi","23":"product_tag-smartir","24":"product_tag-surveillance","25":"product_tag-tiandytch332n","26":"product_tag-wifikamera","27":"description-off","29":"first","30":"instock","31":"shipping-taxable","32":"purchasable","33":"product-type-simple"},"_links":{"self":[{"href":"https:\/\/setap.az\/index.php?rest_route=\/wp\/v2\/product\/20193","targetHints":{"allow":["GET"]}}],"collection":[{"href":"https:\/\/setap.az\/index.php?rest_route=\/wp\/v2\/product"}],"about":[{"href":"https:\/\/setap.az\/index.php?rest_route=\/wp\/v2\/types\/product"}],"replies":[{"embeddable":true,"href":"https:\/\/setap.az\/index.php?rest_route=%2Fwp%2Fv2%2Fcomments&post=20193"}],"wp:featuredmedia":[{"embeddable":true,"href":"https:\/\/setap.az\/index.php?rest_route=\/wp\/v2\/media\/20194"}],"wp:attachment":[{"href":"https:\/\/setap.az\/index.php?rest_route=%2Fwp%2Fv2%2Fmedia&parent=20193"}],"wp:term":[{"taxonomy":"product_cat","embeddable":true,"href":"https:\/\/setap.az\/index.php?rest_route=%2Fwp%2Fv2%2Fproduct_cat&post=20193"},{"taxonomy":"product_tag","embeddable":true,"href":"https:\/\/setap.az\/index.php?rest_route=%2Fwp%2Fv2%2Fproduct_tag&post=20193"}],"curies":[{"name":"wp","href":"https:\/\/api.w.org\/{rel}","templated":true}]}}