{"id":20195,"date":"2025-10-08T15:07:33","date_gmt":"2025-10-08T11:07:33","guid":{"rendered":"https:\/\/setap.az\/?post_type=product&#038;p=20195"},"modified":"2025-10-08T15:07:34","modified_gmt":"2025-10-08T11:07:34","slug":"tiandy-nvr-tc-r3104-8mp-4-port","status":"publish","type":"product","link":"https:\/\/setap.az\/?product=tiandy-nvr-tc-r3104-8mp-4-port","title":{"rendered":"TIANDY NVR TC-R3104 8MP, 4 Port"},"content":{"rendered":"<p>TIANDY TC-R3104  IP Video Recorder<br \/>\n5 MP-\u0259 q\u0259d\u0259r q\u0259tnam\u0259 il\u0259 qo\u015fulmu\u015f kameralar\u0131n canl\u0131 g\u00f6r\u00fcnt\u00fcl\u0259nm\u0259sini, saxlanmas\u0131n\u0131 v\u0259 oynat\u0131lmas\u0131n\u0131 d\u0259st\u0259kl\u0259yir<br \/>\nGiri\u015f\/\u00e7\u0131x\u0131\u015f s\u00fcr\u0259ti: 60\/40 Mbit\/s<br \/>\nVideo formatlar\u0131: S+265\/H.265\/H.264<br \/>\n\u00dc\u00e7\u00fcnc\u00fc t\u0259r\u0259f \u015f\u0259b\u0259k\u0259 kameralar\u0131na qo\u015fulur<br \/>\n1 HDMI \u00e7\u0131x\u0131\u015f\u0131, USB giri\u015fi: 2xUSB 2.0<br \/>\n4\u00d710\/100BASE-T 802.3at, PoE enerji istehlak\u0131: 28 Vt<br \/>\n1\u00d7SATA III 3,5&#8221; 6 TB-\u0259 q\u0259d\u0259r<\/p>\n","protected":false},"excerpt":{"rendered":"<p>TIANDY TC-R3104 IP Video Recorder 5 MP-\u0259 q\u0259d\u0259r q\u0259tnam\u0259 il\u0259 qo\u015fulmu\u015f kameralar\u0131n canl\u0131 g\u00f6r\u00fcnt\u00fcl\u0259nm\u0259sini, saxlanmas\u0131n\u0131 v\u0259 oynat\u0131lmas\u0131n\u0131 d\u0259st\u0259kl\u0259yir Giri\u015f\/\u00e7\u0131x\u0131\u015f s\u00fcr\u0259ti: 60\/40 Mbit\/s Video formatlar\u0131: S+265\/H.265\/H.264 \u00dc\u00e7\u00fcnc\u00fc t\u0259r\u0259f \u015f\u0259b\u0259k\u0259 kameralar\u0131na qo\u015fulur 1 HDMI \u00e7\u0131x\u0131\u015f\u0131, USB giri\u015fi: 2xUSB 2.0 4\u00d710\/100BASE-T 802.3at, PoE enerji istehlak\u0131: 28 Vt 1\u00d7SATA III 3,5&#8221; 6 TB-\u0259 q\u0259d\u0259r<\/p>\n","protected":false},"featured_media":20196,"comment_status":"open","ping_status":"closed","template":"","meta":[],"product_cat":[4896,2850],"product_tag":[4966,4970,3165,4971,2937,4968,4967,4973,3479,4969,4974,3130,4975,3135,4965,4964,4972],"class_list":{"0":"post-20195","1":"product","2":"type-product","3":"status-publish","4":"has-post-thumbnail","6":"product_cat-tiandy","7":"product_cat-videoqeydiyyatcilar","8":"product_tag-4channelnvr","9":"product_tag-4ksupport","10":"product_tag-cctvsystem","11":"product_tag-hdrecording","12":"product_tag-homesecurity","13":"product_tag-ipcamerarecorder","14":"product_tag-networkvideorecorder","15":"product_tag-nvrdevice","16":"product_tag-onvif","17":"product_tag-poerecorder","18":"product_tag-securityequipment","19":"product_tag-securitysystem","20":"product_tag-smartsurveillance","21":"product_tag-surveillance","22":"product_tag-tiandynvr","23":"product_tag-tiandytcr3104","24":"product_tag-videostorage","25":"description-off","27":"first","28":"instock","29":"shipping-taxable","30":"purchasable","31":"product-type-simple"},"_links":{"self":[{"href":"https:\/\/setap.az\/index.php?rest_route=\/wp\/v2\/product\/20195","targetHints":{"allow":["GET"]}}],"collection":[{"href":"https:\/\/setap.az\/index.php?rest_route=\/wp\/v2\/product"}],"about":[{"href":"https:\/\/setap.az\/index.php?rest_route=\/wp\/v2\/types\/product"}],"replies":[{"embeddable":true,"href":"https:\/\/setap.az\/index.php?rest_route=%2Fwp%2Fv2%2Fcomments&post=20195"}],"wp:featuredmedia":[{"embeddable":true,"href":"https:\/\/setap.az\/index.php?rest_route=\/wp\/v2\/media\/20196"}],"wp:attachment":[{"href":"https:\/\/setap.az\/index.php?rest_route=%2Fwp%2Fv2%2Fmedia&parent=20195"}],"wp:term":[{"taxonomy":"product_cat","embeddable":true,"href":"https:\/\/setap.az\/index.php?rest_route=%2Fwp%2Fv2%2Fproduct_cat&post=20195"},{"taxonomy":"product_tag","embeddable":true,"href":"https:\/\/setap.az\/index.php?rest_route=%2Fwp%2Fv2%2Fproduct_tag&post=20195"}],"curies":[{"name":"wp","href":"https:\/\/api.w.org\/{rel}","templated":true}]}}